{"id":67072,"date":"2026-03-26T12:59:08","date_gmt":"2026-03-26T11:59:08","guid":{"rendered":"https:\/\/vitalstoffversand.com\/?post_type=product&#038;p=67072"},"modified":"2026-04-03T11:39:29","modified_gmt":"2026-04-03T09:39:29","slug":"gen-creatina-monohidratada-em-po-saco-1000-g-kopie","status":"publish","type":"product","link":"https:\/\/vitalstoffversand.com\/pt-pt\/produto\/gen-creatina-monohidratada-em-po-saco-1000-g-kopie\/","title":{"rendered":"GEN <br>Creatina monohidratada em p\u00f3 &#8211; Saco &#8211; 1000 g (Kopie)"},"content":{"rendered":"<p>Quase todos os desportistas ou entusiastas do fitness conhecem. <strong><span style=\"color: #0000ff;\"><a href=\"https:\/\/vitalstoffversand.com\/knowledge-base\/creatin-kreatin\/\" target=\"_blank\" rel=\"noopener\">\u2192 Monohidrato de creatina<\/a><\/span><\/strong>. Muitos utilizam-no regularmente ou j\u00e1 ouviram falar dele.<\/p>\n<p>A creatina \u00e9 \u00fatil porque serve como reserva de energia para o corpo.<\/p>\n<p>Embora a creatina seja produzida pelo nosso pr\u00f3prio corpo, faz todo o sentido apoiar o nosso organismo durante a pr\u00e1tica desportiva atrav\u00e9s da suplementa\u00e7\u00e3o de creatina.<\/p>\n<ul>\n<li>Vegano<\/li>\n<li>Sem gl\u00faten<\/li>\n<li>Sem lactose<\/li>\n<li>Sem OGM<\/li>\n<li>Produzido de acordo com rigorosos padr\u00f5es de qualidade da UE<\/li>\n<\/ul>\n","protected":false},"excerpt":{"rendered":"<p>Quase todos os desportistas ou entusiastas do fitness conhecem. \u2192 Monohidrato de creatina. Muitos utilizam-no regularmente ou j\u00e1 ouviram falar dele. A creatina \u00e9 \u00fatil porque serve como reserva de energia para o corpo. Embora a creatina seja produzida pelo nosso pr\u00f3prio corpo, faz todo o sentido apoiar o nosso organismo durante a pr\u00e1tica desportiva [&hellip;]<\/p>\n","protected":false},"featured_media":64723,"template":"","meta":{"_acf_changed":false},"product_brand":[10200],"product_cat":[562,537],"product_tag":[],"class_list":{"0":"post-67072","1":"product","2":"type-product","3":"status-publish","4":"has-post-thumbnail","6":"product_brand-gen-german-elite-nutrition-pt-pt","7":"product_cat-suplementos-desportivos","8":"product_cat-produtos-de-a-z","10":"first","11":"instock","12":"taxable","13":"shipping-taxable","14":"purchasable","15":"product-type-simple"},"acf":[],"_links":{"self":[{"href":"https:\/\/vitalstoffversand.com\/pt-pt\/wp-json\/wp\/v2\/product\/67072","targetHints":{"allow":["GET"]}}],"collection":[{"href":"https:\/\/vitalstoffversand.com\/pt-pt\/wp-json\/wp\/v2\/product"}],"about":[{"href":"https:\/\/vitalstoffversand.com\/pt-pt\/wp-json\/wp\/v2\/types\/product"}],"wp:featuredmedia":[{"embeddable":true,"href":"https:\/\/vitalstoffversand.com\/pt-pt\/wp-json\/wp\/v2\/media\/64723"}],"wp:attachment":[{"href":"https:\/\/vitalstoffversand.com\/pt-pt\/wp-json\/wp\/v2\/media?parent=67072"}],"wp:term":[{"taxonomy":"product_brand","embeddable":true,"href":"https:\/\/vitalstoffversand.com\/pt-pt\/wp-json\/wp\/v2\/product_brand?post=67072"},{"taxonomy":"product_cat","embeddable":true,"href":"https:\/\/vitalstoffversand.com\/pt-pt\/wp-json\/wp\/v2\/product_cat?post=67072"},{"taxonomy":"product_tag","embeddable":true,"href":"https:\/\/vitalstoffversand.com\/pt-pt\/wp-json\/wp\/v2\/product_tag?post=67072"}],"curies":[{"name":"wp","href":"https:\/\/api.w.org\/{rel}","templated":true}]}}