{"id":66829,"date":"2026-01-09T14:31:58","date_gmt":"2026-01-09T13:31:58","guid":{"rendered":"https:\/\/vitalstoffversand.com\/produkt\/vit4ever-complexo-pms-balance-180-capsulas\/"},"modified":"2026-03-21T15:52:31","modified_gmt":"2026-03-21T14:52:31","slug":"vit4ever-complexo-pms-balance-180-capsulas","status":"publish","type":"product","link":"https:\/\/vitalstoffversand.com\/pt-pt\/produto\/vit4ever-complexo-pms-balance-180-capsulas\/","title":{"rendered":"Vit4ever <br>Complexo PMS Balance &#8211; 180 c\u00e1psulas"},"content":{"rendered":"<p>O PMS Balance Complex \u00e9 uma combina\u00e7\u00e3o cuidadosamente selecionada de vitaminas, minerais e extratos vegetais, que pode ajudar as mulheres, especialmente em per\u00edodos de altera\u00e7\u00f5es hormonais.<\/p>\n<p>Os princ\u00edpios ativos Affron\u00ae (extrato de a\u00e7afr\u00e3o), Biofolate\u00ae (\u00e1cido f\u00f3lico), Rhodiola Rosea, Ashwagandha, erva-de-s\u00e3o-jo\u00e3o, bem como magn\u00e9sio, vitamina B6, B12, ferro e zinco complementam-se aqui de forma eficaz.<\/p>\n<ul>\n<li>Vegano<\/li>\n<li>Sem gl\u00faten<\/li>\n<li>Sem lactose<\/li>\n<li>Sem OGM<\/li>\n<li>Produzido de acordo com rigorosos padr\u00f5es de qualidade da UE<\/li>\n<\/ul>\n","protected":false},"excerpt":{"rendered":"<p>O PMS Balance Complex \u00e9 uma combina\u00e7\u00e3o cuidadosamente selecionada de vitaminas, minerais e extratos vegetais, que pode ajudar as mulheres, especialmente em per\u00edodos de altera\u00e7\u00f5es hormonais. Os princ\u00edpios ativos Affron\u00ae (extrato de a\u00e7afr\u00e3o), Biofolate\u00ae (\u00e1cido f\u00f3lico), Rhodiola Rosea, Ashwagandha, erva-de-s\u00e3o-jo\u00e3o, bem como magn\u00e9sio, vitamina B6, B12, ferro e zinco complementam-se aqui de forma eficaz. Vegano [&hellip;]<\/p>\n","protected":false},"featured_media":66823,"template":"","meta":{"_acf_changed":false},"product_brand":[10221],"product_cat":[559,537],"product_tag":[],"class_list":{"0":"post-66829","1":"product","2":"type-product","3":"status-publish","4":"has-post-thumbnail","6":"product_brand-vit4ever-pt-pt","7":"product_cat-nutrientes","8":"product_cat-produtos-de-a-z","10":"first","11":"instock","12":"taxable","13":"shipping-taxable","14":"purchasable","15":"product-type-simple"},"acf":[],"_links":{"self":[{"href":"https:\/\/vitalstoffversand.com\/pt-pt\/wp-json\/wp\/v2\/product\/66829","targetHints":{"allow":["GET"]}}],"collection":[{"href":"https:\/\/vitalstoffversand.com\/pt-pt\/wp-json\/wp\/v2\/product"}],"about":[{"href":"https:\/\/vitalstoffversand.com\/pt-pt\/wp-json\/wp\/v2\/types\/product"}],"wp:featuredmedia":[{"embeddable":true,"href":"https:\/\/vitalstoffversand.com\/pt-pt\/wp-json\/wp\/v2\/media\/66823"}],"wp:attachment":[{"href":"https:\/\/vitalstoffversand.com\/pt-pt\/wp-json\/wp\/v2\/media?parent=66829"}],"wp:term":[{"taxonomy":"product_brand","embeddable":true,"href":"https:\/\/vitalstoffversand.com\/pt-pt\/wp-json\/wp\/v2\/product_brand?post=66829"},{"taxonomy":"product_cat","embeddable":true,"href":"https:\/\/vitalstoffversand.com\/pt-pt\/wp-json\/wp\/v2\/product_cat?post=66829"},{"taxonomy":"product_tag","embeddable":true,"href":"https:\/\/vitalstoffversand.com\/pt-pt\/wp-json\/wp\/v2\/product_tag?post=66829"}],"curies":[{"name":"wp","href":"https:\/\/api.w.org\/{rel}","templated":true}]}}