{"id":66811,"date":"2026-01-09T14:30:58","date_gmt":"2026-01-09T13:30:58","guid":{"rendered":"https:\/\/vitalstoffversand.com\/produkt\/vit4ever-biotina-365-comprimidos\/"},"modified":"2026-03-21T15:52:34","modified_gmt":"2026-03-21T14:52:34","slug":"vit4ever-biotina-365-comprimidos","status":"publish","type":"product","link":"https:\/\/vitalstoffversand.com\/pt-pt\/produto\/vit4ever-biotina-365-comprimidos\/","title":{"rendered":"Vit4ever <br>Biotina &#8211; 365 comprimidos"},"content":{"rendered":"<p>A biotina \u00e9 tamb\u00e9m conhecida por muitos como <strong><span style=\"color: #0000ff;\"><a href=\"https:\/\/vitalstoffversand.com\/knowledge-base\/vitamin-b7-biotin\/\" target=\"_blank\" rel=\"noopener\">\u2192 vitamina B7<\/a><\/span><\/strong> e pertence ao grupo das vitaminas B, essenciais para o nosso organismo.<\/p>\n<p>A biotina \u00e9 hidrossol\u00favel, pelo que uma sobredosagem moderada e prolongada n\u00e3o \u00e9 perigosa.<\/p>\n<ul>\n<li>Vegano<\/li>\n<li>Sem gl\u00faten<\/li>\n<li>Sem lactose<\/li>\n<li>Sem OGM<\/li>\n<li>Produzido de acordo com rigorosos padr\u00f5es de qualidade da UE<\/li>\n<\/ul>\n","protected":false},"excerpt":{"rendered":"<p>A biotina \u00e9 tamb\u00e9m conhecida por muitos como \u2192 vitamina B7 e pertence ao grupo das vitaminas B, essenciais para o nosso organismo. A biotina \u00e9 hidrossol\u00favel, pelo que uma sobredosagem moderada e prolongada n\u00e3o \u00e9 perigosa. Vegano Sem gl\u00faten Sem lactose Sem OGM Produzido de acordo com rigorosos padr\u00f5es de qualidade da UE<\/p>\n","protected":false},"featured_media":66807,"template":"","meta":{"_acf_changed":false},"product_brand":[10221],"product_cat":[559,537],"product_tag":[],"class_list":{"0":"post-66811","1":"product","2":"type-product","3":"status-publish","4":"has-post-thumbnail","6":"product_brand-vit4ever-pt-pt","7":"product_cat-nutrientes","8":"product_cat-produtos-de-a-z","10":"first","11":"instock","12":"taxable","13":"shipping-taxable","14":"purchasable","15":"product-type-simple"},"acf":[],"_links":{"self":[{"href":"https:\/\/vitalstoffversand.com\/pt-pt\/wp-json\/wp\/v2\/product\/66811","targetHints":{"allow":["GET"]}}],"collection":[{"href":"https:\/\/vitalstoffversand.com\/pt-pt\/wp-json\/wp\/v2\/product"}],"about":[{"href":"https:\/\/vitalstoffversand.com\/pt-pt\/wp-json\/wp\/v2\/types\/product"}],"wp:featuredmedia":[{"embeddable":true,"href":"https:\/\/vitalstoffversand.com\/pt-pt\/wp-json\/wp\/v2\/media\/66807"}],"wp:attachment":[{"href":"https:\/\/vitalstoffversand.com\/pt-pt\/wp-json\/wp\/v2\/media?parent=66811"}],"wp:term":[{"taxonomy":"product_brand","embeddable":true,"href":"https:\/\/vitalstoffversand.com\/pt-pt\/wp-json\/wp\/v2\/product_brand?post=66811"},{"taxonomy":"product_cat","embeddable":true,"href":"https:\/\/vitalstoffversand.com\/pt-pt\/wp-json\/wp\/v2\/product_cat?post=66811"},{"taxonomy":"product_tag","embeddable":true,"href":"https:\/\/vitalstoffversand.com\/pt-pt\/wp-json\/wp\/v2\/product_tag?post=66811"}],"curies":[{"name":"wp","href":"https:\/\/api.w.org\/{rel}","templated":true}]}}