{"id":66775,"date":"2026-01-09T14:28:03","date_gmt":"2026-01-09T13:28:03","guid":{"rendered":"https:\/\/vitalstoffversand.com\/produkt\/vit4ever-collavant-n2-complexo-de-colagenio-tipo-2-60-capsulas\/"},"modified":"2026-03-21T15:52:36","modified_gmt":"2026-03-21T14:52:36","slug":"vit4ever-collavant-n2-complexo-de-colagenio-tipo-2-60-capsulas","status":"publish","type":"product","link":"https:\/\/vitalstoffversand.com\/pt-pt\/produto\/vit4ever-collavant-n2-complexo-de-colagenio-tipo-2-60-capsulas\/","title":{"rendered":"Vit4ever <br>Collavant\u00ae\u202fn2 &#8211; Complexo de colag\u00e9nio tipo 2 &#8211; 60 c\u00e1psulas"},"content":{"rendered":"<p>Complexo de colag\u00e9nio tipo II, constitu\u00eddo pela mat\u00e9ria-prima patenteada Collavant\u00ae n2 colag\u00e9nio, \u00e1cido hialur\u00f3nico e extrato de incenso, <strong><a href=\"https:\/\/vitalstoffversand.com\/knowledge-base\/vitamin-c\/\" target=\"_blank\" rel=\"noopener\"><span style=\"color: #0000ff;\">\u2192 vitamina C<\/span><\/a><\/strong> e <a href=\"https:\/\/vitalstoffversand.com\/knowledge-base\/mangan\/\" target=\"_blank\" rel=\"noopener\"><strong><span style=\"color: #0000ff;\">\u2192 mangan\u00eas<\/span><\/strong><\/a><span style=\"color: #000000;\">.<\/span><\/p>\n<p>Esta f\u00f3rmula oferece uma base nutricional cuidadosamente concebida para apoiar a sa\u00fade das articula\u00e7\u00f5es e do tecido conjuntivo.<\/p>\n<ul>\n<li>Sem gl\u00faten<\/li>\n<li>Sem lactose<\/li>\n<li>Sem OGM<\/li>\n<li>Produzido de acordo com rigorosos padr\u00f5es de qualidade da UE<\/li>\n<\/ul>\n","protected":false},"excerpt":{"rendered":"<p>Complexo de colag\u00e9nio tipo II, constitu\u00eddo pela mat\u00e9ria-prima patenteada Collavant\u00ae n2 colag\u00e9nio, \u00e1cido hialur\u00f3nico e extrato de incenso, \u2192 vitamina C e \u2192 mangan\u00eas. Esta f\u00f3rmula oferece uma base nutricional cuidadosamente concebida para apoiar a sa\u00fade das articula\u00e7\u00f5es e do tecido conjuntivo. Sem gl\u00faten Sem lactose Sem OGM Produzido de acordo com rigorosos padr\u00f5es de [&hellip;]<\/p>\n","protected":false},"featured_media":66772,"template":"","meta":{"_acf_changed":false},"product_brand":[10221],"product_cat":[559,537],"product_tag":[],"class_list":{"0":"post-66775","1":"product","2":"type-product","3":"status-publish","4":"has-post-thumbnail","6":"product_brand-vit4ever-pt-pt","7":"product_cat-nutrientes","8":"product_cat-produtos-de-a-z","10":"first","11":"instock","12":"taxable","13":"shipping-taxable","14":"purchasable","15":"product-type-simple"},"acf":[],"_links":{"self":[{"href":"https:\/\/vitalstoffversand.com\/pt-pt\/wp-json\/wp\/v2\/product\/66775","targetHints":{"allow":["GET"]}}],"collection":[{"href":"https:\/\/vitalstoffversand.com\/pt-pt\/wp-json\/wp\/v2\/product"}],"about":[{"href":"https:\/\/vitalstoffversand.com\/pt-pt\/wp-json\/wp\/v2\/types\/product"}],"wp:featuredmedia":[{"embeddable":true,"href":"https:\/\/vitalstoffversand.com\/pt-pt\/wp-json\/wp\/v2\/media\/66772"}],"wp:attachment":[{"href":"https:\/\/vitalstoffversand.com\/pt-pt\/wp-json\/wp\/v2\/media?parent=66775"}],"wp:term":[{"taxonomy":"product_brand","embeddable":true,"href":"https:\/\/vitalstoffversand.com\/pt-pt\/wp-json\/wp\/v2\/product_brand?post=66775"},{"taxonomy":"product_cat","embeddable":true,"href":"https:\/\/vitalstoffversand.com\/pt-pt\/wp-json\/wp\/v2\/product_cat?post=66775"},{"taxonomy":"product_tag","embeddable":true,"href":"https:\/\/vitalstoffversand.com\/pt-pt\/wp-json\/wp\/v2\/product_tag?post=66775"}],"curies":[{"name":"wp","href":"https:\/\/api.w.org\/{rel}","templated":true}]}}