{"id":66712,"date":"2026-02-24T14:14:24","date_gmt":"2026-02-24T13:14:24","guid":{"rendered":"https:\/\/vitalstoffversand.com\/produkt\/vit4ever-extrato-de-incenso-240-capsulas\/"},"modified":"2026-03-21T15:52:06","modified_gmt":"2026-03-21T14:52:06","slug":"vit4ever-extrato-de-incenso-240-capsulas","status":"publish","type":"product","link":"https:\/\/vitalstoffversand.com\/pt-pt\/produto\/vit4ever-extrato-de-incenso-240-capsulas\/","title":{"rendered":"Vit4ever <br>Extrato de incenso &#8211; 240 c\u00e1psulas"},"content":{"rendered":"<p>O incenso \u00e9 uma resina natural (ol\u00edbano) e \u00e9 apreciado h\u00e1 milhares de anos tanto na medicina popular ayurv\u00e9dica como pelos antigos eg\u00edpcios.<\/p>\n<p>Al\u00e9m de \u00f3leos essenciais, a resina cont\u00e9m tamb\u00e9m \u00e1cidos bosw\u00e9licos, que estimulam uma enzima respons\u00e1vel pela forma\u00e7\u00e3o de leucotrienos anti-inflamat\u00f3rios, o que tradicionalmente faz do incenso uma alternativa natural para dores articulares e inflama\u00e7\u00f5es intestinais.<\/p>\n<ul>\n<li>Vegano<\/li>\n<li>Sem gl\u00faten<\/li>\n<li>Sem lactose<\/li>\n<li>Sem OGM<\/li>\n<li>Produzido de acordo com rigorosos padr\u00f5es de qualidade da UE<\/li>\n<\/ul>\n","protected":false},"excerpt":{"rendered":"<p>O incenso \u00e9 uma resina natural (ol\u00edbano) e \u00e9 apreciado h\u00e1 milhares de anos tanto na medicina popular ayurv\u00e9dica como pelos antigos eg\u00edpcios. Al\u00e9m de \u00f3leos essenciais, a resina cont\u00e9m tamb\u00e9m \u00e1cidos bosw\u00e9licos, que estimulam uma enzima respons\u00e1vel pela forma\u00e7\u00e3o de leucotrienos anti-inflamat\u00f3rios, o que tradicionalmente faz do incenso uma alternativa natural para dores articulares [&hellip;]<\/p>\n","protected":false},"featured_media":66696,"template":"","meta":{"_acf_changed":false},"product_brand":[10221],"product_cat":[559,537],"product_tag":[],"class_list":{"0":"post-66712","1":"product","2":"type-product","3":"status-publish","4":"has-post-thumbnail","6":"product_brand-vit4ever-pt-pt","7":"product_cat-nutrientes","8":"product_cat-produtos-de-a-z","10":"first","11":"instock","12":"taxable","13":"shipping-taxable","14":"purchasable","15":"product-type-simple"},"acf":[],"_links":{"self":[{"href":"https:\/\/vitalstoffversand.com\/pt-pt\/wp-json\/wp\/v2\/product\/66712","targetHints":{"allow":["GET"]}}],"collection":[{"href":"https:\/\/vitalstoffversand.com\/pt-pt\/wp-json\/wp\/v2\/product"}],"about":[{"href":"https:\/\/vitalstoffversand.com\/pt-pt\/wp-json\/wp\/v2\/types\/product"}],"wp:featuredmedia":[{"embeddable":true,"href":"https:\/\/vitalstoffversand.com\/pt-pt\/wp-json\/wp\/v2\/media\/66696"}],"wp:attachment":[{"href":"https:\/\/vitalstoffversand.com\/pt-pt\/wp-json\/wp\/v2\/media?parent=66712"}],"wp:term":[{"taxonomy":"product_brand","embeddable":true,"href":"https:\/\/vitalstoffversand.com\/pt-pt\/wp-json\/wp\/v2\/product_brand?post=66712"},{"taxonomy":"product_cat","embeddable":true,"href":"https:\/\/vitalstoffversand.com\/pt-pt\/wp-json\/wp\/v2\/product_cat?post=66712"},{"taxonomy":"product_tag","embeddable":true,"href":"https:\/\/vitalstoffversand.com\/pt-pt\/wp-json\/wp\/v2\/product_tag?post=66712"}],"curies":[{"name":"wp","href":"https:\/\/api.w.org\/{rel}","templated":true}]}}