{"id":66577,"date":"2025-10-31T18:28:39","date_gmt":"2025-10-31T17:28:39","guid":{"rendered":"https:\/\/vitalstoffversand.com\/produkt\/vit4ever-proteina-vegana-yummy-varios-sabores\/"},"modified":"2025-10-31T18:28:39","modified_gmt":"2025-10-31T17:28:39","slug":"vit4ever-proteina-vegana-yummy-varios-sabores","status":"publish","type":"product","link":"https:\/\/vitalstoffversand.com\/pt-pt\/produto\/vit4ever-proteina-vegana-yummy-varios-sabores\/","title":{"rendered":"Vit4ever <br>Prote\u00edna Vegana Yummy &#8211; diferentes sabores"},"content":{"rendered":"<p>Ci\u00eancia nutricional de ponta, aliada a um sabor intenso e a um perfil de amino\u00e1cidos orientado para o desempenho.<\/p>\n<p>Prote\u00edna vegetal em 8 deliciosos sabores.<\/p>\n<p>Em embalagens de 908 gramas ou, em alternativa, em embalagens de amostra ou individuais.<\/p>\n<ul>\n<li>Vegano<\/li>\n<li>Sem gl\u00faten<\/li>\n<li>Sem lactose<\/li>\n<li>Sem OGM<\/li>\n<li>Produzido de acordo com rigorosos padr\u00f5es de qualidade da UE<\/li>\n<\/ul>\n","protected":false},"excerpt":{"rendered":"<p>Ci\u00eancia nutricional de ponta, aliada a um sabor intenso e a um perfil de amino\u00e1cidos orientado para o desempenho. Prote\u00edna vegetal em 8 deliciosos sabores. Em embalagens de 908 gramas ou, em alternativa, em embalagens de amostra ou individuais. Vegano Sem gl\u00faten Sem lactose Sem OGM Produzido de acordo com rigorosos padr\u00f5es de qualidade da [&hellip;]<\/p>\n","protected":false},"featured_media":66576,"template":"","meta":{"_acf_changed":false},"product_brand":[10221],"product_cat":[558,537],"product_tag":[],"class_list":{"0":"post-66577","1":"product","2":"type-product","3":"status-publish","4":"has-post-thumbnail","6":"product_brand-vit4ever-pt-pt","7":"product_cat-proteinas-pt","8":"product_cat-produtos-de-a-z","10":"first","11":"instock","12":"taxable","13":"shipping-taxable","14":"purchasable","15":"product-type-variable"},"acf":[],"_links":{"self":[{"href":"https:\/\/vitalstoffversand.com\/pt-pt\/wp-json\/wp\/v2\/product\/66577","targetHints":{"allow":["GET"]}}],"collection":[{"href":"https:\/\/vitalstoffversand.com\/pt-pt\/wp-json\/wp\/v2\/product"}],"about":[{"href":"https:\/\/vitalstoffversand.com\/pt-pt\/wp-json\/wp\/v2\/types\/product"}],"wp:featuredmedia":[{"embeddable":true,"href":"https:\/\/vitalstoffversand.com\/pt-pt\/wp-json\/wp\/v2\/media\/66576"}],"wp:attachment":[{"href":"https:\/\/vitalstoffversand.com\/pt-pt\/wp-json\/wp\/v2\/media?parent=66577"}],"wp:term":[{"taxonomy":"product_brand","embeddable":true,"href":"https:\/\/vitalstoffversand.com\/pt-pt\/wp-json\/wp\/v2\/product_brand?post=66577"},{"taxonomy":"product_cat","embeddable":true,"href":"https:\/\/vitalstoffversand.com\/pt-pt\/wp-json\/wp\/v2\/product_cat?post=66577"},{"taxonomy":"product_tag","embeddable":true,"href":"https:\/\/vitalstoffversand.com\/pt-pt\/wp-json\/wp\/v2\/product_tag?post=66577"}],"curies":[{"name":"wp","href":"https:\/\/api.w.org\/{rel}","templated":true}]}}