{"id":66403,"date":"2025-10-08T13:32:20","date_gmt":"2025-10-08T11:32:20","guid":{"rendered":"https:\/\/vitalstoffversand.com\/produkt\/vit4ever-pasta-de-amendoa-torrada-escura-e-crocante-1000-g\/"},"modified":"2026-03-21T15:53:02","modified_gmt":"2026-03-21T14:53:02","slug":"vit4ever-pasta-de-amendoa-torrada-escura-e-crocante-1000-g","status":"publish","type":"product","link":"https:\/\/vitalstoffversand.com\/pt-pt\/produto\/vit4ever-pasta-de-amendoa-torrada-escura-e-crocante-1000-g\/","title":{"rendered":"Vit4ever <br>Pasta de am\u00eandoa torrada escura e crocante &#8211; 1000 g"},"content":{"rendered":"<p>Manteiga de am\u00eandoa torrada escura com um sabor intenso a am\u00eandoa e uma consist\u00eancia cremosa e crocante.<\/p>\n<p>\u00c9 composto por 99% de am\u00eandoas torradas n\u00e3o descascadas.<\/p>\n<p>Saboroso e rico em prote\u00ednas.<\/p>\n<p>Nota: \u00c9 normal que o \u00f3leo flutue neste produto. Basta mexer um pouco para recuperar a consist\u00eancia cremosa. <\/p>\n<ul>\n<li>Vegano<\/li>\n<li>Sem gl\u00faten<\/li>\n<li>Sem lactose<\/li>\n<li>Sem \u00f3leo de palma<\/li>\n<li>Sem adi\u00e7\u00e3o de a\u00e7\u00facar<\/li>\n<li>Sem OGM<\/li>\n<li>Produzido de acordo com rigorosos padr\u00f5es de qualidade da UE<\/li>\n<\/ul>\n","protected":false},"excerpt":{"rendered":"<p>Manteiga de am\u00eandoa torrada escura com um sabor intenso a am\u00eandoa e uma consist\u00eancia cremosa e crocante. \u00c9 composto por 99% de am\u00eandoas torradas n\u00e3o descascadas. Saboroso e rico em prote\u00ednas. Nota: \u00c9 normal que o \u00f3leo flutue neste produto. Basta mexer um pouco para recuperar a consist\u00eancia cremosa. Vegano Sem gl\u00faten Sem lactose Sem [&hellip;]<\/p>\n","protected":false},"featured_media":58762,"template":"","meta":{"_acf_changed":false},"product_brand":[10221],"product_cat":[550,537],"product_tag":[],"class_list":{"0":"post-66403","1":"product","2":"type-product","3":"status-publish","4":"has-post-thumbnail","6":"product_brand-vit4ever-pt-pt","7":"product_cat-cozinhar-e-petiscar","8":"product_cat-produtos-de-a-z","10":"first","11":"outofstock","12":"taxable","13":"shipping-taxable","14":"purchasable","15":"product-type-simple"},"acf":[],"_links":{"self":[{"href":"https:\/\/vitalstoffversand.com\/pt-pt\/wp-json\/wp\/v2\/product\/66403","targetHints":{"allow":["GET"]}}],"collection":[{"href":"https:\/\/vitalstoffversand.com\/pt-pt\/wp-json\/wp\/v2\/product"}],"about":[{"href":"https:\/\/vitalstoffversand.com\/pt-pt\/wp-json\/wp\/v2\/types\/product"}],"wp:featuredmedia":[{"embeddable":true,"href":"https:\/\/vitalstoffversand.com\/pt-pt\/wp-json\/wp\/v2\/media\/58762"}],"wp:attachment":[{"href":"https:\/\/vitalstoffversand.com\/pt-pt\/wp-json\/wp\/v2\/media?parent=66403"}],"wp:term":[{"taxonomy":"product_brand","embeddable":true,"href":"https:\/\/vitalstoffversand.com\/pt-pt\/wp-json\/wp\/v2\/product_brand?post=66403"},{"taxonomy":"product_cat","embeddable":true,"href":"https:\/\/vitalstoffversand.com\/pt-pt\/wp-json\/wp\/v2\/product_cat?post=66403"},{"taxonomy":"product_tag","embeddable":true,"href":"https:\/\/vitalstoffversand.com\/pt-pt\/wp-json\/wp\/v2\/product_tag?post=66403"}],"curies":[{"name":"wp","href":"https:\/\/api.w.org\/{rel}","templated":true}]}}