{"id":66375,"date":"2025-10-08T13:28:04","date_gmt":"2025-10-08T11:28:04","guid":{"rendered":"https:\/\/vitalstoffversand.com\/produkt\/vit4ever-cafe-com-proteina-vegana-barista-varios-sabores\/"},"modified":"2026-03-18T15:31:45","modified_gmt":"2026-03-18T14:31:45","slug":"vit4ever-cafe-com-proteina-vegana-barista-varios-sabores","status":"publish","type":"product","link":"https:\/\/vitalstoffversand.com\/pt-pt\/produto\/vit4ever-cafe-com-proteina-vegana-barista-varios-sabores\/","title":{"rendered":"Vit4ever <br>Caf\u00e9 com Prote\u00edna Vegana Barista &#8211; diferentes sabores"},"content":{"rendered":"<p>O isolado de prote\u00edna de fava de alta qualidade, combinado com caf\u00e9 instant\u00e2neo, d\u00e1 origem ao Barista Vegan Protein Coffee, um caf\u00e9 vegetal.<\/p>\n<p>Desfruta da prote\u00edna vegetal com o sabor da variante Classic Coffee cremosa ou na vers\u00e3o Matcha com um toque de caf\u00e9.<\/p>\n<ul>\n<li>Vegano<\/li>\n<li>Sem gl\u00faten<\/li>\n<li>Sem OGM<\/li>\n<li>Produzido de acordo com rigorosos padr\u00f5es de qualidade da UE<\/li>\n<\/ul>\n","protected":false},"excerpt":{"rendered":"<p>O isolado de prote\u00edna de fava de alta qualidade, combinado com caf\u00e9 instant\u00e2neo, d\u00e1 origem ao Barista Vegan Protein Coffee, um caf\u00e9 vegetal. Desfruta da prote\u00edna vegetal com o sabor da variante Classic Coffee cremosa ou na vers\u00e3o Matcha com um toque de caf\u00e9. Vegano Sem gl\u00faten Sem OGM Produzido de acordo com rigorosos padr\u00f5es [&hellip;]<\/p>\n","protected":false},"featured_media":58650,"template":"","meta":{"_acf_changed":false},"product_brand":[10221],"product_cat":[558,537],"product_tag":[],"class_list":{"0":"post-66375","1":"product","2":"type-product","3":"status-publish","4":"has-post-thumbnail","6":"product_brand-vit4ever-pt-pt","7":"product_cat-proteinas-pt","8":"product_cat-produtos-de-a-z","10":"first","11":"instock","12":"taxable","13":"shipping-taxable","14":"purchasable","15":"product-type-variable"},"acf":[],"_links":{"self":[{"href":"https:\/\/vitalstoffversand.com\/pt-pt\/wp-json\/wp\/v2\/product\/66375","targetHints":{"allow":["GET"]}}],"collection":[{"href":"https:\/\/vitalstoffversand.com\/pt-pt\/wp-json\/wp\/v2\/product"}],"about":[{"href":"https:\/\/vitalstoffversand.com\/pt-pt\/wp-json\/wp\/v2\/types\/product"}],"wp:featuredmedia":[{"embeddable":true,"href":"https:\/\/vitalstoffversand.com\/pt-pt\/wp-json\/wp\/v2\/media\/58650"}],"wp:attachment":[{"href":"https:\/\/vitalstoffversand.com\/pt-pt\/wp-json\/wp\/v2\/media?parent=66375"}],"wp:term":[{"taxonomy":"product_brand","embeddable":true,"href":"https:\/\/vitalstoffversand.com\/pt-pt\/wp-json\/wp\/v2\/product_brand?post=66375"},{"taxonomy":"product_cat","embeddable":true,"href":"https:\/\/vitalstoffversand.com\/pt-pt\/wp-json\/wp\/v2\/product_cat?post=66375"},{"taxonomy":"product_tag","embeddable":true,"href":"https:\/\/vitalstoffversand.com\/pt-pt\/wp-json\/wp\/v2\/product_tag?post=66375"}],"curies":[{"name":"wp","href":"https:\/\/api.w.org\/{rel}","templated":true}]}}