{"id":66307,"date":"2025-10-08T13:26:25","date_gmt":"2025-10-08T11:26:25","guid":{"rendered":"https:\/\/vitalstoffversand.com\/produkt\/vit4ever-barista-whey-protein-coffee-varios-sabores\/"},"modified":"2025-10-08T13:26:25","modified_gmt":"2025-10-08T11:26:25","slug":"vit4ever-barista-whey-protein-coffee-varios-sabores","status":"publish","type":"product","link":"https:\/\/vitalstoffversand.com\/pt-pt\/produto\/vit4ever-barista-whey-protein-coffee-varios-sabores\/","title":{"rendered":"Vit4ever <br>Barista Whey Protein Coffee &#8211; diferentes sabores"},"content":{"rendered":"<p>Quem tem de escolher entre caf\u00e9 e batido de prote\u00ednas pela manh\u00e3 fica num dilema.<\/p>\n<p>O caf\u00e9 Barista Protein poupa-te essa dificuldade de escolha, pois combina o melhor dos dois mundos.<\/p>\n<p>O sabor intenso do caf\u00e9 combina com prote\u00edna de soro de leite de alta qualidade, com lactase adicionada para facilitar a digest\u00e3o.<\/p>\n<ul>\n<li>Sem gl\u00faten<\/li>\n<li>Sem OGM<\/li>\n<li>Produzido de acordo com rigorosos padr\u00f5es de qualidade da UE<\/li>\n<\/ul>\n","protected":false},"excerpt":{"rendered":"<p>Quem tem de escolher entre caf\u00e9 e batido de prote\u00ednas pela manh\u00e3 fica num dilema. O caf\u00e9 Barista Protein poupa-te essa dificuldade de escolha, pois combina o melhor dos dois mundos. O sabor intenso do caf\u00e9 combina com prote\u00edna de soro de leite de alta qualidade, com lactase adicionada para facilitar a digest\u00e3o. Sem gl\u00faten [&hellip;]<\/p>\n","protected":false},"featured_media":58586,"template":"","meta":{"_acf_changed":false},"product_brand":[10221],"product_cat":[558,537],"product_tag":[],"class_list":{"0":"post-66307","1":"product","2":"type-product","3":"status-publish","4":"has-post-thumbnail","6":"product_brand-vit4ever-pt-pt","7":"product_cat-proteinas-pt","8":"product_cat-produtos-de-a-z","10":"first","11":"instock","12":"taxable","13":"shipping-taxable","14":"purchasable","15":"product-type-variable"},"acf":[],"_links":{"self":[{"href":"https:\/\/vitalstoffversand.com\/pt-pt\/wp-json\/wp\/v2\/product\/66307","targetHints":{"allow":["GET"]}}],"collection":[{"href":"https:\/\/vitalstoffversand.com\/pt-pt\/wp-json\/wp\/v2\/product"}],"about":[{"href":"https:\/\/vitalstoffversand.com\/pt-pt\/wp-json\/wp\/v2\/types\/product"}],"wp:featuredmedia":[{"embeddable":true,"href":"https:\/\/vitalstoffversand.com\/pt-pt\/wp-json\/wp\/v2\/media\/58586"}],"wp:attachment":[{"href":"https:\/\/vitalstoffversand.com\/pt-pt\/wp-json\/wp\/v2\/media?parent=66307"}],"wp:term":[{"taxonomy":"product_brand","embeddable":true,"href":"https:\/\/vitalstoffversand.com\/pt-pt\/wp-json\/wp\/v2\/product_brand?post=66307"},{"taxonomy":"product_cat","embeddable":true,"href":"https:\/\/vitalstoffversand.com\/pt-pt\/wp-json\/wp\/v2\/product_cat?post=66307"},{"taxonomy":"product_tag","embeddable":true,"href":"https:\/\/vitalstoffversand.com\/pt-pt\/wp-json\/wp\/v2\/product_tag?post=66307"}],"curies":[{"name":"wp","href":"https:\/\/api.w.org\/{rel}","templated":true}]}}