{"id":66252,"date":"2025-07-07T17:24:45","date_gmt":"2025-07-07T15:24:45","guid":{"rendered":"https:\/\/vitalstoffversand.com\/produkt\/vit4ever-oleo-de-oregaos-biologico-e-azeite-90-capsulas\/"},"modified":"2025-07-07T17:24:45","modified_gmt":"2025-07-07T15:24:45","slug":"vit4ever-oleo-de-oregaos-biologico-e-azeite-90-capsulas","status":"publish","type":"product","link":"https:\/\/vitalstoffversand.com\/pt-pt\/produto\/vit4ever-oleo-de-oregaos-biologico-e-azeite-90-capsulas\/","title":{"rendered":"Vit4ever <br>\u00d3leo de or\u00e9g\u00e3os biol\u00f3gico e azeite &#8211; 90 c\u00e1psulas"},"content":{"rendered":"<p>A combina\u00e7\u00e3o de azeite virgem extra biol\u00f3gico e \u00f3leo de or\u00e9g\u00e3os biol\u00f3gico oferece-te os benef\u00edcios de ambos os \u00f3leos numa \u00fanica c\u00e1psula.<\/p>\n<p>O \u00f3leo de or\u00e9g\u00e3os cont\u00e9m 80% de carvacrol e a sua origem em cultivo biol\u00f3gico controlado garante a m\u00e1xima qualidade dos \u00f3leos.<\/p>\n<ul>\n<li>Vegano<\/li>\n<li>Sem gl\u00faten<\/li>\n<li>Sem lactose<\/li>\n<li>Sem OGM<\/li>\n<li>Produzido de acordo com rigorosos padr\u00f5es de qualidade da UE<\/li>\n<\/ul>\n","protected":false},"excerpt":{"rendered":"<p>A combina\u00e7\u00e3o de azeite virgem extra biol\u00f3gico e \u00f3leo de or\u00e9g\u00e3os biol\u00f3gico oferece-te os benef\u00edcios de ambos os \u00f3leos numa \u00fanica c\u00e1psula. O \u00f3leo de or\u00e9g\u00e3os cont\u00e9m 80% de carvacrol e a sua origem em cultivo biol\u00f3gico controlado garante a m\u00e1xima qualidade dos \u00f3leos. Vegano Sem gl\u00faten Sem lactose Sem OGM Produzido de acordo com [&hellip;]<\/p>\n","protected":false},"featured_media":58442,"template":"","meta":{"_acf_changed":false},"product_brand":[10221],"product_cat":[559,538,537],"product_tag":[],"class_list":{"0":"post-66252","1":"product","2":"type-product","3":"status-publish","4":"has-post-thumbnail","6":"product_brand-vit4ever-pt-pt","7":"product_cat-nutrientes","8":"product_cat-organico-pt","9":"product_cat-produtos-de-a-z","11":"first","12":"instock","13":"taxable","14":"shipping-taxable","15":"purchasable","16":"product-type-simple"},"acf":[],"_links":{"self":[{"href":"https:\/\/vitalstoffversand.com\/pt-pt\/wp-json\/wp\/v2\/product\/66252","targetHints":{"allow":["GET"]}}],"collection":[{"href":"https:\/\/vitalstoffversand.com\/pt-pt\/wp-json\/wp\/v2\/product"}],"about":[{"href":"https:\/\/vitalstoffversand.com\/pt-pt\/wp-json\/wp\/v2\/types\/product"}],"wp:featuredmedia":[{"embeddable":true,"href":"https:\/\/vitalstoffversand.com\/pt-pt\/wp-json\/wp\/v2\/media\/58442"}],"wp:attachment":[{"href":"https:\/\/vitalstoffversand.com\/pt-pt\/wp-json\/wp\/v2\/media?parent=66252"}],"wp:term":[{"taxonomy":"product_brand","embeddable":true,"href":"https:\/\/vitalstoffversand.com\/pt-pt\/wp-json\/wp\/v2\/product_brand?post=66252"},{"taxonomy":"product_cat","embeddable":true,"href":"https:\/\/vitalstoffversand.com\/pt-pt\/wp-json\/wp\/v2\/product_cat?post=66252"},{"taxonomy":"product_tag","embeddable":true,"href":"https:\/\/vitalstoffversand.com\/pt-pt\/wp-json\/wp\/v2\/product_tag?post=66252"}],"curies":[{"name":"wp","href":"https:\/\/api.w.org\/{rel}","templated":true}]}}