{"id":66247,"date":"2025-07-07T17:22:43","date_gmt":"2025-07-07T15:22:43","guid":{"rendered":"https:\/\/vitalstoffversand.com\/produkt\/vit4ever-manteiga-de-amendoim-chocolate-branco-500-g\/"},"modified":"2025-07-07T17:22:43","modified_gmt":"2025-07-07T15:22:43","slug":"vit4ever-manteiga-de-amendoim-chocolate-branco-500-g","status":"publish","type":"product","link":"https:\/\/vitalstoffversand.com\/pt-pt\/produto\/vit4ever-manteiga-de-amendoim-chocolate-branco-500-g\/","title":{"rendered":"Vit4ever <br>Manteiga de amendoim + chocolate branco &#8211; 500 g"},"content":{"rendered":"<p>Manteiga de amendoim com chocolate branco.<\/p>\n<p>A sua textura delicada e cremosa proporciona um prazer puro e oferece in\u00fameras possibilidades de utiliza\u00e7\u00e3o.<\/p>\n<p>Nota: \u00c9 normal que o \u00f3leo flutue neste produto. Basta mexer um pouco para recuperar a consist\u00eancia cremosa. <\/p>\n<ul>\n<li>70 % de amendoins torrados + 30 % de chocolate branco<\/li>\n<li>Sem adi\u00e7\u00e3o de a\u00e7\u00facar<\/li>\n<li>Sem \u00f3leo de palma<\/li>\n<li>Elevado teor de fibra alimentar e prote\u00edna<\/li>\n<\/ul>\n","protected":false},"excerpt":{"rendered":"<p>Manteiga de amendoim com chocolate branco. A sua textura delicada e cremosa proporciona um prazer puro e oferece in\u00fameras possibilidades de utiliza\u00e7\u00e3o. Nota: \u00c9 normal que o \u00f3leo flutue neste produto. Basta mexer um pouco para recuperar a consist\u00eancia cremosa. 70 % de amendoins torrados + 30 % de chocolate branco Sem adi\u00e7\u00e3o de a\u00e7\u00facar [&hellip;]<\/p>\n","protected":false},"featured_media":58410,"template":"","meta":{"_acf_changed":false},"product_brand":[10221],"product_cat":[550,537],"product_tag":[],"class_list":{"0":"post-66247","1":"product","2":"type-product","3":"status-publish","4":"has-post-thumbnail","6":"product_brand-vit4ever-pt-pt","7":"product_cat-cozinhar-e-petiscar","8":"product_cat-produtos-de-a-z","10":"first","11":"instock","12":"taxable","13":"shipping-taxable","14":"purchasable","15":"product-type-simple"},"acf":[],"_links":{"self":[{"href":"https:\/\/vitalstoffversand.com\/pt-pt\/wp-json\/wp\/v2\/product\/66247","targetHints":{"allow":["GET"]}}],"collection":[{"href":"https:\/\/vitalstoffversand.com\/pt-pt\/wp-json\/wp\/v2\/product"}],"about":[{"href":"https:\/\/vitalstoffversand.com\/pt-pt\/wp-json\/wp\/v2\/types\/product"}],"wp:featuredmedia":[{"embeddable":true,"href":"https:\/\/vitalstoffversand.com\/pt-pt\/wp-json\/wp\/v2\/media\/58410"}],"wp:attachment":[{"href":"https:\/\/vitalstoffversand.com\/pt-pt\/wp-json\/wp\/v2\/media?parent=66247"}],"wp:term":[{"taxonomy":"product_brand","embeddable":true,"href":"https:\/\/vitalstoffversand.com\/pt-pt\/wp-json\/wp\/v2\/product_brand?post=66247"},{"taxonomy":"product_cat","embeddable":true,"href":"https:\/\/vitalstoffversand.com\/pt-pt\/wp-json\/wp\/v2\/product_cat?post=66247"},{"taxonomy":"product_tag","embeddable":true,"href":"https:\/\/vitalstoffversand.com\/pt-pt\/wp-json\/wp\/v2\/product_tag?post=66247"}],"curies":[{"name":"wp","href":"https:\/\/api.w.org\/{rel}","templated":true}]}}