{"id":66216,"date":"2025-06-11T17:04:31","date_gmt":"2025-06-11T15:04:31","guid":{"rendered":"https:\/\/vitalstoffversand.com\/produkt\/vit4ever-ginseng-panax-vermelho-180-capsulas\/"},"modified":"2025-06-11T17:04:31","modified_gmt":"2025-06-11T15:04:31","slug":"vit4ever-ginseng-panax-vermelho-180-capsulas","status":"publish","type":"product","link":"https:\/\/vitalstoffversand.com\/pt-pt\/produto\/vit4ever-ginseng-panax-vermelho-180-capsulas\/","title":{"rendered":"Vit4ever <br>Ginseng Panax vermelho &#8211; 180 c\u00e1psulas"},"content":{"rendered":"<p>O ginseng coreano (Panax ginseng C.A. Meyer) \u00e9, h\u00e1 j\u00e1 s\u00e9culos, um dos rem\u00e9dios naturais mais valiosos da medicina asi\u00e1tica.<\/p>\n<p>O extrato 20:1 fornece-te 120 mg de ginsenos\u00eddeos em cada c\u00e1psula.<\/p>\n<ul>\n<li>Vegano<\/li>\n<li>Sem gl\u00faten<\/li>\n<li>Sem lactose<\/li>\n<li>Sem OGM<\/li>\n<li>Produzido de acordo com rigorosos padr\u00f5es de qualidade da UE<\/li>\n<\/ul>\n","protected":false},"excerpt":{"rendered":"<p>O ginseng coreano (Panax ginseng C.A. Meyer) \u00e9, h\u00e1 j\u00e1 s\u00e9culos, um dos rem\u00e9dios naturais mais valiosos da medicina asi\u00e1tica. O extrato 20:1 fornece-te 120 mg de ginsenos\u00eddeos em cada c\u00e1psula. Vegano Sem gl\u00faten Sem lactose Sem OGM Produzido de acordo com rigorosos padr\u00f5es de qualidade da UE<\/p>\n","protected":false},"featured_media":58322,"template":"","meta":{"_acf_changed":false},"product_brand":[10221],"product_cat":[559,537],"product_tag":[],"class_list":{"0":"post-66216","1":"product","2":"type-product","3":"status-publish","4":"has-post-thumbnail","6":"product_brand-vit4ever-pt-pt","7":"product_cat-nutrientes","8":"product_cat-produtos-de-a-z","10":"first","11":"instock","12":"taxable","13":"shipping-taxable","14":"purchasable","15":"product-type-simple"},"acf":[],"_links":{"self":[{"href":"https:\/\/vitalstoffversand.com\/pt-pt\/wp-json\/wp\/v2\/product\/66216","targetHints":{"allow":["GET"]}}],"collection":[{"href":"https:\/\/vitalstoffversand.com\/pt-pt\/wp-json\/wp\/v2\/product"}],"about":[{"href":"https:\/\/vitalstoffversand.com\/pt-pt\/wp-json\/wp\/v2\/types\/product"}],"wp:featuredmedia":[{"embeddable":true,"href":"https:\/\/vitalstoffversand.com\/pt-pt\/wp-json\/wp\/v2\/media\/58322"}],"wp:attachment":[{"href":"https:\/\/vitalstoffversand.com\/pt-pt\/wp-json\/wp\/v2\/media?parent=66216"}],"wp:term":[{"taxonomy":"product_brand","embeddable":true,"href":"https:\/\/vitalstoffversand.com\/pt-pt\/wp-json\/wp\/v2\/product_brand?post=66216"},{"taxonomy":"product_cat","embeddable":true,"href":"https:\/\/vitalstoffversand.com\/pt-pt\/wp-json\/wp\/v2\/product_cat?post=66216"},{"taxonomy":"product_tag","embeddable":true,"href":"https:\/\/vitalstoffversand.com\/pt-pt\/wp-json\/wp\/v2\/product_tag?post=66216"}],"curies":[{"name":"wp","href":"https:\/\/api.w.org\/{rel}","templated":true}]}}