{"id":66189,"date":"2025-06-11T17:01:02","date_gmt":"2025-06-11T15:01:02","guid":{"rendered":"https:\/\/vitalstoffversand.com\/produkt\/vit4ever-extrato-de-cha-verde-300-comprimidos\/"},"modified":"2025-06-11T17:01:02","modified_gmt":"2025-06-11T15:01:02","slug":"vit4ever-extrato-de-cha-verde-300-comprimidos","status":"publish","type":"product","link":"https:\/\/vitalstoffversand.com\/pt-pt\/produto\/vit4ever-extrato-de-cha-verde-300-comprimidos\/","title":{"rendered":"Vit4ever <br>Extrato de ch\u00e1 verde &#8211; 300 comprimidos"},"content":{"rendered":"<p>O ch\u00e1 verde \u00e9 apreciado h\u00e1 mil\u00e9nios, pois al\u00e9m de ter um sabor agrad\u00e1vel, \u00e9 rico em subst\u00e2ncias vegetais ben\u00e9ficas.<\/p>\n<p>Cont\u00e9m, entre outros, polifen\u00f3is e catequinas, o que o torna um ingrediente popular nos suplementos alimentares modernos.<\/p>\n<ul>\n<li>Vegano<\/li>\n<li>Sem gl\u00faten<\/li>\n<li>Sem lactose<\/li>\n<li>Sem OGM<\/li>\n<li>Produzido de acordo com rigorosos padr\u00f5es de qualidade da UE<\/li>\n<\/ul>\n","protected":false},"excerpt":{"rendered":"<p>O ch\u00e1 verde \u00e9 apreciado h\u00e1 mil\u00e9nios, pois al\u00e9m de ter um sabor agrad\u00e1vel, \u00e9 rico em subst\u00e2ncias vegetais ben\u00e9ficas. Cont\u00e9m, entre outros, polifen\u00f3is e catequinas, o que o torna um ingrediente popular nos suplementos alimentares modernos. Vegano Sem gl\u00faten Sem lactose Sem OGM Produzido de acordo com rigorosos padr\u00f5es de qualidade da UE<\/p>\n","protected":false},"featured_media":58274,"template":"","meta":{"_acf_changed":false},"product_brand":[10221],"product_cat":[559,537],"product_tag":[],"class_list":{"0":"post-66189","1":"product","2":"type-product","3":"status-publish","4":"has-post-thumbnail","6":"product_brand-vit4ever-pt-pt","7":"product_cat-nutrientes","8":"product_cat-produtos-de-a-z","10":"first","11":"instock","12":"taxable","13":"shipping-taxable","14":"purchasable","15":"product-type-simple"},"acf":[],"_links":{"self":[{"href":"https:\/\/vitalstoffversand.com\/pt-pt\/wp-json\/wp\/v2\/product\/66189","targetHints":{"allow":["GET"]}}],"collection":[{"href":"https:\/\/vitalstoffversand.com\/pt-pt\/wp-json\/wp\/v2\/product"}],"about":[{"href":"https:\/\/vitalstoffversand.com\/pt-pt\/wp-json\/wp\/v2\/types\/product"}],"wp:featuredmedia":[{"embeddable":true,"href":"https:\/\/vitalstoffversand.com\/pt-pt\/wp-json\/wp\/v2\/media\/58274"}],"wp:attachment":[{"href":"https:\/\/vitalstoffversand.com\/pt-pt\/wp-json\/wp\/v2\/media?parent=66189"}],"wp:term":[{"taxonomy":"product_brand","embeddable":true,"href":"https:\/\/vitalstoffversand.com\/pt-pt\/wp-json\/wp\/v2\/product_brand?post=66189"},{"taxonomy":"product_cat","embeddable":true,"href":"https:\/\/vitalstoffversand.com\/pt-pt\/wp-json\/wp\/v2\/product_cat?post=66189"},{"taxonomy":"product_tag","embeddable":true,"href":"https:\/\/vitalstoffversand.com\/pt-pt\/wp-json\/wp\/v2\/product_tag?post=66189"}],"curies":[{"name":"wp","href":"https:\/\/api.w.org\/{rel}","templated":true}]}}