{"id":66183,"date":"2025-06-11T16:59:36","date_gmt":"2025-06-11T14:59:36","guid":{"rendered":"https:\/\/vitalstoffversand.com\/produkt\/vit4ever-dente-de-leao-biologico-240-capsulas\/"},"modified":"2025-06-11T16:59:36","modified_gmt":"2025-06-11T14:59:36","slug":"vit4ever-dente-de-leao-biologico-240-capsulas","status":"publish","type":"product","link":"https:\/\/vitalstoffversand.com\/pt-pt\/produto\/vit4ever-dente-de-leao-biologico-240-capsulas\/","title":{"rendered":"Vit4ever <br>Dente-de-le\u00e3o biol\u00f3gico &#8211; 240 c\u00e1psulas"},"content":{"rendered":"<p>O dente-de-le\u00e3o \u00e9 considerado h\u00e1 s\u00e9culos um rem\u00e9dio caseiro tradicional e tem m\u00faltiplas utiliza\u00e7\u00f5es.<\/p>\n<p>Um extrato de alta qualidade na propor\u00e7\u00e3o de 10:1 da raiz de dente-de-le\u00e3o (Taraxacum officinale) fornece-lhe todos os componentes (subst\u00e2ncias amargas, fitoqu\u00edmicos) da raiz desta planta discreta, mas valiosa, em qualidade biol\u00f3gica.<\/p>\n<ul>\n<li>Vegano<\/li>\n<li>Sem gl\u00faten<\/li>\n<li>Sem lactose<\/li>\n<li>Sem OGM<\/li>\n<li>Produzido de acordo com rigorosos padr\u00f5es de qualidade da UE<\/li>\n<\/ul>\n","protected":false},"excerpt":{"rendered":"<p>O dente-de-le\u00e3o \u00e9 considerado h\u00e1 s\u00e9culos um rem\u00e9dio caseiro tradicional e tem m\u00faltiplas utiliza\u00e7\u00f5es. Um extrato de alta qualidade na propor\u00e7\u00e3o de 10:1 da raiz de dente-de-le\u00e3o (Taraxacum officinale) fornece-lhe todos os componentes (subst\u00e2ncias amargas, fitoqu\u00edmicos) da raiz desta planta discreta, mas valiosa, em qualidade biol\u00f3gica. Vegano Sem gl\u00faten Sem lactose Sem OGM Produzido de [&hellip;]<\/p>\n","protected":false},"featured_media":58234,"template":"","meta":{"_acf_changed":false},"product_brand":[10221],"product_cat":[559,538,537],"product_tag":[],"class_list":{"0":"post-66183","1":"product","2":"type-product","3":"status-publish","4":"has-post-thumbnail","6":"product_brand-vit4ever-pt-pt","7":"product_cat-nutrientes","8":"product_cat-organico-pt","9":"product_cat-produtos-de-a-z","11":"first","12":"outofstock","13":"taxable","14":"shipping-taxable","15":"purchasable","16":"product-type-simple"},"acf":[],"_links":{"self":[{"href":"https:\/\/vitalstoffversand.com\/pt-pt\/wp-json\/wp\/v2\/product\/66183","targetHints":{"allow":["GET"]}}],"collection":[{"href":"https:\/\/vitalstoffversand.com\/pt-pt\/wp-json\/wp\/v2\/product"}],"about":[{"href":"https:\/\/vitalstoffversand.com\/pt-pt\/wp-json\/wp\/v2\/types\/product"}],"wp:featuredmedia":[{"embeddable":true,"href":"https:\/\/vitalstoffversand.com\/pt-pt\/wp-json\/wp\/v2\/media\/58234"}],"wp:attachment":[{"href":"https:\/\/vitalstoffversand.com\/pt-pt\/wp-json\/wp\/v2\/media?parent=66183"}],"wp:term":[{"taxonomy":"product_brand","embeddable":true,"href":"https:\/\/vitalstoffversand.com\/pt-pt\/wp-json\/wp\/v2\/product_brand?post=66183"},{"taxonomy":"product_cat","embeddable":true,"href":"https:\/\/vitalstoffversand.com\/pt-pt\/wp-json\/wp\/v2\/product_cat?post=66183"},{"taxonomy":"product_tag","embeddable":true,"href":"https:\/\/vitalstoffversand.com\/pt-pt\/wp-json\/wp\/v2\/product_tag?post=66183"}],"curies":[{"name":"wp","href":"https:\/\/api.w.org\/{rel}","templated":true}]}}