{"id":66172,"date":"2025-04-15T16:11:10","date_gmt":"2025-04-15T14:11:10","guid":{"rendered":"https:\/\/vitalstoffversand.com\/produkt\/vit4ever-l-glutatiao-120-capsulas\/"},"modified":"2025-04-15T16:11:10","modified_gmt":"2025-04-15T14:11:10","slug":"vit4ever-l-glutatiao-120-capsulas","status":"publish","type":"product","link":"https:\/\/vitalstoffversand.com\/pt-pt\/produto\/vit4ever-l-glutatiao-120-capsulas\/","title":{"rendered":"Vit4ever <br>L-Glutati\u00e3o &#8211; 120 c\u00e1psulas"},"content":{"rendered":"<p>O L-glutati\u00e3o \u00e9 um composto natural que est\u00e1 presente em todas as c\u00e9lulas do corpo e ajuda a manter o equil\u00edbrio de processos complexos.<\/p>\n<p>A forma pura e reduzida do glutati\u00e3o garante uma biodisponibilidade \u00f3ptima.<\/p>\n<ul>\n<li>Vegano<\/li>\n<li>Sem gl\u00faten<\/li>\n<li>Sem lactose<\/li>\n<li>Sem OGM<\/li>\n<li>Produzido de acordo com rigorosos padr\u00f5es de qualidade da UE<\/li>\n<\/ul>\n","protected":false},"excerpt":{"rendered":"<p>O L-glutati\u00e3o \u00e9 um composto natural que est\u00e1 presente em todas as c\u00e9lulas do corpo e ajuda a manter o equil\u00edbrio de processos complexos. A forma pura e reduzida do glutati\u00e3o garante uma biodisponibilidade \u00f3ptima. Vegano Sem gl\u00faten Sem lactose Sem OGM Produzido de acordo com rigorosos padr\u00f5es de qualidade da UE<\/p>\n","protected":false},"featured_media":58194,"template":"","meta":{"_acf_changed":false},"product_brand":[10221],"product_cat":[559,537],"product_tag":[],"class_list":{"0":"post-66172","1":"product","2":"type-product","3":"status-publish","4":"has-post-thumbnail","6":"product_brand-vit4ever-pt-pt","7":"product_cat-nutrientes","8":"product_cat-produtos-de-a-z","10":"first","11":"instock","12":"taxable","13":"shipping-taxable","14":"purchasable","15":"product-type-simple"},"acf":[],"_links":{"self":[{"href":"https:\/\/vitalstoffversand.com\/pt-pt\/wp-json\/wp\/v2\/product\/66172","targetHints":{"allow":["GET"]}}],"collection":[{"href":"https:\/\/vitalstoffversand.com\/pt-pt\/wp-json\/wp\/v2\/product"}],"about":[{"href":"https:\/\/vitalstoffversand.com\/pt-pt\/wp-json\/wp\/v2\/types\/product"}],"wp:featuredmedia":[{"embeddable":true,"href":"https:\/\/vitalstoffversand.com\/pt-pt\/wp-json\/wp\/v2\/media\/58194"}],"wp:attachment":[{"href":"https:\/\/vitalstoffversand.com\/pt-pt\/wp-json\/wp\/v2\/media?parent=66172"}],"wp:term":[{"taxonomy":"product_brand","embeddable":true,"href":"https:\/\/vitalstoffversand.com\/pt-pt\/wp-json\/wp\/v2\/product_brand?post=66172"},{"taxonomy":"product_cat","embeddable":true,"href":"https:\/\/vitalstoffversand.com\/pt-pt\/wp-json\/wp\/v2\/product_cat?post=66172"},{"taxonomy":"product_tag","embeddable":true,"href":"https:\/\/vitalstoffversand.com\/pt-pt\/wp-json\/wp\/v2\/product_tag?post=66172"}],"curies":[{"name":"wp","href":"https:\/\/api.w.org\/{rel}","templated":true}]}}