{"id":66110,"date":"2025-12-17T14:18:17","date_gmt":"2025-12-17T13:18:17","guid":{"rendered":"https:\/\/vitalstoffversand.com\/produkt\/vit4ever-malato-de-magnesio-365-capsulas\/"},"modified":"2026-03-21T15:52:44","modified_gmt":"2026-03-21T14:52:44","slug":"vit4ever-malato-de-magnesio-365-capsulas","status":"publish","type":"product","link":"https:\/\/vitalstoffversand.com\/pt-pt\/produto\/vit4ever-malato-de-magnesio-365-capsulas\/","title":{"rendered":"Vit4ever <br>Malato de magn\u00e9sio &#8211; 365 c\u00e1psulas"},"content":{"rendered":"<p><span style=\"color: #0000ff;\"><strong><a href=\"https:\/\/vitalstoffversand.com\/knowledge-base\/magnesium\/\" target=\"_blank\" rel=\"noopener\">\u2192 O magn\u00e9sio<\/a><\/strong><\/span> \u00e9 um mineral extremamente importante para o nosso organismo, pois est\u00e1 envolvido em in\u00fameras fun\u00e7\u00f5es corporais.<\/p>\n<p>O malato de magn\u00e9sio combina magn\u00e9sio com malato, a forma salina do \u00e1cido m\u00e1lico, que se encontra naturalmente no metabolismo energ\u00e9tico.<\/p>\n<ul>\n<li>Vegano<\/li>\n<li>Sem gl\u00faten<\/li>\n<li>Sem lactose<\/li>\n<li>Sem OGM<\/li>\n<li>Produzido de acordo com rigorosos padr\u00f5es de qualidade da UE<\/li>\n<\/ul>\n","protected":false},"excerpt":{"rendered":"<p>\u2192 O magn\u00e9sio \u00e9 um mineral extremamente importante para o nosso organismo, pois est\u00e1 envolvido em in\u00fameras fun\u00e7\u00f5es corporais. O malato de magn\u00e9sio combina magn\u00e9sio com malato, a forma salina do \u00e1cido m\u00e1lico, que se encontra naturalmente no metabolismo energ\u00e9tico. Vegano Sem gl\u00faten Sem lactose Sem OGM Produzido de acordo com rigorosos padr\u00f5es de qualidade [&hellip;]<\/p>\n","protected":false},"featured_media":66105,"template":"","meta":{"_acf_changed":false},"product_brand":[10221],"product_cat":[555,537],"product_tag":[],"class_list":{"0":"post-66110","1":"product","2":"type-product","3":"status-publish","4":"has-post-thumbnail","6":"product_brand-vit4ever-pt-pt","7":"product_cat-minerais-e-oligoelementos","8":"product_cat-produtos-de-a-z","10":"first","11":"instock","12":"taxable","13":"shipping-taxable","14":"purchasable","15":"product-type-simple"},"acf":[],"_links":{"self":[{"href":"https:\/\/vitalstoffversand.com\/pt-pt\/wp-json\/wp\/v2\/product\/66110","targetHints":{"allow":["GET"]}}],"collection":[{"href":"https:\/\/vitalstoffversand.com\/pt-pt\/wp-json\/wp\/v2\/product"}],"about":[{"href":"https:\/\/vitalstoffversand.com\/pt-pt\/wp-json\/wp\/v2\/types\/product"}],"wp:featuredmedia":[{"embeddable":true,"href":"https:\/\/vitalstoffversand.com\/pt-pt\/wp-json\/wp\/v2\/media\/66105"}],"wp:attachment":[{"href":"https:\/\/vitalstoffversand.com\/pt-pt\/wp-json\/wp\/v2\/media?parent=66110"}],"wp:term":[{"taxonomy":"product_brand","embeddable":true,"href":"https:\/\/vitalstoffversand.com\/pt-pt\/wp-json\/wp\/v2\/product_brand?post=66110"},{"taxonomy":"product_cat","embeddable":true,"href":"https:\/\/vitalstoffversand.com\/pt-pt\/wp-json\/wp\/v2\/product_cat?post=66110"},{"taxonomy":"product_tag","embeddable":true,"href":"https:\/\/vitalstoffversand.com\/pt-pt\/wp-json\/wp\/v2\/product_tag?post=66110"}],"curies":[{"name":"wp","href":"https:\/\/api.w.org\/{rel}","templated":true}]}}