{"id":66076,"date":"2025-06-11T16:53:18","date_gmt":"2025-06-11T14:53:18","guid":{"rendered":"https:\/\/vitalstoffversand.com\/produkt\/vit4ever-complexo-de-vitamina-c-300-capsulas\/"},"modified":"2025-06-11T16:53:18","modified_gmt":"2025-06-11T14:53:18","slug":"vit4ever-complexo-de-vitamina-c-300-capsulas","status":"publish","type":"product","link":"https:\/\/vitalstoffversand.com\/pt-pt\/produto\/vit4ever-complexo-de-vitamina-c-300-capsulas\/","title":{"rendered":"Vit4ever <br>Complexo de vitamina C &#8211; 300 c\u00e1psulas"},"content":{"rendered":"<p>Complexo natural de <span style=\"color: #0000ff;\"><strong><a href=\"https:\/\/vitalstoffversand.com\/knowledge-base\/vitamin-c\/\" target=\"_blank\" rel=\"noopener\">vitamina C<\/a><\/strong><\/span> \u00e0 base de extrato de acerola e extrato de roseira brava.<\/p>\n<p>Al\u00e9m de muitas outras fun\u00e7\u00f5es, a vitamina C refor\u00e7a o sistema imunit\u00e1rio, reduz a fadiga e protege as c\u00e9lulas contra o stress oxidativo.<\/p>\n<ul>\n<li>Vegano<\/li>\n<li>Sem gl\u00faten<\/li>\n<li>Sem lactose<\/li>\n<li>Sem OGM<\/li>\n<li>Produzido de acordo com rigorosos padr\u00f5es de qualidade da UE<\/li>\n<\/ul>\n","protected":false},"excerpt":{"rendered":"<p>Complexo natural de vitamina C \u00e0 base de extrato de acerola e extrato de roseira brava. Al\u00e9m de muitas outras fun\u00e7\u00f5es, a vitamina C refor\u00e7a o sistema imunit\u00e1rio, reduz a fadiga e protege as c\u00e9lulas contra o stress oxidativo. Vegano Sem gl\u00faten Sem lactose Sem OGM Produzido de acordo com rigorosos padr\u00f5es de qualidade da [&hellip;]<\/p>\n","protected":false},"featured_media":58026,"template":"","meta":{"_acf_changed":false},"product_brand":[10221],"product_cat":[563,537],"product_tag":[],"class_list":{"0":"post-66076","1":"product","2":"type-product","3":"status-publish","4":"has-post-thumbnail","6":"product_brand-vit4ever-pt-pt","7":"product_cat-vitaminas-pt","8":"product_cat-produtos-de-a-z","10":"first","11":"instock","12":"taxable","13":"shipping-taxable","14":"purchasable","15":"product-type-simple"},"acf":[],"_links":{"self":[{"href":"https:\/\/vitalstoffversand.com\/pt-pt\/wp-json\/wp\/v2\/product\/66076","targetHints":{"allow":["GET"]}}],"collection":[{"href":"https:\/\/vitalstoffversand.com\/pt-pt\/wp-json\/wp\/v2\/product"}],"about":[{"href":"https:\/\/vitalstoffversand.com\/pt-pt\/wp-json\/wp\/v2\/types\/product"}],"wp:featuredmedia":[{"embeddable":true,"href":"https:\/\/vitalstoffversand.com\/pt-pt\/wp-json\/wp\/v2\/media\/58026"}],"wp:attachment":[{"href":"https:\/\/vitalstoffversand.com\/pt-pt\/wp-json\/wp\/v2\/media?parent=66076"}],"wp:term":[{"taxonomy":"product_brand","embeddable":true,"href":"https:\/\/vitalstoffversand.com\/pt-pt\/wp-json\/wp\/v2\/product_brand?post=66076"},{"taxonomy":"product_cat","embeddable":true,"href":"https:\/\/vitalstoffversand.com\/pt-pt\/wp-json\/wp\/v2\/product_cat?post=66076"},{"taxonomy":"product_tag","embeddable":true,"href":"https:\/\/vitalstoffversand.com\/pt-pt\/wp-json\/wp\/v2\/product_tag?post=66076"}],"curies":[{"name":"wp","href":"https:\/\/api.w.org\/{rel}","templated":true}]}}