{"id":66016,"date":"2025-06-11T16:49:55","date_gmt":"2025-06-11T14:49:55","guid":{"rendered":"https:\/\/vitalstoffversand.com\/produkt\/vit4ever-l-lisina-hcl-em-po-500-g\/"},"modified":"2025-06-11T16:49:55","modified_gmt":"2025-06-11T14:49:55","slug":"vit4ever-l-lisina-hcl-em-po-500-g","status":"publish","type":"product","link":"https:\/\/vitalstoffversand.com\/pt-pt\/produto\/vit4ever-l-lisina-hcl-em-po-500-g\/","title":{"rendered":"Vit4ever <br>L-lisina HCL em p\u00f3 &#8211; 500 g"},"content":{"rendered":"<p>A L-lisina \u00e9 um amino\u00e1cido essencial que temos de ingerir atrav\u00e9s da alimenta\u00e7\u00e3o.<\/p>\n<p>Especialmente no caso de uma alimenta\u00e7\u00e3o \u00e0 base de vegetais, nem sempre \u00e9 garantido um aporte suficiente de lisina ao organismo.<\/p>\n<p>Cont\u00e9m ainda uma pequena quantidade de <span style=\"color: #0000ff;\"><strong><a href=\"https:\/\/vitalstoffversand.com\/knowledge-base\/vitamin-b6\/\" target=\"_blank\" rel=\"noopener\">\u2192 vitamina B6<\/a><\/strong><\/span>, que contribui para o funcionamento normal do sistema imunit\u00e1rio e para a redu\u00e7\u00e3o da fadiga e do cansa\u00e7o.<\/p>\n<ul>\n<li>Vegano<\/li>\n<li>Sem gl\u00faten<\/li>\n<li>Sem lactose<\/li>\n<li>Sem OGM<\/li>\n<li>Produzido de acordo com rigorosos padr\u00f5es de qualidade da UE<\/li>\n<\/ul>\n","protected":false},"excerpt":{"rendered":"<p>A L-lisina \u00e9 um amino\u00e1cido essencial que temos de ingerir atrav\u00e9s da alimenta\u00e7\u00e3o. Especialmente no caso de uma alimenta\u00e7\u00e3o \u00e0 base de vegetais, nem sempre \u00e9 garantido um aporte suficiente de lisina ao organismo. Cont\u00e9m ainda uma pequena quantidade de \u2192 vitamina B6, que contribui para o funcionamento normal do sistema imunit\u00e1rio e para a [&hellip;]<\/p>\n","protected":false},"featured_media":57866,"template":"","meta":{"_acf_changed":false},"product_brand":[10221],"product_cat":[551,537],"product_tag":[],"class_list":{"0":"post-66016","1":"product","2":"type-product","3":"status-publish","4":"has-post-thumbnail","6":"product_brand-vit4ever-pt-pt","7":"product_cat-aminoacidos-pt","8":"product_cat-produtos-de-a-z","10":"first","11":"instock","12":"taxable","13":"shipping-taxable","14":"purchasable","15":"product-type-simple"},"acf":[],"_links":{"self":[{"href":"https:\/\/vitalstoffversand.com\/pt-pt\/wp-json\/wp\/v2\/product\/66016","targetHints":{"allow":["GET"]}}],"collection":[{"href":"https:\/\/vitalstoffversand.com\/pt-pt\/wp-json\/wp\/v2\/product"}],"about":[{"href":"https:\/\/vitalstoffversand.com\/pt-pt\/wp-json\/wp\/v2\/types\/product"}],"wp:featuredmedia":[{"embeddable":true,"href":"https:\/\/vitalstoffversand.com\/pt-pt\/wp-json\/wp\/v2\/media\/57866"}],"wp:attachment":[{"href":"https:\/\/vitalstoffversand.com\/pt-pt\/wp-json\/wp\/v2\/media?parent=66016"}],"wp:term":[{"taxonomy":"product_brand","embeddable":true,"href":"https:\/\/vitalstoffversand.com\/pt-pt\/wp-json\/wp\/v2\/product_brand?post=66016"},{"taxonomy":"product_cat","embeddable":true,"href":"https:\/\/vitalstoffversand.com\/pt-pt\/wp-json\/wp\/v2\/product_cat?post=66016"},{"taxonomy":"product_tag","embeddable":true,"href":"https:\/\/vitalstoffversand.com\/pt-pt\/wp-json\/wp\/v2\/product_tag?post=66016"}],"curies":[{"name":"wp","href":"https:\/\/api.w.org\/{rel}","templated":true}]}}