{"id":66007,"date":"2025-06-11T16:47:45","date_gmt":"2025-06-11T14:47:45","guid":{"rendered":"https:\/\/vitalstoffversand.com\/produkt\/vit4ever-glucosamina-300-capsulas\/"},"modified":"2025-06-11T16:47:45","modified_gmt":"2025-06-11T14:47:45","slug":"vit4ever-glucosamina-300-capsulas","status":"publish","type":"product","link":"https:\/\/vitalstoffversand.com\/pt-pt\/produto\/vit4ever-glucosamina-300-capsulas\/","title":{"rendered":"Vit4ever <br>Glucosamina &#8211; 300 c\u00e1psulas"},"content":{"rendered":"<p>A glucosamina \u00e9 um composto natural e um componente de v\u00e1rias mol\u00e9culas estruturais.<\/p>\n<p>As c\u00e1psulas cont\u00eam sulfato de D-glucosamina bioativo de pureza elevada e, por isso, s\u00e3o adequadas tamb\u00e9m para veganos.<\/p>\n<ul>\n<li>Vegano<\/li>\n<li>Sem gl\u00faten<\/li>\n<li>Sem lactose<\/li>\n<li>Sem OGM<\/li>\n<li>Produzido de acordo com rigorosos padr\u00f5es de qualidade da UE<\/li>\n<\/ul>\n","protected":false},"excerpt":{"rendered":"<p>A glucosamina \u00e9 um composto natural e um componente de v\u00e1rias mol\u00e9culas estruturais. As c\u00e1psulas cont\u00eam sulfato de D-glucosamina bioativo de pureza elevada e, por isso, s\u00e3o adequadas tamb\u00e9m para veganos. Vegano Sem gl\u00faten Sem lactose Sem OGM Produzido de acordo com rigorosos padr\u00f5es de qualidade da UE<\/p>\n","protected":false},"featured_media":57826,"template":"","meta":{"_acf_changed":false},"product_brand":[10221],"product_cat":[559,537],"product_tag":[],"class_list":{"0":"post-66007","1":"product","2":"type-product","3":"status-publish","4":"has-post-thumbnail","6":"product_brand-vit4ever-pt-pt","7":"product_cat-nutrientes","8":"product_cat-produtos-de-a-z","10":"first","11":"instock","12":"taxable","13":"shipping-taxable","14":"purchasable","15":"product-type-simple"},"acf":[],"_links":{"self":[{"href":"https:\/\/vitalstoffversand.com\/pt-pt\/wp-json\/wp\/v2\/product\/66007","targetHints":{"allow":["GET"]}}],"collection":[{"href":"https:\/\/vitalstoffversand.com\/pt-pt\/wp-json\/wp\/v2\/product"}],"about":[{"href":"https:\/\/vitalstoffversand.com\/pt-pt\/wp-json\/wp\/v2\/types\/product"}],"wp:featuredmedia":[{"embeddable":true,"href":"https:\/\/vitalstoffversand.com\/pt-pt\/wp-json\/wp\/v2\/media\/57826"}],"wp:attachment":[{"href":"https:\/\/vitalstoffversand.com\/pt-pt\/wp-json\/wp\/v2\/media?parent=66007"}],"wp:term":[{"taxonomy":"product_brand","embeddable":true,"href":"https:\/\/vitalstoffversand.com\/pt-pt\/wp-json\/wp\/v2\/product_brand?post=66007"},{"taxonomy":"product_cat","embeddable":true,"href":"https:\/\/vitalstoffversand.com\/pt-pt\/wp-json\/wp\/v2\/product_cat?post=66007"},{"taxonomy":"product_tag","embeddable":true,"href":"https:\/\/vitalstoffversand.com\/pt-pt\/wp-json\/wp\/v2\/product_tag?post=66007"}],"curies":[{"name":"wp","href":"https:\/\/api.w.org\/{rel}","templated":true}]}}