{"id":65871,"date":"2025-04-07T17:18:06","date_gmt":"2025-04-07T15:18:06","guid":{"rendered":"https:\/\/vitalstoffversand.com\/produkt\/vit4ever-extrato-de-salva-240-capsulas\/"},"modified":"2025-04-07T17:18:06","modified_gmt":"2025-04-07T15:18:06","slug":"vit4ever-extrato-de-salva-240-capsulas","status":"publish","type":"product","link":"https:\/\/vitalstoffversand.com\/pt-pt\/produto\/vit4ever-extrato-de-salva-240-capsulas\/","title":{"rendered":"Vit4ever <br>Extrato de salva &#8211; 240 c\u00e1psulas"},"content":{"rendered":"<p>A salva tem sido valorizada e utilizada como uma planta medicinal e arom\u00e1tica valiosa na medicina popular e na naturopatia, bem como na cozinha, durante s\u00e9culos.<\/p>\n<p>A salva cont\u00e9m \u00f3leos essenciais valiosos, que tamb\u00e9m est\u00e3o presentes neste extrato a 2 por cento, preservando assim o car\u00e1cter natural da planta.<\/p>\n<ul>\n<li>Vegano<\/li>\n<li>Sem gl\u00faten<\/li>\n<li>Sem lactose<\/li>\n<li>Sem OGM<\/li>\n<li>Produzido de acordo com rigorosos padr\u00f5es de qualidade da UE<\/li>\n<\/ul>\n","protected":false},"excerpt":{"rendered":"<p>A salva tem sido valorizada e utilizada como uma planta medicinal e arom\u00e1tica valiosa na medicina popular e na naturopatia, bem como na cozinha, durante s\u00e9culos. A salva cont\u00e9m \u00f3leos essenciais valiosos, que tamb\u00e9m est\u00e3o presentes neste extrato a 2 por cento, preservando assim o car\u00e1cter natural da planta. Vegano Sem gl\u00faten Sem lactose Sem [&hellip;]<\/p>\n","protected":false},"featured_media":57226,"template":"","meta":{"_acf_changed":false},"product_brand":[10221],"product_cat":[559,537],"product_tag":[],"class_list":{"0":"post-65871","1":"product","2":"type-product","3":"status-publish","4":"has-post-thumbnail","6":"product_brand-vit4ever-pt-pt","7":"product_cat-nutrientes","8":"product_cat-produtos-de-a-z","10":"first","11":"instock","12":"taxable","13":"shipping-taxable","14":"purchasable","15":"product-type-simple"},"acf":[],"_links":{"self":[{"href":"https:\/\/vitalstoffversand.com\/pt-pt\/wp-json\/wp\/v2\/product\/65871","targetHints":{"allow":["GET"]}}],"collection":[{"href":"https:\/\/vitalstoffversand.com\/pt-pt\/wp-json\/wp\/v2\/product"}],"about":[{"href":"https:\/\/vitalstoffversand.com\/pt-pt\/wp-json\/wp\/v2\/types\/product"}],"wp:featuredmedia":[{"embeddable":true,"href":"https:\/\/vitalstoffversand.com\/pt-pt\/wp-json\/wp\/v2\/media\/57226"}],"wp:attachment":[{"href":"https:\/\/vitalstoffversand.com\/pt-pt\/wp-json\/wp\/v2\/media?parent=65871"}],"wp:term":[{"taxonomy":"product_brand","embeddable":true,"href":"https:\/\/vitalstoffversand.com\/pt-pt\/wp-json\/wp\/v2\/product_brand?post=65871"},{"taxonomy":"product_cat","embeddable":true,"href":"https:\/\/vitalstoffversand.com\/pt-pt\/wp-json\/wp\/v2\/product_cat?post=65871"},{"taxonomy":"product_tag","embeddable":true,"href":"https:\/\/vitalstoffversand.com\/pt-pt\/wp-json\/wp\/v2\/product_tag?post=65871"}],"curies":[{"name":"wp","href":"https:\/\/api.w.org\/{rel}","templated":true}]}}