{"id":65865,"date":"2025-04-07T16:56:05","date_gmt":"2025-04-07T14:56:05","guid":{"rendered":"https:\/\/vitalstoffversand.com\/produkt\/vit4ever-glucosamina-condroitina-msm-365-comprimidos\/"},"modified":"2025-04-07T16:56:05","modified_gmt":"2025-04-07T14:56:05","slug":"vit4ever-glucosamina-condroitina-msm-365-comprimidos","status":"publish","type":"product","link":"https:\/\/vitalstoffversand.com\/pt-pt\/produto\/vit4ever-glucosamina-condroitina-msm-365-comprimidos\/","title":{"rendered":"Vit4ever <br>Glucosamina + Condroitina + MSM &#8211; 365 comprimidos"},"content":{"rendered":"<p>A glucosamina, a condroitina e o MSM (metilsulfonilmetano) s\u00e3o uma combina\u00e7\u00e3o de ingredientes activos testada e comprovada h\u00e1 muitos anos para as pessoas que pretendem complementar a sua dieta di\u00e1ria.<\/p>\n<ul>\n<li>Sem gl\u00faten<\/li>\n<li>Sem lactose<\/li>\n<li>Sem OGM<\/li>\n<li>Produzido de acordo com rigorosos padr\u00f5es de qualidade da UE<\/li>\n<\/ul>\n","protected":false},"excerpt":{"rendered":"<p>A glucosamina, a condroitina e o MSM (metilsulfonilmetano) s\u00e3o uma combina\u00e7\u00e3o de ingredientes activos testada e comprovada h\u00e1 muitos anos para as pessoas que pretendem complementar a sua dieta di\u00e1ria. Sem gl\u00faten Sem lactose Sem OGM Produzido de acordo com rigorosos padr\u00f5es de qualidade da UE<\/p>\n","protected":false},"featured_media":57146,"template":"","meta":{"_acf_changed":false},"product_brand":[10221],"product_cat":[559,537],"product_tag":[],"class_list":{"0":"post-65865","1":"product","2":"type-product","3":"status-publish","4":"has-post-thumbnail","6":"product_brand-vit4ever-pt-pt","7":"product_cat-nutrientes","8":"product_cat-produtos-de-a-z","10":"first","11":"instock","12":"taxable","13":"shipping-taxable","14":"purchasable","15":"product-type-simple"},"acf":[],"_links":{"self":[{"href":"https:\/\/vitalstoffversand.com\/pt-pt\/wp-json\/wp\/v2\/product\/65865","targetHints":{"allow":["GET"]}}],"collection":[{"href":"https:\/\/vitalstoffversand.com\/pt-pt\/wp-json\/wp\/v2\/product"}],"about":[{"href":"https:\/\/vitalstoffversand.com\/pt-pt\/wp-json\/wp\/v2\/types\/product"}],"wp:featuredmedia":[{"embeddable":true,"href":"https:\/\/vitalstoffversand.com\/pt-pt\/wp-json\/wp\/v2\/media\/57146"}],"wp:attachment":[{"href":"https:\/\/vitalstoffversand.com\/pt-pt\/wp-json\/wp\/v2\/media?parent=65865"}],"wp:term":[{"taxonomy":"product_brand","embeddable":true,"href":"https:\/\/vitalstoffversand.com\/pt-pt\/wp-json\/wp\/v2\/product_brand?post=65865"},{"taxonomy":"product_cat","embeddable":true,"href":"https:\/\/vitalstoffversand.com\/pt-pt\/wp-json\/wp\/v2\/product_cat?post=65865"},{"taxonomy":"product_tag","embeddable":true,"href":"https:\/\/vitalstoffversand.com\/pt-pt\/wp-json\/wp\/v2\/product_tag?post=65865"}],"curies":[{"name":"wp","href":"https:\/\/api.w.org\/{rel}","templated":true}]}}