{"id":65859,"date":"2025-04-07T16:17:31","date_gmt":"2025-04-07T14:17:31","guid":{"rendered":"https:\/\/vitalstoffversand.com\/produkt\/vit4ever-opc-extrato-de-grainha-de-uva-vitamina-c-300-g\/"},"modified":"2025-04-07T16:17:31","modified_gmt":"2025-04-07T14:17:31","slug":"vit4ever-opc-extrato-de-grainha-de-uva-vitamina-c-300-g","status":"publish","type":"product","link":"https:\/\/vitalstoffversand.com\/pt-pt\/produto\/vit4ever-opc-extrato-de-grainha-de-uva-vitamina-c-300-g\/","title":{"rendered":"Vit4ever <br>OPC Extrato de grainha de uva + Vitamina C &#8211; 300 g"},"content":{"rendered":"<p>Extrato de grainha de uva OPC com vitamina C natural da acerola.<\/p>\n<p>Os OPC (proantocianidinas oligom\u00e9ricas) s\u00e3o compostos naturais de plantas e encontram-se, entre outros, nas grainhas de uva.<\/p>\n<p>O produto \u00e9 optimizado pela vitamina C, que assegura, em sinergia, uma melhor absor\u00e7\u00e3o da OPC.<\/p>\n<ul>\n<li>Vegano<\/li>\n<li>Sem gl\u00faten<\/li>\n<li>Sem lactose<\/li>\n<li>Sem OGM<\/li>\n<li>Produzido de acordo com rigorosos padr\u00f5es de qualidade da UE<\/li>\n<\/ul>\n","protected":false},"excerpt":{"rendered":"<p>Extrato de grainha de uva OPC com vitamina C natural da acerola. Os OPC (proantocianidinas oligom\u00e9ricas) s\u00e3o compostos naturais de plantas e encontram-se, entre outros, nas grainhas de uva. O produto \u00e9 optimizado pela vitamina C, que assegura, em sinergia, uma melhor absor\u00e7\u00e3o da OPC. Vegano Sem gl\u00faten Sem lactose Sem OGM Produzido de acordo [&hellip;]<\/p>\n","protected":false},"featured_media":57066,"template":"","meta":{"_acf_changed":false},"product_brand":[10221],"product_cat":[559,537],"product_tag":[],"class_list":{"0":"post-65859","1":"product","2":"type-product","3":"status-publish","4":"has-post-thumbnail","6":"product_brand-vit4ever-pt-pt","7":"product_cat-nutrientes","8":"product_cat-produtos-de-a-z","10":"first","11":"instock","12":"taxable","13":"shipping-taxable","14":"purchasable","15":"product-type-simple"},"acf":[],"_links":{"self":[{"href":"https:\/\/vitalstoffversand.com\/pt-pt\/wp-json\/wp\/v2\/product\/65859","targetHints":{"allow":["GET"]}}],"collection":[{"href":"https:\/\/vitalstoffversand.com\/pt-pt\/wp-json\/wp\/v2\/product"}],"about":[{"href":"https:\/\/vitalstoffversand.com\/pt-pt\/wp-json\/wp\/v2\/types\/product"}],"wp:featuredmedia":[{"embeddable":true,"href":"https:\/\/vitalstoffversand.com\/pt-pt\/wp-json\/wp\/v2\/media\/57066"}],"wp:attachment":[{"href":"https:\/\/vitalstoffversand.com\/pt-pt\/wp-json\/wp\/v2\/media?parent=65859"}],"wp:term":[{"taxonomy":"product_brand","embeddable":true,"href":"https:\/\/vitalstoffversand.com\/pt-pt\/wp-json\/wp\/v2\/product_brand?post=65859"},{"taxonomy":"product_cat","embeddable":true,"href":"https:\/\/vitalstoffversand.com\/pt-pt\/wp-json\/wp\/v2\/product_cat?post=65859"},{"taxonomy":"product_tag","embeddable":true,"href":"https:\/\/vitalstoffversand.com\/pt-pt\/wp-json\/wp\/v2\/product_tag?post=65859"}],"curies":[{"name":"wp","href":"https:\/\/api.w.org\/{rel}","templated":true}]}}