{"id":65857,"date":"2025-04-07T14:03:09","date_gmt":"2025-04-07T12:03:09","guid":{"rendered":"https:\/\/vitalstoffversand.com\/produkt\/vit4ever-peptidos-de-colagenio-300-comprimidos\/"},"modified":"2025-04-07T14:03:09","modified_gmt":"2025-04-07T12:03:09","slug":"vit4ever-peptidos-de-colagenio-300-comprimidos","status":"publish","type":"product","link":"https:\/\/vitalstoffversand.com\/pt-pt\/produto\/vit4ever-peptidos-de-colagenio-300-comprimidos\/","title":{"rendered":"Vit4ever <br>P\u00e9ptidos de colag\u00e9nio &#8211; 300 comprimidos"},"content":{"rendered":"<p>Os p\u00e9ptidos de colag\u00e9nio s\u00e3o obtidos a partir de colag\u00e9nio bovino de alta qualidade.<\/p>\n<p>O colag\u00e9nio bovino cont\u00e9m glicina, prolina e hidroxiprolina e tem uma elevada biodisponibilidade.<\/p>\n<p>A forma de dosagem do comprimido sem sabor oferece a vantagem de ser relativamente f\u00e1cil de transportar, o que torna este produto ideal para viagens.<\/p>\n<p>Al\u00e9m disso, os comprimidos podem ser facilmente doseados sem necessidade de medi\u00e7\u00e3o.<\/p>\n<ul>\n<li>Sem gl\u00faten<\/li>\n<li>Sem lactose<\/li>\n<li>Sem OGM<\/li>\n<li>Produzido de acordo com rigorosos padr\u00f5es de qualidade da UE<\/li>\n<\/ul>\n","protected":false},"excerpt":{"rendered":"<p>Os p\u00e9ptidos de colag\u00e9nio s\u00e3o obtidos a partir de colag\u00e9nio bovino de alta qualidade. O colag\u00e9nio bovino cont\u00e9m glicina, prolina e hidroxiprolina e tem uma elevada biodisponibilidade. A forma de dosagem do comprimido sem sabor oferece a vantagem de ser relativamente f\u00e1cil de transportar, o que torna este produto ideal para viagens. Al\u00e9m disso, os [&hellip;]<\/p>\n","protected":false},"featured_media":56986,"template":"","meta":{"_acf_changed":false},"product_brand":[10221],"product_cat":[558,537],"product_tag":[],"class_list":{"0":"post-65857","1":"product","2":"type-product","3":"status-publish","4":"has-post-thumbnail","6":"product_brand-vit4ever-pt-pt","7":"product_cat-proteinas-pt","8":"product_cat-produtos-de-a-z","10":"first","11":"instock","12":"taxable","13":"shipping-taxable","14":"purchasable","15":"product-type-simple"},"acf":[],"_links":{"self":[{"href":"https:\/\/vitalstoffversand.com\/pt-pt\/wp-json\/wp\/v2\/product\/65857","targetHints":{"allow":["GET"]}}],"collection":[{"href":"https:\/\/vitalstoffversand.com\/pt-pt\/wp-json\/wp\/v2\/product"}],"about":[{"href":"https:\/\/vitalstoffversand.com\/pt-pt\/wp-json\/wp\/v2\/types\/product"}],"wp:featuredmedia":[{"embeddable":true,"href":"https:\/\/vitalstoffversand.com\/pt-pt\/wp-json\/wp\/v2\/media\/56986"}],"wp:attachment":[{"href":"https:\/\/vitalstoffversand.com\/pt-pt\/wp-json\/wp\/v2\/media?parent=65857"}],"wp:term":[{"taxonomy":"product_brand","embeddable":true,"href":"https:\/\/vitalstoffversand.com\/pt-pt\/wp-json\/wp\/v2\/product_brand?post=65857"},{"taxonomy":"product_cat","embeddable":true,"href":"https:\/\/vitalstoffversand.com\/pt-pt\/wp-json\/wp\/v2\/product_cat?post=65857"},{"taxonomy":"product_tag","embeddable":true,"href":"https:\/\/vitalstoffversand.com\/pt-pt\/wp-json\/wp\/v2\/product_tag?post=65857"}],"curies":[{"name":"wp","href":"https:\/\/api.w.org\/{rel}","templated":true}]}}