{"id":65842,"date":"2025-09-01T18:49:14","date_gmt":"2025-09-01T16:49:14","guid":{"rendered":"https:\/\/vitalstoffversand.com\/produkt\/vit4ever-complexo-de-eletrolitos-600-comprimidos\/"},"modified":"2026-03-21T15:55:03","modified_gmt":"2026-03-21T14:55:03","slug":"vit4ever-complexo-de-eletrolitos-600-comprimidos","status":"publish","type":"product","link":"https:\/\/vitalstoffversand.com\/pt-pt\/produto\/vit4ever-complexo-de-eletrolitos-600-comprimidos\/","title":{"rendered":"Vit4ever <br>Complexo de eletr\u00f3litos &#8211; 600 comprimidos"},"content":{"rendered":"<p>Electrolyte Complex \u00e9 uma forma f\u00e1cil de apoiar o seu equil\u00edbrio eletrol\u00edtico e garantir que o seu corpo est\u00e1 bem hidratado.<\/p>\n<p>Quer seja um desportista ativo, um entusiasta da boa forma f\u00edsica, um trabalhador f\u00edsico ou simplesmente preocupado com a sua sa\u00fade.<br \/>\nCom os comprimidos de electr\u00f3litos f\u00e1ceis de transportar e de tomar, est\u00e1 preparado para qualquer situa\u00e7\u00e3o.<\/p>\n<ul>\n<li>Vegano<\/li>\n<li>Sem gl\u00faten<\/li>\n<li>Sem lactose<\/li>\n<li>Sem OGM<\/li>\n<li>Produzido de acordo com rigorosos padr\u00f5es de qualidade da UE<\/li>\n<\/ul>\n","protected":false},"excerpt":{"rendered":"<p>Electrolyte Complex \u00e9 uma forma f\u00e1cil de apoiar o seu equil\u00edbrio eletrol\u00edtico e garantir que o seu corpo est\u00e1 bem hidratado. Quer seja um desportista ativo, um entusiasta da boa forma f\u00edsica, um trabalhador f\u00edsico ou simplesmente preocupado com a sua sa\u00fade. Com os comprimidos de electr\u00f3litos f\u00e1ceis de transportar e de tomar, est\u00e1 preparado [&hellip;]<\/p>\n","protected":false},"featured_media":56282,"template":"","meta":{"_acf_changed":false},"product_brand":[10221],"product_cat":[555,537],"product_tag":[],"class_list":{"0":"post-65842","1":"product","2":"type-product","3":"status-publish","4":"has-post-thumbnail","6":"product_brand-vit4ever-pt-pt","7":"product_cat-minerais-e-oligoelementos","8":"product_cat-produtos-de-a-z","10":"first","11":"instock","12":"taxable","13":"shipping-taxable","14":"purchasable","15":"product-type-simple"},"acf":[],"_links":{"self":[{"href":"https:\/\/vitalstoffversand.com\/pt-pt\/wp-json\/wp\/v2\/product\/65842","targetHints":{"allow":["GET"]}}],"collection":[{"href":"https:\/\/vitalstoffversand.com\/pt-pt\/wp-json\/wp\/v2\/product"}],"about":[{"href":"https:\/\/vitalstoffversand.com\/pt-pt\/wp-json\/wp\/v2\/types\/product"}],"wp:featuredmedia":[{"embeddable":true,"href":"https:\/\/vitalstoffversand.com\/pt-pt\/wp-json\/wp\/v2\/media\/56282"}],"wp:attachment":[{"href":"https:\/\/vitalstoffversand.com\/pt-pt\/wp-json\/wp\/v2\/media?parent=65842"}],"wp:term":[{"taxonomy":"product_brand","embeddable":true,"href":"https:\/\/vitalstoffversand.com\/pt-pt\/wp-json\/wp\/v2\/product_brand?post=65842"},{"taxonomy":"product_cat","embeddable":true,"href":"https:\/\/vitalstoffversand.com\/pt-pt\/wp-json\/wp\/v2\/product_cat?post=65842"},{"taxonomy":"product_tag","embeddable":true,"href":"https:\/\/vitalstoffversand.com\/pt-pt\/wp-json\/wp\/v2\/product_tag?post=65842"}],"curies":[{"name":"wp","href":"https:\/\/api.w.org\/{rel}","templated":true}]}}