{"id":65822,"date":"2025-10-02T12:28:47","date_gmt":"2025-10-02T10:28:47","guid":{"rendered":"https:\/\/vitalstoffversand.com\/produkt\/vit4ever-eletrolitos-em-po-400-g-varios-sabores\/"},"modified":"2025-10-02T12:28:47","modified_gmt":"2025-10-02T10:28:47","slug":"vit4ever-eletrolitos-em-po-400-g-varios-sabores","status":"publish","type":"product","link":"https:\/\/vitalstoffversand.com\/pt-pt\/produto\/vit4ever-eletrolitos-em-po-400-g-varios-sabores\/","title":{"rendered":"Vit4ever <br>Eletr\u00f3litos em p\u00f3 &#8211; 400 g &#8211; diferentes sabores"},"content":{"rendered":"<p>Um bom stock de Electrolyte Hydration Formula em p\u00f3.<\/p>\n<p>Uma forma saborosa e eficaz para desportistas, entusiastas do fitness e todas as outras pessoas otimizarem a sua hidrata\u00e7\u00e3o e prevenirem a desidrata\u00e7\u00e3o.<\/p>\n<p>Em alternativa, tamb\u00e9m est\u00e1 dispon\u00edvel um tamanho mais pequeno <a href=\"https:\/\/vitalstoffversand.com\/produkt\/vit4ever-elektrolyte-pulver-200g\/\">\u2192 Eletr\u00f3litos em p\u00f3, com 200 g<\/a>.<\/p>\n<ul>\n<li>Vegano<\/li>\n<li>Sem gl\u00faten<\/li>\n<li>Sem lactose<\/li>\n<li>Sem a\u00e7\u00facar<\/li>\n<li>Sem OGM<\/li>\n<li>Produzido de acordo com rigorosos padr\u00f5es de qualidade da UE<\/li>\n<\/ul>\n","protected":false},"excerpt":{"rendered":"<p>Um bom stock de Electrolyte Hydration Formula em p\u00f3. Uma forma saborosa e eficaz para desportistas, entusiastas do fitness e todas as outras pessoas otimizarem a sua hidrata\u00e7\u00e3o e prevenirem a desidrata\u00e7\u00e3o. Em alternativa, tamb\u00e9m est\u00e1 dispon\u00edvel um tamanho mais pequeno \u2192 Eletr\u00f3litos em p\u00f3, com 200 g. Vegano Sem gl\u00faten Sem lactose Sem a\u00e7\u00facar [&hellip;]<\/p>\n","protected":false},"featured_media":56234,"template":"","meta":{"_acf_changed":false},"product_brand":[10221],"product_cat":[555,537],"product_tag":[],"class_list":{"0":"post-65822","1":"product","2":"type-product","3":"status-publish","4":"has-post-thumbnail","6":"product_brand-vit4ever-pt-pt","7":"product_cat-minerais-e-oligoelementos","8":"product_cat-produtos-de-a-z","10":"first","11":"instock","12":"taxable","13":"shipping-taxable","14":"purchasable","15":"product-type-variable"},"acf":[],"_links":{"self":[{"href":"https:\/\/vitalstoffversand.com\/pt-pt\/wp-json\/wp\/v2\/product\/65822","targetHints":{"allow":["GET"]}}],"collection":[{"href":"https:\/\/vitalstoffversand.com\/pt-pt\/wp-json\/wp\/v2\/product"}],"about":[{"href":"https:\/\/vitalstoffversand.com\/pt-pt\/wp-json\/wp\/v2\/types\/product"}],"wp:featuredmedia":[{"embeddable":true,"href":"https:\/\/vitalstoffversand.com\/pt-pt\/wp-json\/wp\/v2\/media\/56234"}],"wp:attachment":[{"href":"https:\/\/vitalstoffversand.com\/pt-pt\/wp-json\/wp\/v2\/media?parent=65822"}],"wp:term":[{"taxonomy":"product_brand","embeddable":true,"href":"https:\/\/vitalstoffversand.com\/pt-pt\/wp-json\/wp\/v2\/product_brand?post=65822"},{"taxonomy":"product_cat","embeddable":true,"href":"https:\/\/vitalstoffversand.com\/pt-pt\/wp-json\/wp\/v2\/product_cat?post=65822"},{"taxonomy":"product_tag","embeddable":true,"href":"https:\/\/vitalstoffversand.com\/pt-pt\/wp-json\/wp\/v2\/product_tag?post=65822"}],"curies":[{"name":"wp","href":"https:\/\/api.w.org\/{rel}","templated":true}]}}