{"id":65811,"date":"2025-06-11T16:17:45","date_gmt":"2025-06-11T14:17:45","guid":{"rendered":"https:\/\/vitalstoffversand.com\/produkt\/vit4ever-glucomanano-raiz-de-konjac-240-capsulas\/"},"modified":"2025-06-11T16:17:45","modified_gmt":"2025-06-11T14:17:45","slug":"vit4ever-glucomanano-raiz-de-konjac-240-capsulas","status":"publish","type":"product","link":"https:\/\/vitalstoffversand.com\/pt-pt\/produto\/vit4ever-glucomanano-raiz-de-konjac-240-capsulas\/","title":{"rendered":"Vit4ever <br>Glucomanano (raiz de konjac) &#8211; 240 c\u00e1psulas"},"content":{"rendered":"<p><strong><a href=\"https:\/\/vitalstoffversand.com\/knowledge-base\/glucomannan-konjak-mannan\/\" target=\"_blank\" rel=\"noopener\">\u2192 O glucomanano<\/a><\/strong> (tamb\u00e9m conhecido como manano de konjac) \u00e9 uma fibra alimentar extra\u00edda da raiz de konjac e, segundo estudos cient\u00edficos, atua como um auxiliar natural na perda de peso.<\/p>\n<p>Gra\u00e7as \u00e0 sua elevada capacidade de incha\u00e7o, aumenta o volume no est\u00f4mago, contribuindo assim para a sensa\u00e7\u00e3o de saciedade.<\/p>\n<p>O produto \u00e9 complementado por <span style=\"color: #0000ff;\"><strong><a href=\"https:\/\/vitalstoffversand.com\/knowledge-base\/chrom\/\" target=\"_blank\" rel=\"noopener\">\u2192 cromo<\/a><\/strong><\/span>, que contribui para o bom funcionamento do metabolismo.<\/p>\n<ul>\n<li>Vegano<\/li>\n<li>Sem gl\u00faten<\/li>\n<li>Sem lactose<\/li>\n<li>Sem OGM<\/li>\n<li>Produzido de acordo com rigorosos padr\u00f5es de qualidade da UE<\/li>\n<\/ul>\n","protected":false},"excerpt":{"rendered":"<p>\u2192 O glucomanano (tamb\u00e9m conhecido como manano de konjac) \u00e9 uma fibra alimentar extra\u00edda da raiz de konjac e, segundo estudos cient\u00edficos, atua como um auxiliar natural na perda de peso. Gra\u00e7as \u00e0 sua elevada capacidade de incha\u00e7o, aumenta o volume no est\u00f4mago, contribuindo assim para a sensa\u00e7\u00e3o de saciedade. O produto \u00e9 complementado por [&hellip;]<\/p>\n","protected":false},"featured_media":55834,"template":"","meta":{"_acf_changed":false},"product_brand":[10221],"product_cat":[559,537],"product_tag":[],"class_list":{"0":"post-65811","1":"product","2":"type-product","3":"status-publish","4":"has-post-thumbnail","6":"product_brand-vit4ever-pt-pt","7":"product_cat-nutrientes","8":"product_cat-produtos-de-a-z","10":"first","11":"instock","12":"taxable","13":"shipping-taxable","14":"purchasable","15":"product-type-simple"},"acf":[],"_links":{"self":[{"href":"https:\/\/vitalstoffversand.com\/pt-pt\/wp-json\/wp\/v2\/product\/65811","targetHints":{"allow":["GET"]}}],"collection":[{"href":"https:\/\/vitalstoffversand.com\/pt-pt\/wp-json\/wp\/v2\/product"}],"about":[{"href":"https:\/\/vitalstoffversand.com\/pt-pt\/wp-json\/wp\/v2\/types\/product"}],"wp:featuredmedia":[{"embeddable":true,"href":"https:\/\/vitalstoffversand.com\/pt-pt\/wp-json\/wp\/v2\/media\/55834"}],"wp:attachment":[{"href":"https:\/\/vitalstoffversand.com\/pt-pt\/wp-json\/wp\/v2\/media?parent=65811"}],"wp:term":[{"taxonomy":"product_brand","embeddable":true,"href":"https:\/\/vitalstoffversand.com\/pt-pt\/wp-json\/wp\/v2\/product_brand?post=65811"},{"taxonomy":"product_cat","embeddable":true,"href":"https:\/\/vitalstoffversand.com\/pt-pt\/wp-json\/wp\/v2\/product_cat?post=65811"},{"taxonomy":"product_tag","embeddable":true,"href":"https:\/\/vitalstoffversand.com\/pt-pt\/wp-json\/wp\/v2\/product_tag?post=65811"}],"curies":[{"name":"wp","href":"https:\/\/api.w.org\/{rel}","templated":true}]}}