{"id":65801,"date":"2025-09-01T18:52:27","date_gmt":"2025-09-01T16:52:27","guid":{"rendered":"https:\/\/vitalstoffversand.com\/produkt\/vit4ever-extrato-de-cardo-mariano-365-capsulas-prazo-de-validade-08-2026\/"},"modified":"2026-03-21T15:54:29","modified_gmt":"2026-03-21T14:54:29","slug":"vit4ever-extrato-de-cardo-mariano-365-capsulas-prazo-de-validade-08-2026","status":"publish","type":"product","link":"https:\/\/vitalstoffversand.com\/pt-pt\/produto\/vit4ever-extrato-de-cardo-mariano-365-capsulas-prazo-de-validade-08-2026\/","title":{"rendered":"Vit4ever <br>Extrato de cardo mariano &#8211; 365 c\u00e1psulas (prazo de validade 08\/2026)"},"content":{"rendered":"<p>Extrato de cardo mariano com um teor de silimarina de 80%.<\/p>\n<p>O cardo mariano \u00e9 tradicionalmente utilizado para apoiar a sa\u00fade do f\u00edgado.<\/p>\n<ul>\n<li>vegano<\/li>\n<li>Sem gl\u00faten, lactose, aromas, conservantes, estearato de magn\u00e9sio e, claro, sem OGM<\/li>\n<\/ul>\n","protected":false},"excerpt":{"rendered":"<p>Extrato de cardo mariano com um teor de silimarina de 80%. O cardo mariano \u00e9 tradicionalmente utilizado para apoiar a sa\u00fade do f\u00edgado. vegano Sem gl\u00faten, lactose, aromas, conservantes, estearato de magn\u00e9sio e, claro, sem OGM<\/p>\n","protected":false},"featured_media":55794,"template":"","meta":{"_acf_changed":false},"product_brand":[10221],"product_cat":[559,542,537],"product_tag":[],"class_list":{"0":"post-65801","1":"product","2":"type-product","3":"status-publish","4":"has-post-thumbnail","6":"product_brand-vit4ever-pt-pt","7":"product_cat-nutrientes","8":"product_cat-reduzida","9":"product_cat-produtos-de-a-z","11":"first","12":"instock","13":"sale","14":"taxable","15":"shipping-taxable","16":"purchasable","17":"product-type-simple"},"acf":[],"_links":{"self":[{"href":"https:\/\/vitalstoffversand.com\/pt-pt\/wp-json\/wp\/v2\/product\/65801","targetHints":{"allow":["GET"]}}],"collection":[{"href":"https:\/\/vitalstoffversand.com\/pt-pt\/wp-json\/wp\/v2\/product"}],"about":[{"href":"https:\/\/vitalstoffversand.com\/pt-pt\/wp-json\/wp\/v2\/types\/product"}],"wp:featuredmedia":[{"embeddable":true,"href":"https:\/\/vitalstoffversand.com\/pt-pt\/wp-json\/wp\/v2\/media\/55794"}],"wp:attachment":[{"href":"https:\/\/vitalstoffversand.com\/pt-pt\/wp-json\/wp\/v2\/media?parent=65801"}],"wp:term":[{"taxonomy":"product_brand","embeddable":true,"href":"https:\/\/vitalstoffversand.com\/pt-pt\/wp-json\/wp\/v2\/product_brand?post=65801"},{"taxonomy":"product_cat","embeddable":true,"href":"https:\/\/vitalstoffversand.com\/pt-pt\/wp-json\/wp\/v2\/product_cat?post=65801"},{"taxonomy":"product_tag","embeddable":true,"href":"https:\/\/vitalstoffversand.com\/pt-pt\/wp-json\/wp\/v2\/product_tag?post=65801"}],"curies":[{"name":"wp","href":"https:\/\/api.w.org\/{rel}","templated":true}]}}