{"id":65789,"date":"2025-10-02T11:57:43","date_gmt":"2025-10-02T09:57:43","guid":{"rendered":"https:\/\/vitalstoffversand.com\/produkt\/vit4ever-silicio-365-capsulas\/"},"modified":"2026-03-21T15:53:21","modified_gmt":"2026-03-21T14:53:21","slug":"vit4ever-silicio-365-capsulas","status":"publish","type":"product","link":"https:\/\/vitalstoffversand.com\/pt-pt\/produto\/vit4ever-silicio-365-capsulas\/","title":{"rendered":"Vit4ever <br>Sil\u00edcio &#8211; 365 c\u00e1psulas"},"content":{"rendered":"<p>O Sil\u00edcio da Vit4ever fornece-lhe sil\u00edcio org\u00e2nico de alta qualidade proveniente de rebentos de bambu, uma fonte vegetal e, ao mesmo tempo, uma das mais ricas deste mineral.<\/p>\n<p>Ideal para quem deseja cuidar de forma integral da pele, do cabelo, das unhas e do tecido conjuntivo.<\/p>\n<ul>\n<li>Vegano<\/li>\n<li>Sem gl\u00faten<\/li>\n<li>Sem lactose<\/li>\n<li>Sem OGM<\/li>\n<li>Produzido de acordo com rigorosos padr\u00f5es de qualidade da UE<\/li>\n<\/ul>\n","protected":false},"excerpt":{"rendered":"<p>O Sil\u00edcio da Vit4ever fornece-lhe sil\u00edcio org\u00e2nico de alta qualidade proveniente de rebentos de bambu, uma fonte vegetal e, ao mesmo tempo, uma das mais ricas deste mineral. Ideal para quem deseja cuidar de forma integral da pele, do cabelo, das unhas e do tecido conjuntivo. Vegano Sem gl\u00faten Sem lactose Sem OGM Produzido de [&hellip;]<\/p>\n","protected":false},"featured_media":55498,"template":"","meta":{"_acf_changed":false},"product_brand":[10221],"product_cat":[555,537],"product_tag":[],"class_list":{"0":"post-65789","1":"product","2":"type-product","3":"status-publish","4":"has-post-thumbnail","6":"product_brand-vit4ever-pt-pt","7":"product_cat-minerais-e-oligoelementos","8":"product_cat-produtos-de-a-z","10":"first","11":"instock","12":"taxable","13":"shipping-taxable","14":"purchasable","15":"product-type-simple"},"acf":[],"_links":{"self":[{"href":"https:\/\/vitalstoffversand.com\/pt-pt\/wp-json\/wp\/v2\/product\/65789","targetHints":{"allow":["GET"]}}],"collection":[{"href":"https:\/\/vitalstoffversand.com\/pt-pt\/wp-json\/wp\/v2\/product"}],"about":[{"href":"https:\/\/vitalstoffversand.com\/pt-pt\/wp-json\/wp\/v2\/types\/product"}],"wp:featuredmedia":[{"embeddable":true,"href":"https:\/\/vitalstoffversand.com\/pt-pt\/wp-json\/wp\/v2\/media\/55498"}],"wp:attachment":[{"href":"https:\/\/vitalstoffversand.com\/pt-pt\/wp-json\/wp\/v2\/media?parent=65789"}],"wp:term":[{"taxonomy":"product_brand","embeddable":true,"href":"https:\/\/vitalstoffversand.com\/pt-pt\/wp-json\/wp\/v2\/product_brand?post=65789"},{"taxonomy":"product_cat","embeddable":true,"href":"https:\/\/vitalstoffversand.com\/pt-pt\/wp-json\/wp\/v2\/product_cat?post=65789"},{"taxonomy":"product_tag","embeddable":true,"href":"https:\/\/vitalstoffversand.com\/pt-pt\/wp-json\/wp\/v2\/product_tag?post=65789"}],"curies":[{"name":"wp","href":"https:\/\/api.w.org\/{rel}","templated":true}]}}