{"id":65787,"date":"2025-09-01T18:48:14","date_gmt":"2025-09-01T16:48:14","guid":{"rendered":"https:\/\/vitalstoffversand.com\/produkt\/vit4ever-calcio-365-comprimidos\/"},"modified":"2025-09-01T18:48:14","modified_gmt":"2025-09-01T16:48:14","slug":"vit4ever-calcio-365-comprimidos","status":"publish","type":"product","link":"https:\/\/vitalstoffversand.com\/pt-pt\/produto\/vit4ever-calcio-365-comprimidos\/","title":{"rendered":"Vit4ever <br>C\u00e1lcio &#8211; 365 comprimidos"},"content":{"rendered":"<p><span style=\"color: #0000ff;\"><a style=\"color: #0000ff;\" href=\"https:\/\/vitalstoffversand.com\/knowledge-base\/calcium\/\" target=\"_blank\" rel=\"noopener\">\u2192 O c\u00e1lcio<\/a><\/span> \u00e9, entre outras coisas, um mineral importante para os nossos ossos, cujo consumo adequado deve ser assegurado n\u00e3o s\u00f3 com o avan\u00e7ar da idade.<\/p>\n<p>As crian\u00e7as e os adolescentes tamb\u00e9m t\u00eam uma necessidade acrescida de c\u00e1lcio durante a fase de crescimento.<\/p>\n<ul>\n<li>Vegano<\/li>\n<li>Sem gl\u00faten<\/li>\n<li>Sem lactose<\/li>\n<li>Sem OGM<\/li>\n<li>Produzido de acordo com rigorosos padr\u00f5es de qualidade da UE<\/li>\n<\/ul>\n","protected":false},"excerpt":{"rendered":"<p>\u2192 O c\u00e1lcio \u00e9, entre outras coisas, um mineral importante para os nossos ossos, cujo consumo adequado deve ser assegurado n\u00e3o s\u00f3 com o avan\u00e7ar da idade. As crian\u00e7as e os adolescentes tamb\u00e9m t\u00eam uma necessidade acrescida de c\u00e1lcio durante a fase de crescimento. Vegano Sem gl\u00faten Sem lactose Sem OGM Produzido de acordo com [&hellip;]<\/p>\n","protected":false},"featured_media":55458,"template":"","meta":{"_acf_changed":false},"product_brand":[10221],"product_cat":[555,537],"product_tag":[],"class_list":{"0":"post-65787","1":"product","2":"type-product","3":"status-publish","4":"has-post-thumbnail","6":"product_brand-vit4ever-pt-pt","7":"product_cat-minerais-e-oligoelementos","8":"product_cat-produtos-de-a-z","10":"first","11":"outofstock","12":"taxable","13":"shipping-taxable","14":"purchasable","15":"product-type-simple"},"acf":[],"_links":{"self":[{"href":"https:\/\/vitalstoffversand.com\/pt-pt\/wp-json\/wp\/v2\/product\/65787","targetHints":{"allow":["GET"]}}],"collection":[{"href":"https:\/\/vitalstoffversand.com\/pt-pt\/wp-json\/wp\/v2\/product"}],"about":[{"href":"https:\/\/vitalstoffversand.com\/pt-pt\/wp-json\/wp\/v2\/types\/product"}],"wp:featuredmedia":[{"embeddable":true,"href":"https:\/\/vitalstoffversand.com\/pt-pt\/wp-json\/wp\/v2\/media\/55458"}],"wp:attachment":[{"href":"https:\/\/vitalstoffversand.com\/pt-pt\/wp-json\/wp\/v2\/media?parent=65787"}],"wp:term":[{"taxonomy":"product_brand","embeddable":true,"href":"https:\/\/vitalstoffversand.com\/pt-pt\/wp-json\/wp\/v2\/product_brand?post=65787"},{"taxonomy":"product_cat","embeddable":true,"href":"https:\/\/vitalstoffversand.com\/pt-pt\/wp-json\/wp\/v2\/product_cat?post=65787"},{"taxonomy":"product_tag","embeddable":true,"href":"https:\/\/vitalstoffversand.com\/pt-pt\/wp-json\/wp\/v2\/product_tag?post=65787"}],"curies":[{"name":"wp","href":"https:\/\/api.w.org\/{rel}","templated":true}]}}