{"id":65777,"date":"2024-11-11T18:11:51","date_gmt":"2024-11-11T17:11:51","guid":{"rendered":"https:\/\/vitalstoffversand.com\/produkt\/vit4ever-multivitaminico-diario-450-comprimidos\/"},"modified":"2024-11-11T18:11:51","modified_gmt":"2024-11-11T17:11:51","slug":"vit4ever-multivitaminico-diario-450-comprimidos","status":"publish","type":"product","link":"https:\/\/vitalstoffversand.com\/pt-pt\/produto\/vit4ever-multivitaminico-diario-450-comprimidos\/","title":{"rendered":"Vit4ever <br>Multivitam\u00ednico Di\u00e1rio &#8211; 450 comprimidos"},"content":{"rendered":"<p>As vitaminas e os minerais s\u00e3o nutrientes essenciais que participam em in\u00fameros processos e fun\u00e7\u00f5es do organismo.<\/p>\n<p>O Multivitamin Daily complementa a alimenta\u00e7\u00e3o di\u00e1ria e ajuda a evitar car\u00eancias nutricionais.<\/p>\n<p>Os comprimidos cont\u00eam as vitaminas A, C, D3, E, B1, B2, B3, B5, B6, B7, B9 e B12, bem como os minerais c\u00e1lcio, zinco e sel\u00e9nio.<\/p>\n<ul>\n<li>Vegano<\/li>\n<li>Sem gl\u00faten<\/li>\n<li>Sem lactose<\/li>\n<li>Sem OGM<\/li>\n<li>Produzido de acordo com rigorosos padr\u00f5es de qualidade da UE<\/li>\n<\/ul>\n","protected":false},"excerpt":{"rendered":"<p>As vitaminas e os minerais s\u00e3o nutrientes essenciais que participam em in\u00fameros processos e fun\u00e7\u00f5es do organismo. O Multivitamin Daily complementa a alimenta\u00e7\u00e3o di\u00e1ria e ajuda a evitar car\u00eancias nutricionais. Os comprimidos cont\u00eam as vitaminas A, C, D3, E, B1, B2, B3, B5, B6, B7, B9 e B12, bem como os minerais c\u00e1lcio, zinco e [&hellip;]<\/p>\n","protected":false},"featured_media":60523,"template":"","meta":{"_acf_changed":false},"product_brand":[10221],"product_cat":[563,537],"product_tag":[],"class_list":{"0":"post-65777","1":"product","2":"type-product","3":"status-publish","4":"has-post-thumbnail","6":"product_brand-vit4ever-pt-pt","7":"product_cat-vitaminas-pt","8":"product_cat-produtos-de-a-z","10":"first","11":"instock","12":"taxable","13":"shipping-taxable","14":"purchasable","15":"product-type-simple"},"acf":[],"_links":{"self":[{"href":"https:\/\/vitalstoffversand.com\/pt-pt\/wp-json\/wp\/v2\/product\/65777","targetHints":{"allow":["GET"]}}],"collection":[{"href":"https:\/\/vitalstoffversand.com\/pt-pt\/wp-json\/wp\/v2\/product"}],"about":[{"href":"https:\/\/vitalstoffversand.com\/pt-pt\/wp-json\/wp\/v2\/types\/product"}],"wp:featuredmedia":[{"embeddable":true,"href":"https:\/\/vitalstoffversand.com\/pt-pt\/wp-json\/wp\/v2\/media\/60523"}],"wp:attachment":[{"href":"https:\/\/vitalstoffversand.com\/pt-pt\/wp-json\/wp\/v2\/media?parent=65777"}],"wp:term":[{"taxonomy":"product_brand","embeddable":true,"href":"https:\/\/vitalstoffversand.com\/pt-pt\/wp-json\/wp\/v2\/product_brand?post=65777"},{"taxonomy":"product_cat","embeddable":true,"href":"https:\/\/vitalstoffversand.com\/pt-pt\/wp-json\/wp\/v2\/product_cat?post=65777"},{"taxonomy":"product_tag","embeddable":true,"href":"https:\/\/vitalstoffversand.com\/pt-pt\/wp-json\/wp\/v2\/product_tag?post=65777"}],"curies":[{"name":"wp","href":"https:\/\/api.w.org\/{rel}","templated":true}]}}