{"id":65767,"date":"2025-09-01T18:51:00","date_gmt":"2025-09-01T16:51:00","guid":{"rendered":"https:\/\/vitalstoffversand.com\/produkt\/vit4ever-lactase-depot-13000-365-comprimidos\/"},"modified":"2026-03-21T15:54:45","modified_gmt":"2026-03-21T14:54:45","slug":"vit4ever-lactase-depot-13000-365-comprimidos","status":"publish","type":"product","link":"https:\/\/vitalstoffversand.com\/pt-pt\/produto\/vit4ever-lactase-depot-13000-365-comprimidos\/","title":{"rendered":"Vit4ever <br>Lactase Depot 13000 &#8211; 365 comprimidos"},"content":{"rendered":"<p><a href=\"https:\/\/vitalstoffversand.com\/knowledge-base\/lactase\/\" target=\"_blank\" rel=\"noopener\"><strong><span style=\"color: #0000ff;\">\u2192 A lactase<\/span><\/strong><\/a> melhora a digest\u00e3o da lactose nas pessoas que t\u00eam problemas de digest\u00e3o (Regulamento relativo \u00e0s alega\u00e7\u00f5es de sa\u00fade).<\/p>\n<p>A intoler\u00e2ncia \u00e0 lactose \u00e9 uma rea\u00e7\u00e3o de intoler\u00e2ncia desencadeada pelo consumo de lactose (a\u00e7\u00facar do leite), que se encontra principalmente no leite e nos produtos l\u00e1cteos.<\/p>\n<p>A enzima lactase decomp\u00f5e a lactose no intestino e evita perturba\u00e7\u00f5es no trato digestivo.<\/p>\n<p>Os comprimidos t\u00eam 13 000 unidades FCC e s\u00e3o f\u00e1ceis de integrar no dia a dia.<\/p>\n<ul>\n<li>Vegano<\/li>\n<li>Sem gl\u00faten<\/li>\n<li>Sem lactose<\/li>\n<li>Sem OGM<\/li>\n<li>Produzido de acordo com rigorosos padr\u00f5es de qualidade da UE<\/li>\n<\/ul>\n","protected":false},"excerpt":{"rendered":"<p>\u2192 A lactase melhora a digest\u00e3o da lactose nas pessoas que t\u00eam problemas de digest\u00e3o (Regulamento relativo \u00e0s alega\u00e7\u00f5es de sa\u00fade). A intoler\u00e2ncia \u00e0 lactose \u00e9 uma rea\u00e7\u00e3o de intoler\u00e2ncia desencadeada pelo consumo de lactose (a\u00e7\u00facar do leite), que se encontra principalmente no leite e nos produtos l\u00e1cteos. A enzima lactase decomp\u00f5e a lactose no [&hellip;]<\/p>\n","protected":false},"featured_media":54930,"template":"","meta":{"_acf_changed":false},"product_brand":[10221],"product_cat":[559,537],"product_tag":[],"class_list":{"0":"post-65767","1":"product","2":"type-product","3":"status-publish","4":"has-post-thumbnail","6":"product_brand-vit4ever-pt-pt","7":"product_cat-nutrientes","8":"product_cat-produtos-de-a-z","10":"first","11":"instock","12":"taxable","13":"shipping-taxable","14":"purchasable","15":"product-type-simple"},"acf":[],"_links":{"self":[{"href":"https:\/\/vitalstoffversand.com\/pt-pt\/wp-json\/wp\/v2\/product\/65767","targetHints":{"allow":["GET"]}}],"collection":[{"href":"https:\/\/vitalstoffversand.com\/pt-pt\/wp-json\/wp\/v2\/product"}],"about":[{"href":"https:\/\/vitalstoffversand.com\/pt-pt\/wp-json\/wp\/v2\/types\/product"}],"wp:featuredmedia":[{"embeddable":true,"href":"https:\/\/vitalstoffversand.com\/pt-pt\/wp-json\/wp\/v2\/media\/54930"}],"wp:attachment":[{"href":"https:\/\/vitalstoffversand.com\/pt-pt\/wp-json\/wp\/v2\/media?parent=65767"}],"wp:term":[{"taxonomy":"product_brand","embeddable":true,"href":"https:\/\/vitalstoffversand.com\/pt-pt\/wp-json\/wp\/v2\/product_brand?post=65767"},{"taxonomy":"product_cat","embeddable":true,"href":"https:\/\/vitalstoffversand.com\/pt-pt\/wp-json\/wp\/v2\/product_cat?post=65767"},{"taxonomy":"product_tag","embeddable":true,"href":"https:\/\/vitalstoffversand.com\/pt-pt\/wp-json\/wp\/v2\/product_tag?post=65767"}],"curies":[{"name":"wp","href":"https:\/\/api.w.org\/{rel}","templated":true}]}}