{"id":65720,"date":"2025-09-01T18:50:22","date_gmt":"2025-09-01T16:50:22","guid":{"rendered":"https:\/\/vitalstoffversand.com\/produkt\/vit4ever-l-tirosina-365-capsulas\/"},"modified":"2026-03-21T15:54:50","modified_gmt":"2026-03-21T14:54:50","slug":"vit4ever-l-tirosina-365-capsulas","status":"publish","type":"product","link":"https:\/\/vitalstoffversand.com\/pt-pt\/produto\/vit4ever-l-tirosina-365-capsulas\/","title":{"rendered":"Vit4ever <br>L-tirosina &#8211; 365 c\u00e1psulas"},"content":{"rendered":"<p>A L-tirosina \u00e9 um amino\u00e1cido proteinog\u00e9nico n\u00e3o essencial e pertence aos neurotransmissores.<\/p>\n<p>Enquanto subst\u00e2ncia mensageira do sistema nervoso, promove a forma\u00e7\u00e3o de dopamina, tamb\u00e9m conhecida como a hormona da felicidade.<\/p>\n<p>A dopamina pode melhorar o humor e ter um efeito positivo no tempo de rea\u00e7\u00e3o e na concentra\u00e7\u00e3o.<\/p>\n<ul>\n<li>Vegano<\/li>\n<li>Sem gl\u00faten<\/li>\n<li>Sem lactose<\/li>\n<li>Sem OGM<\/li>\n<li>Produzido de acordo com rigorosos padr\u00f5es de qualidade da UE<\/li>\n<\/ul>\n","protected":false},"excerpt":{"rendered":"<p>A L-tirosina \u00e9 um amino\u00e1cido proteinog\u00e9nico n\u00e3o essencial e pertence aos neurotransmissores. Enquanto subst\u00e2ncia mensageira do sistema nervoso, promove a forma\u00e7\u00e3o de dopamina, tamb\u00e9m conhecida como a hormona da felicidade. A dopamina pode melhorar o humor e ter um efeito positivo no tempo de rea\u00e7\u00e3o e na concentra\u00e7\u00e3o. Vegano Sem gl\u00faten Sem lactose Sem OGM [&hellip;]<\/p>\n","protected":false},"featured_media":65710,"template":"","meta":{"_acf_changed":false},"product_brand":[10221],"product_cat":[551,537],"product_tag":[],"class_list":{"0":"post-65720","1":"product","2":"type-product","3":"status-publish","4":"has-post-thumbnail","6":"product_brand-vit4ever-pt-pt","7":"product_cat-aminoacidos-pt","8":"product_cat-produtos-de-a-z","10":"first","11":"instock","12":"taxable","13":"shipping-taxable","14":"purchasable","15":"product-type-simple"},"acf":[],"_links":{"self":[{"href":"https:\/\/vitalstoffversand.com\/pt-pt\/wp-json\/wp\/v2\/product\/65720","targetHints":{"allow":["GET"]}}],"collection":[{"href":"https:\/\/vitalstoffversand.com\/pt-pt\/wp-json\/wp\/v2\/product"}],"about":[{"href":"https:\/\/vitalstoffversand.com\/pt-pt\/wp-json\/wp\/v2\/types\/product"}],"wp:featuredmedia":[{"embeddable":true,"href":"https:\/\/vitalstoffversand.com\/pt-pt\/wp-json\/wp\/v2\/media\/65710"}],"wp:attachment":[{"href":"https:\/\/vitalstoffversand.com\/pt-pt\/wp-json\/wp\/v2\/media?parent=65720"}],"wp:term":[{"taxonomy":"product_brand","embeddable":true,"href":"https:\/\/vitalstoffversand.com\/pt-pt\/wp-json\/wp\/v2\/product_brand?post=65720"},{"taxonomy":"product_cat","embeddable":true,"href":"https:\/\/vitalstoffversand.com\/pt-pt\/wp-json\/wp\/v2\/product_cat?post=65720"},{"taxonomy":"product_tag","embeddable":true,"href":"https:\/\/vitalstoffversand.com\/pt-pt\/wp-json\/wp\/v2\/product_tag?post=65720"}],"curies":[{"name":"wp","href":"https:\/\/api.w.org\/{rel}","templated":true}]}}