{"id":65683,"date":"2025-09-01T18:49:38","date_gmt":"2025-09-01T16:49:38","guid":{"rendered":"https:\/\/vitalstoffversand.com\/produkt\/vit4ever-acido-hialuronico-180-capsulas\/"},"modified":"2026-03-21T15:54:59","modified_gmt":"2026-03-21T14:54:59","slug":"vit4ever-acido-hialuronico-180-capsulas","status":"publish","type":"product","link":"https:\/\/vitalstoffversand.com\/pt-pt\/produto\/vit4ever-acido-hialuronico-180-capsulas\/","title":{"rendered":"Vit4ever <br>\u00c1cido hialur\u00f3nico &#8211; 180 c\u00e1psulas"},"content":{"rendered":"<p>O hialur\u00f3nico, ou \u00e1cido hialur\u00f3nico, \u00e9 um componente importante do tecido conjuntivo, bem como da cartilagem e do l\u00edquido sinovial.<\/p>\n<p>Devido \u00e0 sua elevada capacidade de reten\u00e7\u00e3o de \u00e1gua, o \u00e1cido hialur\u00f3nico \u00e9, por isso, frequentemente utilizado na ind\u00fastria cosm\u00e9tica.<\/p>\n<p>O nosso corpo produz \u00e1cido hialur\u00f3nico por si pr\u00f3prio, mas \u00e9 poss\u00edvel apoiar este processo \u2014 mesmo quando a produ\u00e7\u00e3o end\u00f3gena diminui com a idade \u2014 atrav\u00e9s da administra\u00e7\u00e3o adicional de \u00e1cido hialur\u00f3nico.<\/p>\n<ul>\n<li>Vegano<\/li>\n<li>Sem gl\u00faten<\/li>\n<li>Sem lactose<\/li>\n<li>Sem OGM<\/li>\n<li>Produzido de acordo com rigorosos padr\u00f5es de qualidade da UE<\/li>\n<\/ul>\n","protected":false},"excerpt":{"rendered":"<p>O hialur\u00f3nico, ou \u00e1cido hialur\u00f3nico, \u00e9 um componente importante do tecido conjuntivo, bem como da cartilagem e do l\u00edquido sinovial. Devido \u00e0 sua elevada capacidade de reten\u00e7\u00e3o de \u00e1gua, o \u00e1cido hialur\u00f3nico \u00e9, por isso, frequentemente utilizado na ind\u00fastria cosm\u00e9tica. O nosso corpo produz \u00e1cido hialur\u00f3nico por si pr\u00f3prio, mas \u00e9 poss\u00edvel apoiar este processo [&hellip;]<\/p>\n","protected":false},"featured_media":54514,"template":"","meta":{"_acf_changed":false},"product_brand":[10221],"product_cat":[559,537],"product_tag":[],"class_list":{"0":"post-65683","1":"product","2":"type-product","3":"status-publish","4":"has-post-thumbnail","6":"product_brand-vit4ever-pt-pt","7":"product_cat-nutrientes","8":"product_cat-produtos-de-a-z","10":"first","11":"outofstock","12":"taxable","13":"shipping-taxable","14":"purchasable","15":"product-type-simple"},"acf":[],"_links":{"self":[{"href":"https:\/\/vitalstoffversand.com\/pt-pt\/wp-json\/wp\/v2\/product\/65683","targetHints":{"allow":["GET"]}}],"collection":[{"href":"https:\/\/vitalstoffversand.com\/pt-pt\/wp-json\/wp\/v2\/product"}],"about":[{"href":"https:\/\/vitalstoffversand.com\/pt-pt\/wp-json\/wp\/v2\/types\/product"}],"wp:featuredmedia":[{"embeddable":true,"href":"https:\/\/vitalstoffversand.com\/pt-pt\/wp-json\/wp\/v2\/media\/54514"}],"wp:attachment":[{"href":"https:\/\/vitalstoffversand.com\/pt-pt\/wp-json\/wp\/v2\/media?parent=65683"}],"wp:term":[{"taxonomy":"product_brand","embeddable":true,"href":"https:\/\/vitalstoffversand.com\/pt-pt\/wp-json\/wp\/v2\/product_brand?post=65683"},{"taxonomy":"product_cat","embeddable":true,"href":"https:\/\/vitalstoffversand.com\/pt-pt\/wp-json\/wp\/v2\/product_cat?post=65683"},{"taxonomy":"product_tag","embeddable":true,"href":"https:\/\/vitalstoffversand.com\/pt-pt\/wp-json\/wp\/v2\/product_tag?post=65683"}],"curies":[{"name":"wp","href":"https:\/\/api.w.org\/{rel}","templated":true}]}}