{"id":65678,"date":"2025-09-01T18:50:38","date_gmt":"2025-09-01T16:50:38","guid":{"rendered":"https:\/\/vitalstoffversand.com\/produkt\/vit4ever-lactase-7000-direct-365-comprimidos\/"},"modified":"2026-03-21T15:54:49","modified_gmt":"2026-03-21T14:54:49","slug":"vit4ever-lactase-7000-direct-365-comprimidos","status":"publish","type":"product","link":"https:\/\/vitalstoffversand.com\/pt-pt\/produto\/vit4ever-lactase-7000-direct-365-comprimidos\/","title":{"rendered":"Vit4ever <br>Lactase 7000 direct &#8211; 365 comprimidos"},"content":{"rendered":"<p>Lactase direta com 7000 unidades FCC.<\/p>\n<p>A l\u00edngua oficial do regulamento relativo \u00e0s alega\u00e7\u00f5es de sa\u00fade da AESA \u00e9 a seguinte<\/p>\n<p>\u201cPara as pessoas que t\u00eam problemas em digerir a lactose, a lactase melhora a digest\u00e3o da lactose.\u201d<\/p>\n<p>De facto, n\u00e3o h\u00e1 muito a acrescentar a isto e torna este produto particularmente interessante para pessoas com intoler\u00e2ncia \u00e0 lactose.<\/p>\n<ul>\n<li>Vegano<\/li>\n<li>Sem gl\u00faten<\/li>\n<li>Sem lactose<\/li>\n<li>Sem OGM<\/li>\n<li>Produzido de acordo com rigorosos padr\u00f5es de qualidade da UE<\/li>\n<\/ul>\n","protected":false},"excerpt":{"rendered":"<p>Lactase direta com 7000 unidades FCC. A l\u00edngua oficial do regulamento relativo \u00e0s alega\u00e7\u00f5es de sa\u00fade da AESA \u00e9 a seguinte \u201cPara as pessoas que t\u00eam problemas em digerir a lactose, a lactase melhora a digest\u00e3o da lactose.\u201d De facto, n\u00e3o h\u00e1 muito a acrescentar a isto e torna este produto particularmente interessante para pessoas [&hellip;]<\/p>\n","protected":false},"featured_media":54482,"template":"","meta":{"_acf_changed":false},"product_brand":[10221],"product_cat":[559,537],"product_tag":[],"class_list":{"0":"post-65678","1":"product","2":"type-product","3":"status-publish","4":"has-post-thumbnail","6":"product_brand-vit4ever-pt-pt","7":"product_cat-nutrientes","8":"product_cat-produtos-de-a-z","10":"first","11":"instock","12":"taxable","13":"shipping-taxable","14":"purchasable","15":"product-type-simple"},"acf":[],"_links":{"self":[{"href":"https:\/\/vitalstoffversand.com\/pt-pt\/wp-json\/wp\/v2\/product\/65678","targetHints":{"allow":["GET"]}}],"collection":[{"href":"https:\/\/vitalstoffversand.com\/pt-pt\/wp-json\/wp\/v2\/product"}],"about":[{"href":"https:\/\/vitalstoffversand.com\/pt-pt\/wp-json\/wp\/v2\/types\/product"}],"wp:featuredmedia":[{"embeddable":true,"href":"https:\/\/vitalstoffversand.com\/pt-pt\/wp-json\/wp\/v2\/media\/54482"}],"wp:attachment":[{"href":"https:\/\/vitalstoffversand.com\/pt-pt\/wp-json\/wp\/v2\/media?parent=65678"}],"wp:term":[{"taxonomy":"product_brand","embeddable":true,"href":"https:\/\/vitalstoffversand.com\/pt-pt\/wp-json\/wp\/v2\/product_brand?post=65678"},{"taxonomy":"product_cat","embeddable":true,"href":"https:\/\/vitalstoffversand.com\/pt-pt\/wp-json\/wp\/v2\/product_cat?post=65678"},{"taxonomy":"product_tag","embeddable":true,"href":"https:\/\/vitalstoffversand.com\/pt-pt\/wp-json\/wp\/v2\/product_tag?post=65678"}],"curies":[{"name":"wp","href":"https:\/\/api.w.org\/{rel}","templated":true}]}}