{"id":65632,"date":"2025-10-08T13:01:37","date_gmt":"2025-10-08T11:01:37","guid":{"rendered":"https:\/\/vitalstoffversand.com\/produkt\/vit4ever-gotas-de-vitamina-d3-k2-para-criancas-10-ml\/"},"modified":"2026-03-21T15:53:09","modified_gmt":"2026-03-21T14:53:09","slug":"vit4ever-gotas-de-vitamina-d3-k2-para-criancas-10-ml","status":"publish","type":"product","link":"https:\/\/vitalstoffversand.com\/pt-pt\/produto\/vit4ever-gotas-de-vitamina-d3-k2-para-criancas-10-ml\/","title":{"rendered":"Vit4ever <br>Gotas de vitamina D3 + K2 para crian\u00e7as &#8211; 10 ml"},"content":{"rendered":"<p>N\u00e3o s\u00e3o apenas os adultos que beneficiam da combina\u00e7\u00e3o de vitamina D3 e K2; tamb\u00e9m as crian\u00e7as e os adolescentes t\u00eam uma necessidade acrescida, especialmente durante a fase de crescimento e desenvolvimento.<\/p>\n<p>A dosagem \u00e9 adaptada \u00e0s necessidades dos nossos \u00abpequeninos\u00bb.<\/p>\n<p>As gotas s\u00e3o ins\u00edpidas e, por isso, podem ser facilmente integradas no dia-a-dia das crian\u00e7as e dos adolescentes.<\/p>\n<ul>\n<li>Vegetariano<\/li>\n<li>Sem gl\u00faten<\/li>\n<li>Sem lactose<\/li>\n<li>Sem OGM<\/li>\n<li>Produzido de acordo com rigorosos padr\u00f5es de qualidade da UE<\/li>\n<\/ul>\n","protected":false},"excerpt":{"rendered":"<p>N\u00e3o s\u00e3o apenas os adultos que beneficiam da combina\u00e7\u00e3o de vitamina D3 e K2; tamb\u00e9m as crian\u00e7as e os adolescentes t\u00eam uma necessidade acrescida, especialmente durante a fase de crescimento e desenvolvimento. A dosagem \u00e9 adaptada \u00e0s necessidades dos nossos \u00abpequeninos\u00bb. As gotas s\u00e3o ins\u00edpidas e, por isso, podem ser facilmente integradas no dia-a-dia das [&hellip;]<\/p>\n","protected":false},"featured_media":60364,"template":"","meta":{"_acf_changed":false},"product_brand":[10221],"product_cat":[563,537],"product_tag":[],"class_list":{"0":"post-65632","1":"product","2":"type-product","3":"status-publish","4":"has-post-thumbnail","6":"product_brand-vit4ever-pt-pt","7":"product_cat-vitaminas-pt","8":"product_cat-produtos-de-a-z","10":"first","11":"instock","12":"taxable","13":"shipping-taxable","14":"purchasable","15":"product-type-simple"},"acf":[],"_links":{"self":[{"href":"https:\/\/vitalstoffversand.com\/pt-pt\/wp-json\/wp\/v2\/product\/65632","targetHints":{"allow":["GET"]}}],"collection":[{"href":"https:\/\/vitalstoffversand.com\/pt-pt\/wp-json\/wp\/v2\/product"}],"about":[{"href":"https:\/\/vitalstoffversand.com\/pt-pt\/wp-json\/wp\/v2\/types\/product"}],"wp:featuredmedia":[{"embeddable":true,"href":"https:\/\/vitalstoffversand.com\/pt-pt\/wp-json\/wp\/v2\/media\/60364"}],"wp:attachment":[{"href":"https:\/\/vitalstoffversand.com\/pt-pt\/wp-json\/wp\/v2\/media?parent=65632"}],"wp:term":[{"taxonomy":"product_brand","embeddable":true,"href":"https:\/\/vitalstoffversand.com\/pt-pt\/wp-json\/wp\/v2\/product_brand?post=65632"},{"taxonomy":"product_cat","embeddable":true,"href":"https:\/\/vitalstoffversand.com\/pt-pt\/wp-json\/wp\/v2\/product_cat?post=65632"},{"taxonomy":"product_tag","embeddable":true,"href":"https:\/\/vitalstoffversand.com\/pt-pt\/wp-json\/wp\/v2\/product_tag?post=65632"}],"curies":[{"name":"wp","href":"https:\/\/api.w.org\/{rel}","templated":true}]}}