{"id":65586,"date":"2025-09-24T18:35:52","date_gmt":"2025-09-24T16:35:52","guid":{"rendered":"https:\/\/vitalstoffversand.com\/produkt\/vit4ever-casca-de-sementes-de-psyllium-1000-g\/"},"modified":"2026-03-21T15:53:29","modified_gmt":"2026-03-21T14:53:29","slug":"vit4ever-casca-de-sementes-de-psyllium-1000-g","status":"publish","type":"product","link":"https:\/\/vitalstoffversand.com\/pt-pt\/produto\/vit4ever-casca-de-sementes-de-psyllium-1000-g\/","title":{"rendered":"Vit4ever <br>Casca de sementes de psyllium &#8211; 1000 g"},"content":{"rendered":"<p>As cascas de sementes de psyllium s\u00e3o as cascas das sementes da Plantago indica (Plantago Psyllium).<\/p>\n<p>S\u00e3o extremamente ricos em fibra alimentar e podem ser utilizados de v\u00e1rias formas.<\/p>\n<p>As cascas de sementes de psyllium t\u00eam uma elevada capacidade de hidrata\u00e7\u00e3o e, por isso, s\u00e3o um complemento muito utilizado em diversas \u00e1reas.<\/p>\n<p>Em alternativa, tamb\u00e9m temos <a href=\"https:\/\/vitalstoffversand.com\/produkt\/natura-med-bio-flohsamenschalen-250-g\/\" target=\"_blank\" rel=\"noopener\"><span style=\"color: #0000ff;\">Natura Med cascas de ps\u00edlio biol\u00f3gicas, 250 g<\/span><\/a> e <a href=\"https:\/\/vitalstoffversand.com\/produkt\/natura-med-bio-flohsamenschalen-500-g\/\"><span style=\"color: #0000ff;\">Natura Med cascas de ps\u00edlio biol\u00f3gicas, 500 g<\/span><\/a> na nossa gama.<\/p>\n<ul>\n<li>Vegano<\/li>\n<li>Sem gl\u00faten<\/li>\n<li>Sem lactose<\/li>\n<li>Sem OGM<\/li>\n<li>Produzido de acordo com rigorosos padr\u00f5es de qualidade da UE<\/li>\n<\/ul>\n","protected":false},"excerpt":{"rendered":"<p>As cascas de sementes de psyllium s\u00e3o as cascas das sementes da Plantago indica (Plantago Psyllium). S\u00e3o extremamente ricos em fibra alimentar e podem ser utilizados de v\u00e1rias formas. As cascas de sementes de psyllium t\u00eam uma elevada capacidade de hidrata\u00e7\u00e3o e, por isso, s\u00e3o um complemento muito utilizado em diversas \u00e1reas. Em alternativa, tamb\u00e9m [&hellip;]<\/p>\n","protected":false},"featured_media":59916,"template":"","meta":{"_acf_changed":false},"product_brand":[10221],"product_cat":[559,537],"product_tag":[],"class_list":{"0":"post-65586","1":"product","2":"type-product","3":"status-publish","4":"has-post-thumbnail","6":"product_brand-vit4ever-pt-pt","7":"product_cat-nutrientes","8":"product_cat-produtos-de-a-z","10":"first","11":"instock","12":"taxable","13":"shipping-taxable","14":"purchasable","15":"product-type-simple"},"acf":[],"_links":{"self":[{"href":"https:\/\/vitalstoffversand.com\/pt-pt\/wp-json\/wp\/v2\/product\/65586","targetHints":{"allow":["GET"]}}],"collection":[{"href":"https:\/\/vitalstoffversand.com\/pt-pt\/wp-json\/wp\/v2\/product"}],"about":[{"href":"https:\/\/vitalstoffversand.com\/pt-pt\/wp-json\/wp\/v2\/types\/product"}],"wp:featuredmedia":[{"embeddable":true,"href":"https:\/\/vitalstoffversand.com\/pt-pt\/wp-json\/wp\/v2\/media\/59916"}],"wp:attachment":[{"href":"https:\/\/vitalstoffversand.com\/pt-pt\/wp-json\/wp\/v2\/media?parent=65586"}],"wp:term":[{"taxonomy":"product_brand","embeddable":true,"href":"https:\/\/vitalstoffversand.com\/pt-pt\/wp-json\/wp\/v2\/product_brand?post=65586"},{"taxonomy":"product_cat","embeddable":true,"href":"https:\/\/vitalstoffversand.com\/pt-pt\/wp-json\/wp\/v2\/product_cat?post=65586"},{"taxonomy":"product_tag","embeddable":true,"href":"https:\/\/vitalstoffversand.com\/pt-pt\/wp-json\/wp\/v2\/product_tag?post=65586"}],"curies":[{"name":"wp","href":"https:\/\/api.w.org\/{rel}","templated":true}]}}