{"id":65576,"date":"2025-06-20T11:30:39","date_gmt":"2025-06-20T09:30:39","guid":{"rendered":"https:\/\/vitalstoffversand.com\/produkt\/vit4ever-triphala-biologico-365-capsulas\/"},"modified":"2025-06-20T11:30:39","modified_gmt":"2025-06-20T09:30:39","slug":"vit4ever-triphala-biologico-365-capsulas","status":"publish","type":"product","link":"https:\/\/vitalstoffversand.com\/pt-pt\/produto\/vit4ever-triphala-biologico-365-capsulas\/","title":{"rendered":"Vit4ever <br>Triphala Biol\u00f3gico &#8211; 365 c\u00e1psulas"},"content":{"rendered":"<p>O Triphala \u00e9 uma das misturas de plantas mais antigas da medicina ayurv\u00e9dica.<\/p>\n<p>O nome refere-se \u00e0 combina\u00e7\u00e3o harmoniosa de Haritaki, Amalaki e Bibhitaki e significa, literalmente, \u00abtr\u00eas frutos\u00bb.<\/p>\n<ul>\n<li>Vegano<\/li>\n<li>Sem gl\u00faten<\/li>\n<li>Sem lactose<\/li>\n<li>Sem OGM<\/li>\n<li>Produzido de acordo com rigorosos padr\u00f5es de qualidade da UE<\/li>\n<\/ul>\n","protected":false},"excerpt":{"rendered":"<p>O Triphala \u00e9 uma das misturas de plantas mais antigas da medicina ayurv\u00e9dica. O nome refere-se \u00e0 combina\u00e7\u00e3o harmoniosa de Haritaki, Amalaki e Bibhitaki e significa, literalmente, \u00abtr\u00eas frutos\u00bb. Vegano Sem gl\u00faten Sem lactose Sem OGM Produzido de acordo com rigorosos padr\u00f5es de qualidade da UE<\/p>\n","protected":false},"featured_media":51833,"template":"","meta":{"_acf_changed":false},"product_brand":[10221],"product_cat":[559,538,537],"product_tag":[],"class_list":{"0":"post-65576","1":"product","2":"type-product","3":"status-publish","4":"has-post-thumbnail","6":"product_brand-vit4ever-pt-pt","7":"product_cat-nutrientes","8":"product_cat-organico-pt","9":"product_cat-produtos-de-a-z","11":"first","12":"instock","13":"taxable","14":"shipping-taxable","15":"purchasable","16":"product-type-simple"},"acf":[],"_links":{"self":[{"href":"https:\/\/vitalstoffversand.com\/pt-pt\/wp-json\/wp\/v2\/product\/65576","targetHints":{"allow":["GET"]}}],"collection":[{"href":"https:\/\/vitalstoffversand.com\/pt-pt\/wp-json\/wp\/v2\/product"}],"about":[{"href":"https:\/\/vitalstoffversand.com\/pt-pt\/wp-json\/wp\/v2\/types\/product"}],"wp:featuredmedia":[{"embeddable":true,"href":"https:\/\/vitalstoffversand.com\/pt-pt\/wp-json\/wp\/v2\/media\/51833"}],"wp:attachment":[{"href":"https:\/\/vitalstoffversand.com\/pt-pt\/wp-json\/wp\/v2\/media?parent=65576"}],"wp:term":[{"taxonomy":"product_brand","embeddable":true,"href":"https:\/\/vitalstoffversand.com\/pt-pt\/wp-json\/wp\/v2\/product_brand?post=65576"},{"taxonomy":"product_cat","embeddable":true,"href":"https:\/\/vitalstoffversand.com\/pt-pt\/wp-json\/wp\/v2\/product_cat?post=65576"},{"taxonomy":"product_tag","embeddable":true,"href":"https:\/\/vitalstoffversand.com\/pt-pt\/wp-json\/wp\/v2\/product_tag?post=65576"}],"curies":[{"name":"wp","href":"https:\/\/api.w.org\/{rel}","templated":true}]}}