{"id":65563,"date":"2025-09-22T15:09:34","date_gmt":"2025-09-22T13:09:34","guid":{"rendered":"https:\/\/vitalstoffversand.com\/produkt\/vit4ever-vitamina-d3-20-000-ui-k2-100-comprimidos\/"},"modified":"2026-03-21T15:53:32","modified_gmt":"2026-03-21T14:53:32","slug":"vit4ever-vitamina-d3-20-000-ui-k2-100-comprimidos","status":"publish","type":"product","link":"https:\/\/vitalstoffversand.com\/pt-pt\/produto\/vit4ever-vitamina-d3-20-000-ui-k2-100-comprimidos\/","title":{"rendered":"Vit4ever <br>Vitamina D3 20 000 UI + K2 &#8211; 100 comprimidos"},"content":{"rendered":"<p>A &#8220;vitamina do sol&#8221; <a href=\"https:\/\/vitalstoffversand.com\/knowledge-base\/vitamin-d\/\" target=\"_blank\" rel=\"noopener\"><span style=\"color: #0000ff;\"><strong>\u2192 Vitamina D3<\/strong><\/span><\/a> e tamb\u00e9m a <a href=\"https:\/\/vitalstoffversand.com\/knowledge-base\/vitamin-k\/\" target=\"_blank\" rel=\"noopener\"><strong><span style=\"color: #0000ff;\">\u2192 vitamina K2<\/span><\/strong><\/a> formam uma combina\u00e7\u00e3o ideal.<\/p>\n<p>A vitamina K ativa as prote\u00ednas necess\u00e1rias ao metabolismo do c\u00e1lcio, que, por sua vez, est\u00e3o envolvidas nos processos metab\u00f3licos com a vitamina D.<\/p>\n<ul>\n<li>Vegetariano<\/li>\n<li>Sem gl\u00faten<\/li>\n<li>Sem lactose<\/li>\n<li>Sem OGM<\/li>\n<li>Produzido de acordo com rigorosos padr\u00f5es de qualidade da UE<\/li>\n<\/ul>\n","protected":false},"excerpt":{"rendered":"<p>A &#8220;vitamina do sol&#8221; \u2192 Vitamina D3 e tamb\u00e9m a \u2192 vitamina K2 formam uma combina\u00e7\u00e3o ideal. A vitamina K ativa as prote\u00ednas necess\u00e1rias ao metabolismo do c\u00e1lcio, que, por sua vez, est\u00e3o envolvidas nos processos metab\u00f3licos com a vitamina D. Vegetariano Sem gl\u00faten Sem lactose Sem OGM Produzido de acordo com rigorosos padr\u00f5es de [&hellip;]<\/p>\n","protected":false},"featured_media":50687,"template":"","meta":{"_acf_changed":false},"product_brand":[10221],"product_cat":[563,537],"product_tag":[],"class_list":{"0":"post-65563","1":"product","2":"type-product","3":"status-publish","4":"has-post-thumbnail","6":"product_brand-vit4ever-pt-pt","7":"product_cat-vitaminas-pt","8":"product_cat-produtos-de-a-z","10":"first","11":"instock","12":"taxable","13":"shipping-taxable","14":"purchasable","15":"product-type-simple"},"acf":[],"_links":{"self":[{"href":"https:\/\/vitalstoffversand.com\/pt-pt\/wp-json\/wp\/v2\/product\/65563","targetHints":{"allow":["GET"]}}],"collection":[{"href":"https:\/\/vitalstoffversand.com\/pt-pt\/wp-json\/wp\/v2\/product"}],"about":[{"href":"https:\/\/vitalstoffversand.com\/pt-pt\/wp-json\/wp\/v2\/types\/product"}],"wp:featuredmedia":[{"embeddable":true,"href":"https:\/\/vitalstoffversand.com\/pt-pt\/wp-json\/wp\/v2\/media\/50687"}],"wp:attachment":[{"href":"https:\/\/vitalstoffversand.com\/pt-pt\/wp-json\/wp\/v2\/media?parent=65563"}],"wp:term":[{"taxonomy":"product_brand","embeddable":true,"href":"https:\/\/vitalstoffversand.com\/pt-pt\/wp-json\/wp\/v2\/product_brand?post=65563"},{"taxonomy":"product_cat","embeddable":true,"href":"https:\/\/vitalstoffversand.com\/pt-pt\/wp-json\/wp\/v2\/product_cat?post=65563"},{"taxonomy":"product_tag","embeddable":true,"href":"https:\/\/vitalstoffversand.com\/pt-pt\/wp-json\/wp\/v2\/product_tag?post=65563"}],"curies":[{"name":"wp","href":"https:\/\/api.w.org\/{rel}","templated":true}]}}