{"id":65542,"date":"2025-09-02T15:08:53","date_gmt":"2025-09-02T13:08:53","guid":{"rendered":"https:\/\/vitalstoffversand.com\/produkt\/vit4ever-oleo-de-prunela-180-capsulas\/"},"modified":"2026-03-21T15:54:03","modified_gmt":"2026-03-21T14:54:03","slug":"vit4ever-oleo-de-prunela-180-capsulas","status":"publish","type":"product","link":"https:\/\/vitalstoffversand.com\/pt-pt\/produto\/vit4ever-oleo-de-prunela-180-capsulas\/","title":{"rendered":"Vit4ever <br>\u00d3leo de prunela &#8211; 180 c\u00e1psulas"},"content":{"rendered":"<p>As c\u00e1psulas de \u00f3leo de prunela-da-noite cont\u00eam 10 % de \u00e1cido gama-linol\u00e9nico (GLA), bem como o \u00e1cido linoleico, um \u00e1cido gordo \u00f3mega-6.<\/p>\n<p>Al\u00e9m disso, cont\u00e9m \u00e1cidos gordos insaturados, v\u00e1rios amino\u00e1cidos, minerais e vitamina E.<\/p>\n<p>O \u00f3leo de onagra pode ter um efeito positivo na pele e \u00e9 frequentemente utilizado na medicina popular para doen\u00e7as de pele e pele seca.<\/p>\n<ul>\n<li>Sem gl\u00faten<\/li>\n<li>Sem lactose<\/li>\n<li>Sem OGM<\/li>\n<li>Produzido de acordo com rigorosos padr\u00f5es de qualidade da UE<\/li>\n<\/ul>\n","protected":false},"excerpt":{"rendered":"<p>As c\u00e1psulas de \u00f3leo de prunela-da-noite cont\u00eam 10 % de \u00e1cido gama-linol\u00e9nico (GLA), bem como o \u00e1cido linoleico, um \u00e1cido gordo \u00f3mega-6. Al\u00e9m disso, cont\u00e9m \u00e1cidos gordos insaturados, v\u00e1rios amino\u00e1cidos, minerais e vitamina E. O \u00f3leo de onagra pode ter um efeito positivo na pele e \u00e9 frequentemente utilizado na medicina popular para doen\u00e7as de [&hellip;]<\/p>\n","protected":false},"featured_media":65537,"template":"","meta":{"_acf_changed":false},"product_brand":[10221],"product_cat":[554,537],"product_tag":[],"class_list":{"0":"post-65542","1":"product","2":"type-product","3":"status-publish","4":"has-post-thumbnail","6":"product_brand-vit4ever-pt-pt","7":"product_cat-acidos-gordos","8":"product_cat-produtos-de-a-z","10":"first","11":"instock","12":"taxable","13":"shipping-taxable","14":"purchasable","15":"product-type-simple"},"acf":[],"_links":{"self":[{"href":"https:\/\/vitalstoffversand.com\/pt-pt\/wp-json\/wp\/v2\/product\/65542","targetHints":{"allow":["GET"]}}],"collection":[{"href":"https:\/\/vitalstoffversand.com\/pt-pt\/wp-json\/wp\/v2\/product"}],"about":[{"href":"https:\/\/vitalstoffversand.com\/pt-pt\/wp-json\/wp\/v2\/types\/product"}],"wp:featuredmedia":[{"embeddable":true,"href":"https:\/\/vitalstoffversand.com\/pt-pt\/wp-json\/wp\/v2\/media\/65537"}],"wp:attachment":[{"href":"https:\/\/vitalstoffversand.com\/pt-pt\/wp-json\/wp\/v2\/media?parent=65542"}],"wp:term":[{"taxonomy":"product_brand","embeddable":true,"href":"https:\/\/vitalstoffversand.com\/pt-pt\/wp-json\/wp\/v2\/product_brand?post=65542"},{"taxonomy":"product_cat","embeddable":true,"href":"https:\/\/vitalstoffversand.com\/pt-pt\/wp-json\/wp\/v2\/product_cat?post=65542"},{"taxonomy":"product_tag","embeddable":true,"href":"https:\/\/vitalstoffversand.com\/pt-pt\/wp-json\/wp\/v2\/product_tag?post=65542"}],"curies":[{"name":"wp","href":"https:\/\/api.w.org\/{rel}","templated":true}]}}