{"id":65505,"date":"2025-09-19T17:21:38","date_gmt":"2025-09-19T15:21:38","guid":{"rendered":"https:\/\/vitalstoffversand.com\/produkt\/gen-oleo-de-peixe-omega-3-300-capsulas\/"},"modified":"2026-03-21T15:53:39","modified_gmt":"2026-03-21T14:53:39","slug":"gen-oleo-de-peixe-omega-3-300-capsulas","status":"publish","type":"product","link":"https:\/\/vitalstoffversand.com\/pt-pt\/produto\/gen-oleo-de-peixe-omega-3-300-capsulas\/","title":{"rendered":"GEN <br>\u00d3leo de peixe \u00f3mega 3 &#8211; 300 c\u00e1psulas"},"content":{"rendered":"<p>Os \u00e1cidos gordos \u00f3mega 3 s\u00e3o essenciais para o nosso organismo e devem ser ingeridos atrav\u00e9s da alimenta\u00e7\u00e3o.<\/p>\n<p>Cada c\u00e1psula de \u00f3leo de peixe com \u00f3mega 3 fornece-te 1000 mg de \u00f3leo de peixe, dos quais 800 mg s\u00e3o \u00f3mega 3 puro. Este valor divide-se em 500 mg de EPA e 250 mg de DHA.<\/p>\n<p>A propor\u00e7\u00e3o de 2:1 entre EPA e DHA corresponde \u00e0 propor\u00e7\u00e3o cientificamente recomendada entre o \u00e1cido eicosapentaen\u00f3ico e o \u00e1cido docosahexaen\u00f3ico.<\/p>\n<p>Devido \u00e0 sua forma de triglic\u00e9ridos, o \u00f3mega 3 apresenta uma elevada biodisponibilidade e \u00e9 absorvido de forma ideal pelo organismo.<\/p>\n<ul>\n<li>Sem gl\u00faten<\/li>\n<li>Sem lactose<\/li>\n<li>Sem OGM<\/li>\n<li>Produzido de acordo com rigorosos padr\u00f5es de qualidade da UE<\/li>\n<\/ul>\n","protected":false},"excerpt":{"rendered":"<p>Os \u00e1cidos gordos \u00f3mega 3 s\u00e3o essenciais para o nosso organismo e devem ser ingeridos atrav\u00e9s da alimenta\u00e7\u00e3o. Cada c\u00e1psula de \u00f3leo de peixe com \u00f3mega 3 fornece-te 1000 mg de \u00f3leo de peixe, dos quais 800 mg s\u00e3o \u00f3mega 3 puro. Este valor divide-se em 500 mg de EPA e 250 mg de DHA. [&hellip;]<\/p>\n","protected":false},"featured_media":48991,"template":"","meta":{"_acf_changed":false},"product_brand":[10200],"product_cat":[554,537],"product_tag":[],"class_list":{"0":"post-65505","1":"product","2":"type-product","3":"status-publish","4":"has-post-thumbnail","6":"product_brand-gen-german-elite-nutrition-pt-pt","7":"product_cat-acidos-gordos","8":"product_cat-produtos-de-a-z","10":"first","11":"instock","12":"taxable","13":"shipping-taxable","14":"purchasable","15":"product-type-simple"},"acf":[],"_links":{"self":[{"href":"https:\/\/vitalstoffversand.com\/pt-pt\/wp-json\/wp\/v2\/product\/65505","targetHints":{"allow":["GET"]}}],"collection":[{"href":"https:\/\/vitalstoffversand.com\/pt-pt\/wp-json\/wp\/v2\/product"}],"about":[{"href":"https:\/\/vitalstoffversand.com\/pt-pt\/wp-json\/wp\/v2\/types\/product"}],"wp:featuredmedia":[{"embeddable":true,"href":"https:\/\/vitalstoffversand.com\/pt-pt\/wp-json\/wp\/v2\/media\/48991"}],"wp:attachment":[{"href":"https:\/\/vitalstoffversand.com\/pt-pt\/wp-json\/wp\/v2\/media?parent=65505"}],"wp:term":[{"taxonomy":"product_brand","embeddable":true,"href":"https:\/\/vitalstoffversand.com\/pt-pt\/wp-json\/wp\/v2\/product_brand?post=65505"},{"taxonomy":"product_cat","embeddable":true,"href":"https:\/\/vitalstoffversand.com\/pt-pt\/wp-json\/wp\/v2\/product_cat?post=65505"},{"taxonomy":"product_tag","embeddable":true,"href":"https:\/\/vitalstoffversand.com\/pt-pt\/wp-json\/wp\/v2\/product_tag?post=65505"}],"curies":[{"name":"wp","href":"https:\/\/api.w.org\/{rel}","templated":true}]}}