{"id":65497,"date":"2026-01-13T18:19:22","date_gmt":"2026-01-13T17:19:22","guid":{"rendered":"https:\/\/vitalstoffversand.com\/produkt\/gen-creapure-monohidrato-de-creatina-500-g\/"},"modified":"2026-03-21T15:52:22","modified_gmt":"2026-03-21T14:52:22","slug":"gen-creapure-monohidrato-de-creatina-500-g","status":"publish","type":"product","link":"https:\/\/vitalstoffversand.com\/pt-pt\/produto\/gen-creapure-monohidrato-de-creatina-500-g\/","title":{"rendered":"GEN <br>Creapure\u00ae &#8211; Monohidrato de creatina &#8211; 500 g"},"content":{"rendered":"<p>Monohidrato de creatina com a qualidade reconhecida e comprovada da Creapure\u00ae.<\/p>\n<p>A mat\u00e9ria-prima de marca Creapure\u00ae \u00e9 produzida na Alemanha e \u00e9 sin\u00f3nimo da mais elevada pureza e qualidade.<\/p>\n<ul>\n<li>Vegano<\/li>\n<li>Sem gl\u00faten<\/li>\n<li>Sem lactose<\/li>\n<li>Sem OGM<\/li>\n<li>Produzido de acordo com rigorosos padr\u00f5es de qualidade da UE<\/li>\n<\/ul>\n<p>&nbsp;<\/p>\n","protected":false},"excerpt":{"rendered":"<p>Monohidrato de creatina com a qualidade reconhecida e comprovada da Creapure\u00ae. A mat\u00e9ria-prima de marca Creapure\u00ae \u00e9 produzida na Alemanha e \u00e9 sin\u00f3nimo da mais elevada pureza e qualidade. Vegano Sem gl\u00faten Sem lactose Sem OGM Produzido de acordo com rigorosos padr\u00f5es de qualidade da UE &nbsp;<\/p>\n","protected":false},"featured_media":65492,"template":"","meta":{"_acf_changed":false},"product_brand":[10200],"product_cat":[537,562],"product_tag":[],"class_list":{"0":"post-65497","1":"product","2":"type-product","3":"status-publish","4":"has-post-thumbnail","6":"product_brand-gen-german-elite-nutrition-pt-pt","7":"product_cat-produtos-de-a-z","8":"product_cat-suplementos-desportivos","10":"first","11":"outofstock","12":"taxable","13":"shipping-taxable","14":"purchasable","15":"product-type-simple"},"acf":[],"_links":{"self":[{"href":"https:\/\/vitalstoffversand.com\/pt-pt\/wp-json\/wp\/v2\/product\/65497","targetHints":{"allow":["GET"]}}],"collection":[{"href":"https:\/\/vitalstoffversand.com\/pt-pt\/wp-json\/wp\/v2\/product"}],"about":[{"href":"https:\/\/vitalstoffversand.com\/pt-pt\/wp-json\/wp\/v2\/types\/product"}],"wp:featuredmedia":[{"embeddable":true,"href":"https:\/\/vitalstoffversand.com\/pt-pt\/wp-json\/wp\/v2\/media\/65492"}],"wp:attachment":[{"href":"https:\/\/vitalstoffversand.com\/pt-pt\/wp-json\/wp\/v2\/media?parent=65497"}],"wp:term":[{"taxonomy":"product_brand","embeddable":true,"href":"https:\/\/vitalstoffversand.com\/pt-pt\/wp-json\/wp\/v2\/product_brand?post=65497"},{"taxonomy":"product_cat","embeddable":true,"href":"https:\/\/vitalstoffversand.com\/pt-pt\/wp-json\/wp\/v2\/product_cat?post=65497"},{"taxonomy":"product_tag","embeddable":true,"href":"https:\/\/vitalstoffversand.com\/pt-pt\/wp-json\/wp\/v2\/product_tag?post=65497"}],"curies":[{"name":"wp","href":"https:\/\/api.w.org\/{rel}","templated":true}]}}