{"id":65421,"date":"2026-01-13T15:08:04","date_gmt":"2026-01-13T14:08:04","guid":{"rendered":"https:\/\/vitalstoffversand.com\/produkt\/gen-immunity-essentials-180-capsulas\/"},"modified":"2026-03-21T15:52:27","modified_gmt":"2026-03-21T14:52:27","slug":"gen-immunity-essentials-180-capsulas","status":"publish","type":"product","link":"https:\/\/vitalstoffversand.com\/pt-pt\/produto\/gen-immunity-essentials-180-capsulas\/","title":{"rendered":"GEN <br>Immunity Essentials &#8211; 180 c\u00e1psulas"},"content":{"rendered":"<p>O Immunity Essentials \u00e9 uma combina\u00e7\u00e3o de 10 ingredientes cuidadosamente selecionados e extratos de alta qualidade, que se complementam de forma sin\u00e9rgica.<\/p>\n<p>Al\u00e9m de vitamina C e zinco, cont\u00e9m tamb\u00e9m vitamina D3 de origem vegetal (RAWD3\u00ae), que contribui para o funcionamento normal do sistema imunit\u00e1rio, bem como extratos de ch\u00e1 verde, equin\u00e1cea, sabugueiro, casca de pinheiro, beta-glucanos e quercetina.<\/p>\n<ul>\n<li>Vegano<\/li>\n<li>Sem gl\u00faten<\/li>\n<li>Sem lactose<\/li>\n<li>Sem OGM<\/li>\n<li>Produzido de acordo com rigorosos padr\u00f5es de qualidade da UE<\/li>\n<\/ul>\n","protected":false},"excerpt":{"rendered":"<p>O Immunity Essentials \u00e9 uma combina\u00e7\u00e3o de 10 ingredientes cuidadosamente selecionados e extratos de alta qualidade, que se complementam de forma sin\u00e9rgica. Al\u00e9m de vitamina C e zinco, cont\u00e9m tamb\u00e9m vitamina D3 de origem vegetal (RAWD3\u00ae), que contribui para o funcionamento normal do sistema imunit\u00e1rio, bem como extratos de ch\u00e1 verde, equin\u00e1cea, sabugueiro, casca de [&hellip;]<\/p>\n","protected":false},"featured_media":65418,"template":"","meta":{"_acf_changed":false},"product_brand":[10200],"product_cat":[559,537],"product_tag":[],"class_list":{"0":"post-65421","1":"product","2":"type-product","3":"status-publish","4":"has-post-thumbnail","6":"product_brand-gen-german-elite-nutrition-pt-pt","7":"product_cat-nutrientes","8":"product_cat-produtos-de-a-z","10":"first","11":"instock","12":"taxable","13":"shipping-taxable","14":"purchasable","15":"product-type-simple"},"acf":[],"_links":{"self":[{"href":"https:\/\/vitalstoffversand.com\/pt-pt\/wp-json\/wp\/v2\/product\/65421","targetHints":{"allow":["GET"]}}],"collection":[{"href":"https:\/\/vitalstoffversand.com\/pt-pt\/wp-json\/wp\/v2\/product"}],"about":[{"href":"https:\/\/vitalstoffversand.com\/pt-pt\/wp-json\/wp\/v2\/types\/product"}],"wp:featuredmedia":[{"embeddable":true,"href":"https:\/\/vitalstoffversand.com\/pt-pt\/wp-json\/wp\/v2\/media\/65418"}],"wp:attachment":[{"href":"https:\/\/vitalstoffversand.com\/pt-pt\/wp-json\/wp\/v2\/media?parent=65421"}],"wp:term":[{"taxonomy":"product_brand","embeddable":true,"href":"https:\/\/vitalstoffversand.com\/pt-pt\/wp-json\/wp\/v2\/product_brand?post=65421"},{"taxonomy":"product_cat","embeddable":true,"href":"https:\/\/vitalstoffversand.com\/pt-pt\/wp-json\/wp\/v2\/product_cat?post=65421"},{"taxonomy":"product_tag","embeddable":true,"href":"https:\/\/vitalstoffversand.com\/pt-pt\/wp-json\/wp\/v2\/product_tag?post=65421"}],"curies":[{"name":"wp","href":"https:\/\/api.w.org\/{rel}","templated":true}]}}