{"id":65400,"date":"2025-10-01T15:31:28","date_gmt":"2025-10-01T13:31:28","guid":{"rendered":"https:\/\/vitalstoffversand.com\/produkt\/gen-invictus-gda-120-capsulas\/"},"modified":"2026-03-21T15:53:25","modified_gmt":"2026-03-21T14:53:25","slug":"gen-invictus-gda-120-capsulas","status":"publish","type":"product","link":"https:\/\/vitalstoffversand.com\/pt-pt\/produto\/gen-invictus-gda-120-capsulas\/","title":{"rendered":"GEN <br>Invictus GDA &#8211; 120 c\u00e1psulas"},"content":{"rendered":"<p>O GEN Invictus GDA \u00e9 uma edi\u00e7\u00e3o exclusiva desenvolvida em colabora\u00e7\u00e3o com o treinador de atletas profissionais Max Madsen.<\/p>\n<p>Um total de 5 extratos vegetais cuidadosamente selecionados e em doses elevadas, tais como a berberina, o Cinnulin PF\u00ae, o \u00e1cido R-alfa-lip\u00f3ico e a gymnema, formam aqui um eficaz agente de elimina\u00e7\u00e3o de glicose (GDA).<\/p>\n<p>Concebido especialmente para atletas ambiciosos e para um estilo de vida orientado para o fitness.<\/p>\n<ul>\n<li>Vegano<\/li>\n<li>Sem gl\u00faten<\/li>\n<li>Sem lactose<\/li>\n<li>Sem OGM<\/li>\n<li>Produzido de acordo com rigorosos padr\u00f5es de qualidade da UE<\/li>\n<\/ul>\n","protected":false},"excerpt":{"rendered":"<p>O GEN Invictus GDA \u00e9 uma edi\u00e7\u00e3o exclusiva desenvolvida em colabora\u00e7\u00e3o com o treinador de atletas profissionais Max Madsen. Um total de 5 extratos vegetais cuidadosamente selecionados e em doses elevadas, tais como a berberina, o Cinnulin PF\u00ae, o \u00e1cido R-alfa-lip\u00f3ico e a gymnema, formam aqui um eficaz agente de elimina\u00e7\u00e3o de glicose (GDA). Concebido [&hellip;]<\/p>\n","protected":false},"featured_media":60146,"template":"","meta":{"_acf_changed":false},"product_brand":[10200],"product_cat":[559,537],"product_tag":[],"class_list":{"0":"post-65400","1":"product","2":"type-product","3":"status-publish","4":"has-post-thumbnail","6":"product_brand-gen-german-elite-nutrition-pt-pt","7":"product_cat-nutrientes","8":"product_cat-produtos-de-a-z","10":"first","11":"instock","12":"taxable","13":"shipping-taxable","14":"purchasable","15":"product-type-simple"},"acf":[],"_links":{"self":[{"href":"https:\/\/vitalstoffversand.com\/pt-pt\/wp-json\/wp\/v2\/product\/65400","targetHints":{"allow":["GET"]}}],"collection":[{"href":"https:\/\/vitalstoffversand.com\/pt-pt\/wp-json\/wp\/v2\/product"}],"about":[{"href":"https:\/\/vitalstoffversand.com\/pt-pt\/wp-json\/wp\/v2\/types\/product"}],"wp:featuredmedia":[{"embeddable":true,"href":"https:\/\/vitalstoffversand.com\/pt-pt\/wp-json\/wp\/v2\/media\/60146"}],"wp:attachment":[{"href":"https:\/\/vitalstoffversand.com\/pt-pt\/wp-json\/wp\/v2\/media?parent=65400"}],"wp:term":[{"taxonomy":"product_brand","embeddable":true,"href":"https:\/\/vitalstoffversand.com\/pt-pt\/wp-json\/wp\/v2\/product_brand?post=65400"},{"taxonomy":"product_cat","embeddable":true,"href":"https:\/\/vitalstoffversand.com\/pt-pt\/wp-json\/wp\/v2\/product_cat?post=65400"},{"taxonomy":"product_tag","embeddable":true,"href":"https:\/\/vitalstoffversand.com\/pt-pt\/wp-json\/wp\/v2\/product_tag?post=65400"}],"curies":[{"name":"wp","href":"https:\/\/api.w.org\/{rel}","templated":true}]}}