{"id":65390,"date":"2025-09-19T17:26:19","date_gmt":"2025-09-19T15:26:19","guid":{"rendered":"https:\/\/vitalstoffversand.com\/produkt\/gen-gut-control-120-capsulas\/"},"modified":"2026-03-21T15:53:35","modified_gmt":"2026-03-21T14:53:35","slug":"gen-gut-control-120-capsulas","status":"publish","type":"product","link":"https:\/\/vitalstoffversand.com\/pt-pt\/produto\/gen-gut-control-120-capsulas\/","title":{"rendered":"GEN <br>Gut Control &#8211; 120 c\u00e1psulas"},"content":{"rendered":"<p>O Gut Control combina 10 ingredientes selecionados num suplemento que pode ajudar a melhorar a sa\u00fade intestinal e o bem-estar geral.<\/p>\n<p>Este produto garante a mais elevada qualidade e cont\u00e9m algumas mat\u00e9rias-primas patenteadas, tais como Meriva\u00ae Curcumin Indena Phytosome\u00ae e AstraGin\u00ae.<\/p>\n<ul>\n<li>Vegano<\/li>\n<li>Sem gl\u00faten<\/li>\n<li>Sem lactose<\/li>\n<li>Sem OGM<\/li>\n<li>Produzido de acordo com rigorosos padr\u00f5es de qualidade da UE<\/li>\n<\/ul>\n","protected":false},"excerpt":{"rendered":"<p>O Gut Control combina 10 ingredientes selecionados num suplemento que pode ajudar a melhorar a sa\u00fade intestinal e o bem-estar geral. Este produto garante a mais elevada qualidade e cont\u00e9m algumas mat\u00e9rias-primas patenteadas, tais como Meriva\u00ae Curcumin Indena Phytosome\u00ae e AstraGin\u00ae. Vegano Sem gl\u00faten Sem lactose Sem OGM Produzido de acordo com rigorosos padr\u00f5es de [&hellip;]<\/p>\n","protected":false},"featured_media":49087,"template":"","meta":{"_acf_changed":false},"product_brand":[10200],"product_cat":[559,537],"product_tag":[],"class_list":{"0":"post-65390","1":"product","2":"type-product","3":"status-publish","4":"has-post-thumbnail","6":"product_brand-gen-german-elite-nutrition-pt-pt","7":"product_cat-nutrientes","8":"product_cat-produtos-de-a-z","10":"first","11":"instock","12":"taxable","13":"shipping-taxable","14":"purchasable","15":"product-type-simple"},"acf":[],"_links":{"self":[{"href":"https:\/\/vitalstoffversand.com\/pt-pt\/wp-json\/wp\/v2\/product\/65390","targetHints":{"allow":["GET"]}}],"collection":[{"href":"https:\/\/vitalstoffversand.com\/pt-pt\/wp-json\/wp\/v2\/product"}],"about":[{"href":"https:\/\/vitalstoffversand.com\/pt-pt\/wp-json\/wp\/v2\/types\/product"}],"wp:featuredmedia":[{"embeddable":true,"href":"https:\/\/vitalstoffversand.com\/pt-pt\/wp-json\/wp\/v2\/media\/49087"}],"wp:attachment":[{"href":"https:\/\/vitalstoffversand.com\/pt-pt\/wp-json\/wp\/v2\/media?parent=65390"}],"wp:term":[{"taxonomy":"product_brand","embeddable":true,"href":"https:\/\/vitalstoffversand.com\/pt-pt\/wp-json\/wp\/v2\/product_brand?post=65390"},{"taxonomy":"product_cat","embeddable":true,"href":"https:\/\/vitalstoffversand.com\/pt-pt\/wp-json\/wp\/v2\/product_cat?post=65390"},{"taxonomy":"product_tag","embeddable":true,"href":"https:\/\/vitalstoffversand.com\/pt-pt\/wp-json\/wp\/v2\/product_tag?post=65390"}],"curies":[{"name":"wp","href":"https:\/\/api.w.org\/{rel}","templated":true}]}}