{"id":65382,"date":"2025-11-30T12:52:26","date_gmt":"2025-11-30T11:52:26","guid":{"rendered":"https:\/\/vitalstoffversand.com\/produkt\/gen-creatina-ultra-tabs-300-comprimidos\/"},"modified":"2026-03-21T15:52:45","modified_gmt":"2026-03-21T14:52:45","slug":"gen-creatina-ultra-tabs-300-comprimidos","status":"publish","type":"product","link":"https:\/\/vitalstoffversand.com\/pt-pt\/produto\/gen-creatina-ultra-tabs-300-comprimidos\/","title":{"rendered":"GEN <br>Creatina Ultra Tabs &#8211; 300 comprimidos"},"content":{"rendered":"<p><span style=\"color: #0000ff;\"><strong><a href=\"https:\/\/vitalstoffversand.com\/knowledge-base\/creatin-kreatin\/\" target=\"_blank\" rel=\"noopener\">\u2192 O Creatin<\/a><\/strong><\/span> Ultra Caps da GEN fornece-lhe, em 3 comprimidos, exatamente a quantidade de monohidrato de creatina pura que, de acordo com numerosos estudos, \u00e9 considerada eficaz.<\/p>\n<p>Gra\u00e7as ao formato em comprimidos, j\u00e1 n\u00e3o \u00e9 preciso misturar nada, o que torna a tua creatina dispon\u00edvel em qualquer lugar.<\/p>\n<ul>\n<li>Vegano<\/li>\n<li>Sem gl\u00faten<\/li>\n<li>Sem lactose<\/li>\n<li>Sem OGM<\/li>\n<li>Produzido de acordo com rigorosos padr\u00f5es de qualidade da UE<\/li>\n<\/ul>\n","protected":false},"excerpt":{"rendered":"<p>\u2192 O Creatin Ultra Caps da GEN fornece-lhe, em 3 comprimidos, exatamente a quantidade de monohidrato de creatina pura que, de acordo com numerosos estudos, \u00e9 considerada eficaz. Gra\u00e7as ao formato em comprimidos, j\u00e1 n\u00e3o \u00e9 preciso misturar nada, o que torna a tua creatina dispon\u00edvel em qualquer lugar. Vegano Sem gl\u00faten Sem lactose Sem [&hellip;]<\/p>\n","protected":false},"featured_media":65377,"template":"","meta":{"_acf_changed":false},"product_brand":[10200],"product_cat":[562,537],"product_tag":[],"class_list":{"0":"post-65382","1":"product","2":"type-product","3":"status-publish","4":"has-post-thumbnail","6":"product_brand-gen-german-elite-nutrition-pt-pt","7":"product_cat-suplementos-desportivos","8":"product_cat-produtos-de-a-z","10":"first","11":"instock","12":"taxable","13":"shipping-taxable","14":"purchasable","15":"product-type-simple"},"acf":[],"_links":{"self":[{"href":"https:\/\/vitalstoffversand.com\/pt-pt\/wp-json\/wp\/v2\/product\/65382","targetHints":{"allow":["GET"]}}],"collection":[{"href":"https:\/\/vitalstoffversand.com\/pt-pt\/wp-json\/wp\/v2\/product"}],"about":[{"href":"https:\/\/vitalstoffversand.com\/pt-pt\/wp-json\/wp\/v2\/types\/product"}],"wp:featuredmedia":[{"embeddable":true,"href":"https:\/\/vitalstoffversand.com\/pt-pt\/wp-json\/wp\/v2\/media\/65377"}],"wp:attachment":[{"href":"https:\/\/vitalstoffversand.com\/pt-pt\/wp-json\/wp\/v2\/media?parent=65382"}],"wp:term":[{"taxonomy":"product_brand","embeddable":true,"href":"https:\/\/vitalstoffversand.com\/pt-pt\/wp-json\/wp\/v2\/product_brand?post=65382"},{"taxonomy":"product_cat","embeddable":true,"href":"https:\/\/vitalstoffversand.com\/pt-pt\/wp-json\/wp\/v2\/product_cat?post=65382"},{"taxonomy":"product_tag","embeddable":true,"href":"https:\/\/vitalstoffversand.com\/pt-pt\/wp-json\/wp\/v2\/product_tag?post=65382"}],"curies":[{"name":"wp","href":"https:\/\/api.w.org\/{rel}","templated":true}]}}