{"id":65351,"date":"2025-09-19T17:24:00","date_gmt":"2025-09-19T15:24:00","guid":{"rendered":"https:\/\/vitalstoffversand.com\/produkt\/gen-curcuma-liquid-novasol-120-capsulas\/"},"modified":"2026-03-21T15:53:38","modified_gmt":"2026-03-21T14:53:38","slug":"gen-curcuma-liquid-novasol-120-capsulas","status":"publish","type":"product","link":"https:\/\/vitalstoffversand.com\/pt-pt\/produto\/gen-curcuma-liquid-novasol-120-capsulas\/","title":{"rendered":"GEN <br>Curcuma Liquid NovaSol\u00ae &#8211; 120 c\u00e1psulas"},"content":{"rendered":"<p>O GEN Curcumin Liquid baseia-se no sistema patenteado NovaSOL\u00ae, que fornece a curcumina na forma de micelas l\u00edquidas.<\/p>\n<p>Cada c\u00e1psula fornece-te 500 mg de curcumina NovaSOL\u00ae, dos quais 30 mg s\u00e3o curcuminoides na sua forma de maior biodisponibilidade.<\/p>\n<p>Ideal para aplica\u00e7\u00f5es que requerem uma dosagem elevada e de r\u00e1pida biodisponibilidade.<\/p>\n<ul>\n<li>Vegano<\/li>\n<li>Sem gl\u00faten<\/li>\n<li>Sem lactose<\/li>\n<li>Sem OGM<\/li>\n<li>Produzido de acordo com rigorosos padr\u00f5es de qualidade da UE<\/li>\n<\/ul>\n","protected":false},"excerpt":{"rendered":"<p>O GEN Curcumin Liquid baseia-se no sistema patenteado NovaSOL\u00ae, que fornece a curcumina na forma de micelas l\u00edquidas. Cada c\u00e1psula fornece-te 500 mg de curcumina NovaSOL\u00ae, dos quais 30 mg s\u00e3o curcuminoides na sua forma de maior biodisponibilidade. Ideal para aplica\u00e7\u00f5es que requerem uma dosagem elevada e de r\u00e1pida biodisponibilidade. Vegano Sem gl\u00faten Sem lactose [&hellip;]<\/p>\n","protected":false},"featured_media":49039,"template":"","meta":{"_acf_changed":false},"product_brand":[10200],"product_cat":[559,537],"product_tag":[],"class_list":{"0":"post-65351","1":"product","2":"type-product","3":"status-publish","4":"has-post-thumbnail","6":"product_brand-gen-german-elite-nutrition-pt-pt","7":"product_cat-nutrientes","8":"product_cat-produtos-de-a-z","10":"first","11":"instock","12":"taxable","13":"shipping-taxable","14":"purchasable","15":"product-type-simple"},"acf":[],"_links":{"self":[{"href":"https:\/\/vitalstoffversand.com\/pt-pt\/wp-json\/wp\/v2\/product\/65351","targetHints":{"allow":["GET"]}}],"collection":[{"href":"https:\/\/vitalstoffversand.com\/pt-pt\/wp-json\/wp\/v2\/product"}],"about":[{"href":"https:\/\/vitalstoffversand.com\/pt-pt\/wp-json\/wp\/v2\/types\/product"}],"wp:featuredmedia":[{"embeddable":true,"href":"https:\/\/vitalstoffversand.com\/pt-pt\/wp-json\/wp\/v2\/media\/49039"}],"wp:attachment":[{"href":"https:\/\/vitalstoffversand.com\/pt-pt\/wp-json\/wp\/v2\/media?parent=65351"}],"wp:term":[{"taxonomy":"product_brand","embeddable":true,"href":"https:\/\/vitalstoffversand.com\/pt-pt\/wp-json\/wp\/v2\/product_brand?post=65351"},{"taxonomy":"product_cat","embeddable":true,"href":"https:\/\/vitalstoffversand.com\/pt-pt\/wp-json\/wp\/v2\/product_cat?post=65351"},{"taxonomy":"product_tag","embeddable":true,"href":"https:\/\/vitalstoffversand.com\/pt-pt\/wp-json\/wp\/v2\/product_tag?post=65351"}],"curies":[{"name":"wp","href":"https:\/\/api.w.org\/{rel}","templated":true}]}}