{"id":65339,"date":"2025-09-19T17:16:38","date_gmt":"2025-09-19T15:16:38","guid":{"rendered":"https:\/\/vitalstoffversand.com\/produkt\/gen-l-taurina-ultra-caps-365-capsulas\/"},"modified":"2026-03-21T15:53:43","modified_gmt":"2026-03-21T14:53:43","slug":"gen-l-taurina-ultra-caps-365-capsulas","status":"publish","type":"product","link":"https:\/\/vitalstoffversand.com\/pt-pt\/produto\/gen-l-taurina-ultra-caps-365-capsulas\/","title":{"rendered":"GEN <br>L-Taurina Ultra Caps &#8211; 365 c\u00e1psulas"},"content":{"rendered":"<p>O amino\u00e1cido sulf\u00f3nico L-taurina \u00e9, h\u00e1 anos, um componente essencial de suplementos energ\u00e9ticos e bebidas energ\u00e9ticas, estando aqui dispon\u00edvel na sua forma pura.<\/p>\n<p>As c\u00e1psulas s\u00e3o f\u00e1ceis de transportar e ideais para quem pretende tomar o produto pouco antes do treino.<\/p>\n<ul>\n<li>Sem gl\u00faten<\/li>\n<li>Sem lactose<\/li>\n<li>Sem OGM<\/li>\n<li>Produzido de acordo com rigorosos padr\u00f5es de qualidade da UE<\/li>\n<\/ul>\n","protected":false},"excerpt":{"rendered":"<p>O amino\u00e1cido sulf\u00f3nico L-taurina \u00e9, h\u00e1 anos, um componente essencial de suplementos energ\u00e9ticos e bebidas energ\u00e9ticas, estando aqui dispon\u00edvel na sua forma pura. As c\u00e1psulas s\u00e3o f\u00e1ceis de transportar e ideais para quem pretende tomar o produto pouco antes do treino. Sem gl\u00faten Sem lactose Sem OGM Produzido de acordo com rigorosos padr\u00f5es de qualidade [&hellip;]<\/p>\n","protected":false},"featured_media":48911,"template":"","meta":{"_acf_changed":false},"product_brand":[10200],"product_cat":[562,537],"product_tag":[],"class_list":{"0":"post-65339","1":"product","2":"type-product","3":"status-publish","4":"has-post-thumbnail","6":"product_brand-gen-german-elite-nutrition-pt-pt","7":"product_cat-suplementos-desportivos","8":"product_cat-produtos-de-a-z","10":"first","11":"instock","12":"taxable","13":"shipping-taxable","14":"purchasable","15":"product-type-simple"},"acf":[],"_links":{"self":[{"href":"https:\/\/vitalstoffversand.com\/pt-pt\/wp-json\/wp\/v2\/product\/65339","targetHints":{"allow":["GET"]}}],"collection":[{"href":"https:\/\/vitalstoffversand.com\/pt-pt\/wp-json\/wp\/v2\/product"}],"about":[{"href":"https:\/\/vitalstoffversand.com\/pt-pt\/wp-json\/wp\/v2\/types\/product"}],"wp:featuredmedia":[{"embeddable":true,"href":"https:\/\/vitalstoffversand.com\/pt-pt\/wp-json\/wp\/v2\/media\/48911"}],"wp:attachment":[{"href":"https:\/\/vitalstoffversand.com\/pt-pt\/wp-json\/wp\/v2\/media?parent=65339"}],"wp:term":[{"taxonomy":"product_brand","embeddable":true,"href":"https:\/\/vitalstoffversand.com\/pt-pt\/wp-json\/wp\/v2\/product_brand?post=65339"},{"taxonomy":"product_cat","embeddable":true,"href":"https:\/\/vitalstoffversand.com\/pt-pt\/wp-json\/wp\/v2\/product_cat?post=65339"},{"taxonomy":"product_tag","embeddable":true,"href":"https:\/\/vitalstoffversand.com\/pt-pt\/wp-json\/wp\/v2\/product_tag?post=65339"}],"curies":[{"name":"wp","href":"https:\/\/api.w.org\/{rel}","templated":true}]}}