{"id":65330,"date":"2025-09-19T16:33:24","date_gmt":"2025-09-19T14:33:24","guid":{"rendered":"https:\/\/vitalstoffversand.com\/produkt\/gen-aakg-ultra-caps-365-capsulas\/"},"modified":"2026-03-21T15:53:48","modified_gmt":"2026-03-21T14:53:48","slug":"gen-aakg-ultra-caps-365-capsulas","status":"publish","type":"product","link":"https:\/\/vitalstoffversand.com\/pt-pt\/produto\/gen-aakg-ultra-caps-365-capsulas\/","title":{"rendered":"GEN <br>AAKG Ultra Caps &#8211; 365 c\u00e1psulas"},"content":{"rendered":"<p>Alfa-cetoglutarato de arginina numa propor\u00e7\u00e3o ideal de 2:1.<\/p>\n<p>As c\u00e1psulas de alta dosagem s\u00e3o f\u00e1ceis de engolir e s\u00e3o perfeitas para levar consigo e para tomar antes do treino.<\/p>\n<ul>\n<li>Sem gl\u00faten<\/li>\n<li>Sem lactose<\/li>\n<li>Sem OGM<\/li>\n<li>Produzido de acordo com rigorosos padr\u00f5es de qualidade da UE<\/li>\n<\/ul>\n","protected":false},"excerpt":{"rendered":"<p>Alfa-cetoglutarato de arginina numa propor\u00e7\u00e3o ideal de 2:1. As c\u00e1psulas de alta dosagem s\u00e3o f\u00e1ceis de engolir e s\u00e3o perfeitas para levar consigo e para tomar antes do treino. Sem gl\u00faten Sem lactose Sem OGM Produzido de acordo com rigorosos padr\u00f5es de qualidade da UE<\/p>\n","protected":false},"featured_media":48903,"template":"","meta":{"_acf_changed":false},"product_brand":[10200],"product_cat":[551,537],"product_tag":[],"class_list":{"0":"post-65330","1":"product","2":"type-product","3":"status-publish","4":"has-post-thumbnail","6":"product_brand-gen-german-elite-nutrition-pt-pt","7":"product_cat-aminoacidos-pt","8":"product_cat-produtos-de-a-z","10":"first","11":"instock","12":"taxable","13":"shipping-taxable","14":"purchasable","15":"product-type-simple"},"acf":[],"_links":{"self":[{"href":"https:\/\/vitalstoffversand.com\/pt-pt\/wp-json\/wp\/v2\/product\/65330","targetHints":{"allow":["GET"]}}],"collection":[{"href":"https:\/\/vitalstoffversand.com\/pt-pt\/wp-json\/wp\/v2\/product"}],"about":[{"href":"https:\/\/vitalstoffversand.com\/pt-pt\/wp-json\/wp\/v2\/types\/product"}],"wp:featuredmedia":[{"embeddable":true,"href":"https:\/\/vitalstoffversand.com\/pt-pt\/wp-json\/wp\/v2\/media\/48903"}],"wp:attachment":[{"href":"https:\/\/vitalstoffversand.com\/pt-pt\/wp-json\/wp\/v2\/media?parent=65330"}],"wp:term":[{"taxonomy":"product_brand","embeddable":true,"href":"https:\/\/vitalstoffversand.com\/pt-pt\/wp-json\/wp\/v2\/product_brand?post=65330"},{"taxonomy":"product_cat","embeddable":true,"href":"https:\/\/vitalstoffversand.com\/pt-pt\/wp-json\/wp\/v2\/product_cat?post=65330"},{"taxonomy":"product_tag","embeddable":true,"href":"https:\/\/vitalstoffversand.com\/pt-pt\/wp-json\/wp\/v2\/product_tag?post=65330"}],"curies":[{"name":"wp","href":"https:\/\/api.w.org\/{rel}","templated":true}]}}