{"id":65327,"date":"2025-09-19T16:30:24","date_gmt":"2025-09-19T14:30:24","guid":{"rendered":"https:\/\/vitalstoffversand.com\/produkt\/gen-focus-caps-mental-performance-blend-120-capsulas\/"},"modified":"2026-03-21T15:53:50","modified_gmt":"2026-03-21T14:53:50","slug":"gen-focus-caps-mental-performance-blend-120-capsulas","status":"publish","type":"product","link":"https:\/\/vitalstoffversand.com\/pt-pt\/produto\/gen-focus-caps-mental-performance-blend-120-capsulas\/","title":{"rendered":"GEN <br>Focus Caps Mental Performance Blend &#8211; 120 c\u00e1psulas"},"content":{"rendered":"<p>GEN Focus Caps combina extratos vegetais funcionais com L-teanina, D-glucoronolactona e cafe\u00edna numa f\u00f3rmula concebida para todos aqueles que desejam manter a lucidez, a concentra\u00e7\u00e3o e o desempenho mesmo sob press\u00e3o.<\/p>\n<ul>\n<li>Vegano<\/li>\n<li>Sem gl\u00faten<\/li>\n<li>Sem lactose<\/li>\n<li>Sem OGM<\/li>\n<li>Produzido de acordo com rigorosos padr\u00f5es de qualidade da UE<\/li>\n<\/ul>\n","protected":false},"excerpt":{"rendered":"<p>GEN Focus Caps combina extratos vegetais funcionais com L-teanina, D-glucoronolactona e cafe\u00edna numa f\u00f3rmula concebida para todos aqueles que desejam manter a lucidez, a concentra\u00e7\u00e3o e o desempenho mesmo sob press\u00e3o. Vegano Sem gl\u00faten Sem lactose Sem OGM Produzido de acordo com rigorosos padr\u00f5es de qualidade da UE<\/p>\n","protected":false},"featured_media":48863,"template":"","meta":{"_acf_changed":false},"product_brand":[10200],"product_cat":[559,537],"product_tag":[],"class_list":{"0":"post-65327","1":"product","2":"type-product","3":"status-publish","4":"has-post-thumbnail","6":"product_brand-gen-german-elite-nutrition-pt-pt","7":"product_cat-nutrientes","8":"product_cat-produtos-de-a-z","10":"first","11":"instock","12":"taxable","13":"shipping-taxable","14":"purchasable","15":"product-type-simple"},"acf":[],"_links":{"self":[{"href":"https:\/\/vitalstoffversand.com\/pt-pt\/wp-json\/wp\/v2\/product\/65327","targetHints":{"allow":["GET"]}}],"collection":[{"href":"https:\/\/vitalstoffversand.com\/pt-pt\/wp-json\/wp\/v2\/product"}],"about":[{"href":"https:\/\/vitalstoffversand.com\/pt-pt\/wp-json\/wp\/v2\/types\/product"}],"wp:featuredmedia":[{"embeddable":true,"href":"https:\/\/vitalstoffversand.com\/pt-pt\/wp-json\/wp\/v2\/media\/48863"}],"wp:attachment":[{"href":"https:\/\/vitalstoffversand.com\/pt-pt\/wp-json\/wp\/v2\/media?parent=65327"}],"wp:term":[{"taxonomy":"product_brand","embeddable":true,"href":"https:\/\/vitalstoffversand.com\/pt-pt\/wp-json\/wp\/v2\/product_brand?post=65327"},{"taxonomy":"product_cat","embeddable":true,"href":"https:\/\/vitalstoffversand.com\/pt-pt\/wp-json\/wp\/v2\/product_cat?post=65327"},{"taxonomy":"product_tag","embeddable":true,"href":"https:\/\/vitalstoffversand.com\/pt-pt\/wp-json\/wp\/v2\/product_tag?post=65327"}],"curies":[{"name":"wp","href":"https:\/\/api.w.org\/{rel}","templated":true}]}}