{"id":65317,"date":"2025-09-19T15:58:56","date_gmt":"2025-09-19T13:58:56","guid":{"rendered":"https:\/\/vitalstoffversand.com\/produkt\/gen-focus-to-the-limit-240-g-varios-sabores\/"},"modified":"2026-03-13T14:06:42","modified_gmt":"2026-03-13T13:06:42","slug":"gen-focus-to-the-limit-240-g-varios-sabores","status":"publish","type":"product","link":"https:\/\/vitalstoffversand.com\/pt-pt\/produto\/gen-focus-to-the-limit-240-g-varios-sabores\/","title":{"rendered":"GEN <br>Focus to the Limit &#8211; 240 g &#8211; diferentes sabores"},"content":{"rendered":"<p>Com cafe\u00edna, ginseng, rodiola rosea, ginkgo, L-tirosina e taurina, o Focus to the Limit fornece exatamente o que precisas para a tua concentra\u00e7\u00e3o mental.<\/p>\n<p>Al\u00e9m disso, cont\u00e9m vitaminas B1, B3, B6, B12 e \u00e1cido f\u00f3lico.<\/p>\n<p>Os ingredientes atuam aqui mais como um est\u00edmulo suave do que como um potenciador potente.<\/p>\n<ul>\n<li>Vegano<\/li>\n<li>Sem gl\u00faten<\/li>\n<li>Sem lactose<\/li>\n<li>Sem OGM<\/li>\n<li>Produzido de acordo com rigorosos padr\u00f5es de qualidade da UE<\/li>\n<\/ul>\n","protected":false},"excerpt":{"rendered":"<p>Com cafe\u00edna, ginseng, rodiola rosea, ginkgo, L-tirosina e taurina, o Focus to the Limit fornece exatamente o que precisas para a tua concentra\u00e7\u00e3o mental. Al\u00e9m disso, cont\u00e9m vitaminas B1, B3, B6, B12 e \u00e1cido f\u00f3lico. Os ingredientes atuam aqui mais como um est\u00edmulo suave do que como um potenciador potente. Vegano Sem gl\u00faten Sem lactose [&hellip;]<\/p>\n","protected":false},"featured_media":48815,"template":"","meta":{"_acf_changed":false},"product_brand":[10200],"product_cat":[562,537],"product_tag":[],"class_list":{"0":"post-65317","1":"product","2":"type-product","3":"status-publish","4":"has-post-thumbnail","6":"product_brand-gen-german-elite-nutrition-pt-pt","7":"product_cat-suplementos-desportivos","8":"product_cat-produtos-de-a-z","10":"first","11":"instock","12":"taxable","13":"shipping-taxable","14":"purchasable","15":"product-type-variable"},"acf":[],"_links":{"self":[{"href":"https:\/\/vitalstoffversand.com\/pt-pt\/wp-json\/wp\/v2\/product\/65317","targetHints":{"allow":["GET"]}}],"collection":[{"href":"https:\/\/vitalstoffversand.com\/pt-pt\/wp-json\/wp\/v2\/product"}],"about":[{"href":"https:\/\/vitalstoffversand.com\/pt-pt\/wp-json\/wp\/v2\/types\/product"}],"wp:featuredmedia":[{"embeddable":true,"href":"https:\/\/vitalstoffversand.com\/pt-pt\/wp-json\/wp\/v2\/media\/48815"}],"wp:attachment":[{"href":"https:\/\/vitalstoffversand.com\/pt-pt\/wp-json\/wp\/v2\/media?parent=65317"}],"wp:term":[{"taxonomy":"product_brand","embeddable":true,"href":"https:\/\/vitalstoffversand.com\/pt-pt\/wp-json\/wp\/v2\/product_brand?post=65317"},{"taxonomy":"product_cat","embeddable":true,"href":"https:\/\/vitalstoffversand.com\/pt-pt\/wp-json\/wp\/v2\/product_cat?post=65317"},{"taxonomy":"product_tag","embeddable":true,"href":"https:\/\/vitalstoffversand.com\/pt-pt\/wp-json\/wp\/v2\/product_tag?post=65317"}],"curies":[{"name":"wp","href":"https:\/\/api.w.org\/{rel}","templated":true}]}}